{"id":83859,"date":"2026-02-01T12:02:06","date_gmt":"2026-02-01T12:02:06","guid":{"rendered":"https:\/\/modesthanim.com\/product\/flare-fit-ispanyol-paca-soft-touch-premium-sporcu-pantolon\/"},"modified":"2026-04-15T20:31:00","modified_gmt":"2026-04-15T20:31:00","slug":"flare-fit-ispanyol-paca-soft-touch-premium-sporcu-pantolon","status":"publish","type":"product","link":"https:\/\/mod.wisdar.net\/tr\/urun\/flare-fit-ispanyol-paca-soft-touch-premium-sporcu-pantolon\/","title":{"rendered":"Flare Fit \u0130spanyol Pa\u00e7a Soft Touch Premium Sporcu Pantolon"},"content":{"rendered":"<p>Flare Fit ispanyol pa\u00e7a sporcu pantolon, soft touch kuma\u015f\u0131yla yumu\u015fak dokunu\u015f ve \u00fcst\u00fcn konfor sa\u011flar. Modern kesimiyle \u015f\u0131k ve rahat bir g\u00f6r\u00fcn\u00fcm sunar, g\u00fcnl\u00fck spor ve rahat kullan\u0131ma uygundur.<\/p>\n<p>\u2014 Teknik Detaylar \u2014<br \/>\nModel \u00d6l\u00e7\u00fcleri: M Beden \u2013 1,79cm \u2013 90\/61\/90<br \/>\nNumune Bedeni: M<br \/>\nMarka: Defacto<br \/>\nMen\u015fei: CN<br \/>\n\u00dcr\u00fcn Grubu: Kad\u0131n E\u015fofman Alt\u0131<br \/>\n\u00dcr\u00fcn Boyu: Bilek Boy<br \/>\nYa\u015fam Tarz\u0131: Sporcu<br \/>\nPa\u00e7a Detay\u0131: \u0130spanyol Pa\u00e7a<br \/>\nKullan\u0131m Alan\u0131: Antrenman<br \/>\nKal\u0131p: Flare Fit<br \/>\nRenk: Antrasit \/ A\u00e7\u0131k Antrasit<br \/>\n\u00dcr\u00fcn Uzunluk \u00d6l\u00e7\u00fcleri: \u0130\u00e7 Boy: XS-79 cm, \u0130\u00e7 Boy: S-79 cm, \u0130\u00e7 Boy: M-79 cm, \u0130\u00e7 Boy: L-79 cm, \u0130\u00e7 Boy: XL-79 cm<\/p>\n","protected":false},"excerpt":{"rendered":"<p>Flare Fit ispanyol pa\u00e7a sporcu pantolon, soft touch kuma\u015f\u0131yla yumu\u015fak dokunu\u015f ve \u00fcst\u00fcn konfor sa\u011flar. Modern kesimiyle \u015f\u0131k ve rahat bir g\u00f6r\u00fcn\u00fcm sunar, g\u00fcnl\u00fck spor ve rahat kullan\u0131ma uygundur. \u2014 Teknik Detaylar \u2014 Model \u00d6l\u00e7\u00fcleri: M Beden \u2013 1,79cm \u2013 90\/61\/90 Numune Bedeni: M Marka: Defacto Men\u015fei: CN \u00dcr\u00fcn Grubu: Kad\u0131n E\u015fofman Alt\u0131 \u00dcr\u00fcn Boyu: [&hellip;]<\/p>\n","protected":false},"featured_media":83830,"comment_status":"open","ping_status":"closed","template":"","meta":[],"product_brand":[],"product_cat":[6954,6948],"product_tag":[],"class_list":{"0":"post-83859","1":"product","2":"type-product","3":"status-publish","4":"has-post-thumbnail","6":"product_cat-alt-vucut-alt-giyim","7":"product_cat-spor-giyim","8":"pa_brand-defacto","9":"pa_color-light-anthracite","10":"pa_size-l","11":"pa_size-m","12":"pa_size-s","13":"pa_size-xl","14":"pa_size-xs","16":"first","17":"outofstock","18":"shipping-taxable","19":"product-type-variable"},"_links":{"self":[{"href":"https:\/\/mod.wisdar.net\/tr\/wp-json\/wp\/v2\/product\/83859","targetHints":{"allow":["GET"]}}],"collection":[{"href":"https:\/\/mod.wisdar.net\/tr\/wp-json\/wp\/v2\/product"}],"about":[{"href":"https:\/\/mod.wisdar.net\/tr\/wp-json\/wp\/v2\/types\/product"}],"replies":[{"embeddable":true,"href":"https:\/\/mod.wisdar.net\/tr\/wp-json\/wp\/v2\/comments?post=83859"}],"wp:featuredmedia":[{"embeddable":true,"href":"https:\/\/mod.wisdar.net\/tr\/wp-json\/wp\/v2\/media\/83830"}],"wp:attachment":[{"href":"https:\/\/mod.wisdar.net\/tr\/wp-json\/wp\/v2\/media?parent=83859"}],"wp:term":[{"taxonomy":"product_brand","embeddable":true,"href":"https:\/\/mod.wisdar.net\/tr\/wp-json\/wp\/v2\/product_brand?post=83859"},{"taxonomy":"product_cat","embeddable":true,"href":"https:\/\/mod.wisdar.net\/tr\/wp-json\/wp\/v2\/product_cat?post=83859"},{"taxonomy":"product_tag","embeddable":true,"href":"https:\/\/mod.wisdar.net\/tr\/wp-json\/wp\/v2\/product_tag?post=83859"}],"curies":[{"name":"wp","href":"https:\/\/api.w.org\/{rel}","templated":true}]}}