{"id":83881,"date":"2026-02-01T12:02:11","date_gmt":"2026-02-01T12:02:11","guid":{"rendered":"https:\/\/modesthanim.com\/product\/wide-leg-genis-paca-standart-boy-modal-soft-touch-pantolon-2\/"},"modified":"2026-04-15T20:31:46","modified_gmt":"2026-04-15T20:31:46","slug":"wide-leg-genis-paca-standart-boy-modal-soft-touch-pantolon-2","status":"publish","type":"product","link":"https:\/\/mod.wisdar.net\/tr\/urun\/wide-leg-genis-paca-standart-boy-modal-soft-touch-pantolon-2\/","title":{"rendered":"Wide Leg Geni\u015f Pa\u00e7a Standart Boy Modal Soft Touch Pantolon"},"content":{"rendered":"<p>Yumu\u015fak ve esnek modal kuma\u015f\u0131yla \u00f6ne \u00e7\u0131kan wide leg geni\u015f pa\u00e7a standart boy pantolon, rahat kesimi ve modern tasar\u0131m\u0131yla g\u00fcnl\u00fck kombinlerde \u015f\u0131kl\u0131k ve konfor sunar.<\/p>\n<p>\u2014 Teknik Detaylar \u2014<br \/>\nKullan\u0131m Alan\u0131: G\u00fcnl\u00fck Giyim<br \/>\nPa\u00e7a Detay: Geni\u015f Pa\u00e7a<br \/>\nKuma\u015f: Modal<br \/>\nYa\u015fam Tarz\u0131: Sporcu<br \/>\nKal\u0131p: Wide Leg<br \/>\nModel \u00d6l\u00e7\u00fcleri: S Beden \u2013 1,79cm \u2013 92\/72\/93<br \/>\nNumune Bedeni: S<br \/>\nMarka: Defacto<br \/>\nMen\u015fei: EG<br \/>\n\u00dcr\u00fcn Grubu: Kad\u0131n E\u015fofman Alt\u0131<\/p>\n","protected":false},"excerpt":{"rendered":"<p>Yumu\u015fak ve esnek modal kuma\u015f\u0131yla \u00f6ne \u00e7\u0131kan wide leg geni\u015f pa\u00e7a standart boy pantolon, rahat kesimi ve modern tasar\u0131m\u0131yla g\u00fcnl\u00fck kombinlerde \u015f\u0131kl\u0131k ve konfor sunar. \u2014 Teknik Detaylar \u2014 Kullan\u0131m Alan\u0131: G\u00fcnl\u00fck Giyim Pa\u00e7a Detay: Geni\u015f Pa\u00e7a Kuma\u015f: Modal Ya\u015fam Tarz\u0131: Sporcu Kal\u0131p: Wide Leg Model \u00d6l\u00e7\u00fcleri: S Beden \u2013 1,79cm \u2013 92\/72\/93 Numune Bedeni: [&hellip;]<\/p>\n","protected":false},"featured_media":83864,"comment_status":"open","ping_status":"closed","template":"","meta":[],"product_brand":[],"product_cat":[6954,6948],"product_tag":[7348,6761,7377,7379,7376,7378],"class_list":{"0":"post-83881","1":"product","2":"type-product","3":"status-publish","4":"has-post-thumbnail","6":"product_cat-alt-vucut-alt-giyim","7":"product_cat-spor-giyim","8":"product_tag-athletic","9":"product_tag-bol-paca","10":"product_tag-genis-paca","11":"product_tag-gulkurusu","12":"product_tag-modal","13":"product_tag-ultra-soft","14":"pa_brand-defacto","15":"pa_color-gulkurusu","16":"pa_size-l","17":"pa_size-m","18":"pa_size-s","19":"pa_size-xl","20":"pa_size-xs","22":"first","23":"outofstock","24":"shipping-taxable","25":"product-type-variable"},"_links":{"self":[{"href":"https:\/\/mod.wisdar.net\/tr\/wp-json\/wp\/v2\/product\/83881","targetHints":{"allow":["GET"]}}],"collection":[{"href":"https:\/\/mod.wisdar.net\/tr\/wp-json\/wp\/v2\/product"}],"about":[{"href":"https:\/\/mod.wisdar.net\/tr\/wp-json\/wp\/v2\/types\/product"}],"replies":[{"embeddable":true,"href":"https:\/\/mod.wisdar.net\/tr\/wp-json\/wp\/v2\/comments?post=83881"}],"wp:featuredmedia":[{"embeddable":true,"href":"https:\/\/mod.wisdar.net\/tr\/wp-json\/wp\/v2\/media\/83864"}],"wp:attachment":[{"href":"https:\/\/mod.wisdar.net\/tr\/wp-json\/wp\/v2\/media?parent=83881"}],"wp:term":[{"taxonomy":"product_brand","embeddable":true,"href":"https:\/\/mod.wisdar.net\/tr\/wp-json\/wp\/v2\/product_brand?post=83881"},{"taxonomy":"product_cat","embeddable":true,"href":"https:\/\/mod.wisdar.net\/tr\/wp-json\/wp\/v2\/product_cat?post=83881"},{"taxonomy":"product_tag","embeddable":true,"href":"https:\/\/mod.wisdar.net\/tr\/wp-json\/wp\/v2\/product_tag?post=83881"}],"curies":[{"name":"wp","href":"https:\/\/api.w.org\/{rel}","templated":true}]}}