{"id":83977,"date":"2026-02-01T12:03:28","date_gmt":"2026-02-01T12:03:28","guid":{"rendered":"https:\/\/modesthanim.com\/product\/wide-leg-genis-paca-cepli-pileli-standart-boy-premium-sporcu-pantolon\/"},"modified":"2026-04-04T11:54:27","modified_gmt":"2026-04-04T11:54:27","slug":"wide-leg-genis-paca-cepli-pileli-standart-boy-premium-sporcu-pantolon","status":"publish","type":"product","link":"https:\/\/mod.wisdar.net\/tr\/urun\/wide-leg-genis-paca-cepli-pileli-standart-boy-premium-sporcu-pantolon\/","title":{"rendered":"Wide Leg Geni\u015f Pa\u00e7a Cepli Pileli Standart Boy Premium Sporcu Pantolon"},"content":{"rendered":"<p>Geni\u015f pa\u00e7a ve pileli tasar\u0131m\u0131yla hareket \u00f6zg\u00fcrl\u00fc\u011f\u00fc sunan bu premium sporcu pantolon, cepli detaylar\u0131yla hem \u015f\u0131k hem kullan\u0131\u015fl\u0131d\u0131r. Standart boy kesimi ve kaliteli kuma\u015f\u0131yla konforlu bir spor deneyimi sa\u011flar.<\/p>\n<p>\u2014 Teknik Detaylar \u2014<br \/>\nModel \u00d6l\u00e7\u00fcleri: M Beden \u2013 1,79cm \u2013 90\/61\/90<br \/>\nNumune Bedeni: M<br \/>\nMarka: Defacto<br \/>\nMen\u015fei: CN<br \/>\n\u00dcr\u00fcn Grubu: Kad\u0131n E\u015fofman Alt\u0131<br \/>\nKal\u0131p: Wide Leg<br \/>\nYa\u015fam Tarz\u0131: Sporcu<br \/>\nKullan\u0131m Alan\u0131: G\u00fcnl\u00fck Giyim<br \/>\nPa\u00e7a Detay: Geni\u015f Pa\u00e7a<br \/>\nRenk: Siyah<br \/>\nCep ve Fermuar Detay\u0131: Cepli<\/p>\n","protected":false},"excerpt":{"rendered":"<p>Geni\u015f pa\u00e7a ve pileli tasar\u0131m\u0131yla hareket \u00f6zg\u00fcrl\u00fc\u011f\u00fc sunan bu premium sporcu pantolon, cepli detaylar\u0131yla hem \u015f\u0131k hem kullan\u0131\u015fl\u0131d\u0131r. Standart boy kesimi ve kaliteli kuma\u015f\u0131yla konforlu bir spor deneyimi sa\u011flar. \u2014 Teknik Detaylar \u2014 Model \u00d6l\u00e7\u00fcleri: M Beden \u2013 1,79cm \u2013 90\/61\/90 Numune Bedeni: M Marka: Defacto Men\u015fei: CN \u00dcr\u00fcn Grubu: Kad\u0131n E\u015fofman Alt\u0131 Kal\u0131p: Wide [&hellip;]<\/p>\n","protected":false},"featured_media":83955,"comment_status":"open","ping_status":"closed","template":"","meta":[],"product_brand":[],"product_cat":[6954,6948],"product_tag":[7396,7398,7401,7399,7400,7397],"class_list":{"0":"post-83977","1":"product","2":"type-product","3":"status-publish","4":"has-post-thumbnail","6":"product_cat-alt-vucut-alt-giyim","7":"product_cat-spor-giyim","8":"product_tag-crop-top","9":"product_tag-defacto-fit","10":"product_tag-sneakers","11":"product_tag-womens-bottoms","12":"product_tag-womens-loungewear","13":"product_tag-womens-sports-t-shirt","14":"pa_brand-defacto","15":"pa_color-siyah","16":"pa_size-l","17":"pa_size-m","18":"pa_size-s","19":"pa_size-xl","20":"pa_size-xs","21":"pa_size-xxl","23":"first","24":"outofstock","25":"shipping-taxable","26":"product-type-variable"},"_links":{"self":[{"href":"https:\/\/mod.wisdar.net\/tr\/wp-json\/wp\/v2\/product\/83977","targetHints":{"allow":["GET"]}}],"collection":[{"href":"https:\/\/mod.wisdar.net\/tr\/wp-json\/wp\/v2\/product"}],"about":[{"href":"https:\/\/mod.wisdar.net\/tr\/wp-json\/wp\/v2\/types\/product"}],"replies":[{"embeddable":true,"href":"https:\/\/mod.wisdar.net\/tr\/wp-json\/wp\/v2\/comments?post=83977"}],"wp:featuredmedia":[{"embeddable":true,"href":"https:\/\/mod.wisdar.net\/tr\/wp-json\/wp\/v2\/media\/83955"}],"wp:attachment":[{"href":"https:\/\/mod.wisdar.net\/tr\/wp-json\/wp\/v2\/media?parent=83977"}],"wp:term":[{"taxonomy":"product_brand","embeddable":true,"href":"https:\/\/mod.wisdar.net\/tr\/wp-json\/wp\/v2\/product_brand?post=83977"},{"taxonomy":"product_cat","embeddable":true,"href":"https:\/\/mod.wisdar.net\/tr\/wp-json\/wp\/v2\/product_cat?post=83977"},{"taxonomy":"product_tag","embeddable":true,"href":"https:\/\/mod.wisdar.net\/tr\/wp-json\/wp\/v2\/product_tag?post=83977"}],"curies":[{"name":"wp","href":"https:\/\/api.w.org\/{rel}","templated":true}]}}