{"id":84137,"date":"2026-02-01T12:06:16","date_gmt":"2026-02-01T12:06:16","guid":{"rendered":"https:\/\/modesthanim.com\/product\/uzun-kollu-cepli-kapusonlu-oversize-sweatshirt\/"},"modified":"2026-04-09T09:51:30","modified_gmt":"2026-04-09T09:51:30","slug":"uzun-kollu-cepli-kapusonlu-oversize-sweatshirt","status":"publish","type":"product","link":"https:\/\/mod.wisdar.net\/tr\/urun\/uzun-kollu-cepli-kapusonlu-oversize-sweatshirt\/","title":{"rendered":"Uzun Kollu Cepli Kap\u00fc\u015fonlu Oversize Sweatshirt"},"content":{"rendered":"<p>Sweatshirt, oversize kesimi ve kap\u00fc\u015fonlu yaka tasar\u0131m\u0131yla rahat bir kullan\u0131m sunuyor. Uzun kol modeli ve kanguru cebine sahip olan sweatshirt, trend \u015f\u0131k bir stil yarat\u0131yor. Kaliteli kuma\u015f yap\u0131s\u0131 sayesinde be\u011feniliyor, spor giyim i\u00e7in ideal se\u00e7enekler aras\u0131nda yer al\u0131yor.<\/p>\n<p>Stil \u00d6nerisi<br \/>\nSweatshirt\u00fc, denim pantolon ve spor ayakkab\u0131larla kombinleyerek rahat bir g\u00fcnl\u00fck stil olu\u015fturabilirsiniz. K\u0131\u015f aylar\u0131nda i\u00e7erisine uzun kollu bir ti\u015f\u00f6rt giyerek ekstra s\u0131cakl\u0131k sa\u011flayabilirsiniz. Ayr\u0131ca s\u0131rt \u00e7antas\u0131 ve beyzbol \u015fapkas\u0131 ile tamamlayarak sportif bir g\u00f6r\u00fcn\u00fcm elde edebilirsiniz.<\/p>\n<p>\u00dcr\u00fcn \u00d6zellikleri<br \/>\nKol Tipi: Uzun Kol<br \/>\nYaka Tipi: Kap\u00fc\u015fonlu Yaka<br \/>\nDetay: Kanguru Cepli<br \/>\nFit: Oversize<br \/>\nKuma\u015f: %66 Pamuk, %34 Polyester<br \/>\nKullan\u0131m Alan\u0131: G\u00fcnl\u00fck Giyim, Spor Giyim<\/p>\n<p>Koton&#8217;un rahat ve \u015f\u0131k sweatshirt modelleriyle her an tarz\u0131n\u0131z\u0131 yans\u0131t\u0131n. Koton kad\u0131n giyim koleksiyonunu \u015fimdi ke\u015ffedin!<\/p>\n<p>\u2014 Technical Details \u2014<br \/>\nKol Tipi: Uzun Kol<br \/>\nYaka Tipi: Kap\u00fc\u015fonlu Yaka<br \/>\nDetay: Kanguru Cepli<br \/>\nFit: Oversize<br \/>\nKuma\u015f: %66 Pamuk, %34 Polyester<br \/>\nKullan\u0131m Alan\u0131: G\u00fcnl\u00fck Giyim, Spor Giyim<\/p>\n","protected":false},"excerpt":{"rendered":"<p>Sweatshirt, oversize kesimi ve kap\u00fc\u015fonlu yaka tasar\u0131m\u0131yla rahat bir kullan\u0131m sunuyor. Uzun kol modeli ve kanguru cebine sahip olan sweatshirt, trend \u015f\u0131k bir stil yarat\u0131yor. Kaliteli kuma\u015f yap\u0131s\u0131 sayesinde be\u011feniliyor, spor giyim i\u00e7in ideal se\u00e7enekler aras\u0131nda yer al\u0131yor. Stil \u00d6nerisi Sweatshirt\u00fc, denim pantolon ve spor ayakkab\u0131larla kombinleyerek rahat bir g\u00fcnl\u00fck stil olu\u015fturabilirsiniz. K\u0131\u015f aylar\u0131nda i\u00e7erisine [&hellip;]<\/p>\n","protected":false},"featured_media":84123,"comment_status":"open","ping_status":"closed","template":"","meta":[],"product_brand":[],"product_cat":[6948,6951],"product_tag":[7444,7424,7445,7443],"class_list":{"0":"post-84137","1":"product","2":"type-product","3":"status-publish","4":"has-post-thumbnail","6":"product_cat-spor-giyim","7":"product_cat-ust-giyim-ustler","8":"product_tag-jarse","9":"product_tag-spor-giyim","10":"product_tag-sweatshirtler","11":"product_tag-trendler","12":"pa_brand-koton","13":"pa_color-haki","14":"pa_size-l","15":"pa_size-m","16":"pa_size-s","17":"pa_size-xl","18":"pa_size-xs","20":"first","21":"instock","22":"shipping-taxable","23":"purchasable","24":"product-type-variable"},"_links":{"self":[{"href":"https:\/\/mod.wisdar.net\/tr\/wp-json\/wp\/v2\/product\/84137","targetHints":{"allow":["GET"]}}],"collection":[{"href":"https:\/\/mod.wisdar.net\/tr\/wp-json\/wp\/v2\/product"}],"about":[{"href":"https:\/\/mod.wisdar.net\/tr\/wp-json\/wp\/v2\/types\/product"}],"replies":[{"embeddable":true,"href":"https:\/\/mod.wisdar.net\/tr\/wp-json\/wp\/v2\/comments?post=84137"}],"wp:featuredmedia":[{"embeddable":true,"href":"https:\/\/mod.wisdar.net\/tr\/wp-json\/wp\/v2\/media\/84123"}],"wp:attachment":[{"href":"https:\/\/mod.wisdar.net\/tr\/wp-json\/wp\/v2\/media?parent=84137"}],"wp:term":[{"taxonomy":"product_brand","embeddable":true,"href":"https:\/\/mod.wisdar.net\/tr\/wp-json\/wp\/v2\/product_brand?post=84137"},{"taxonomy":"product_cat","embeddable":true,"href":"https:\/\/mod.wisdar.net\/tr\/wp-json\/wp\/v2\/product_cat?post=84137"},{"taxonomy":"product_tag","embeddable":true,"href":"https:\/\/mod.wisdar.net\/tr\/wp-json\/wp\/v2\/product_tag?post=84137"}],"curies":[{"name":"wp","href":"https:\/\/api.w.org\/{rel}","templated":true}]}}