{"id":84140,"date":"2026-02-01T12:06:18","date_gmt":"2026-02-01T12:06:18","guid":{"rendered":"https:\/\/modesthanim.com\/product\/slim-fit-dik-yaka-uzun-kollu-fermuarli-spor-sweatshirt\/"},"modified":"2026-04-15T21:36:52","modified_gmt":"2026-04-15T21:36:52","slug":"slim-fit-dik-yaka-uzun-kollu-fermuarli-spor-sweatshirt","status":"publish","type":"product","link":"https:\/\/mod.wisdar.net\/tr\/urun\/slim-fit-dik-yaka-uzun-kollu-fermuarli-spor-sweatshirt\/","title":{"rendered":"Slim Fit Dik Yaka Uzun Kollu Fermuarl\u0131 Spor Sweatshirt"},"content":{"rendered":"<p>Slim fit sweatshirt, spor stilinizi tamamlamak i\u00e7in ideal bir se\u00e7im sunuyor. Tam fermuarl\u0131 ve dik yaka tasar\u0131m\u0131yla hem pratik bir kullan\u0131m sa\u011fl\u0131yor hem de modern bir g\u00f6r\u00fcn\u00fcm olu\u015fturuyor. Uzun kollu yap\u0131s\u0131 sayesinde mevsim ge\u00e7i\u015flerinde rahatl\u0131kla uyum sa\u011fl\u0131yor. Stil \u00d6nerisi Sweatshirt&#8217;\u00fc, spor taytlar veya e\u015fofman altlar\u0131yla kombinleyerek rahat ve \u015f\u0131k bir spor g\u00f6r\u00fcn\u00fcm\u00fc yakalayabilirsiniz. G\u00fcnl\u00fck bir stil i\u00e7in jean pantolonlar ve spor ayakkab\u0131larla tamamlay\u0131n. Ayr\u0131ca, so\u011fuk havalarda kap\u00fc\u015fonlu montlarla kombinleyerek stilinizi tamamlayabilir, s\u0131cak g\u00fcnlerde ise yaln\u0131zca tek ba\u015f\u0131na kullanarak hafif ve ferah bir g\u00f6r\u00fcn\u00fcm elde edebilirsiniz. \u00dcr\u00fcn \u00d6zellikleri Kol Tipi: Uzun Kol Yaka Tipi: Dik Yaka Detay: Fermuarl\u0131 Fit: Slim Fit Kuma\u015f: %85 Polyester, %15 Elastan Kullan\u0131m Alan\u0131: Spor Giyim, G\u00fcnl\u00fck Giyim Koton&#8217;un dikkat \u00e7ekici sweatshirt koleksiyonuyla spor stilinizi ve konforu bir arada ya\u015fay\u0131n. Gard\u0131robunuzun vazge\u00e7ilmez par\u00e7as\u0131 olmaya aday bu modelleri hemen ke\u015ffedin!<\/p>\n","protected":false},"excerpt":{"rendered":"<p>Slim fit sweatshirt, spor stilinizi tamamlamak i\u00e7in ideal bir se\u00e7im sunuyor. Tam fermuarl\u0131 ve dik yaka tasar\u0131m\u0131yla hem pratik bir kullan\u0131m sa\u011fl\u0131yor hem de modern bir g\u00f6r\u00fcn\u00fcm olu\u015fturuyor. Uzun kollu yap\u0131s\u0131 sayesinde mevsim ge\u00e7i\u015flerinde rahatl\u0131kla uyum sa\u011fl\u0131yor. Stil \u00d6nerisi Sweatshirt&#8217;\u00fc, spor taytlar veya e\u015fofman altlar\u0131yla kombinleyerek rahat ve \u015f\u0131k bir spor g\u00f6r\u00fcn\u00fcm\u00fc yakalayabilirsiniz. G\u00fcnl\u00fck bir [&hellip;]<\/p>\n","protected":false},"featured_media":84130,"comment_status":"open","ping_status":"closed","template":"","meta":[],"product_brand":[],"product_cat":[6948,6951],"product_tag":[7446,7350,7309,7448,7447,7449,7310,7450,6768],"class_list":{"0":"post-84140","1":"product","2":"type-product","3":"status-publish","4":"has-post-thumbnail","6":"product_cat-spor-giyim","7":"product_cat-ust-giyim-ustler","8":"product_tag-atletik-giyim","9":"product_tag-balikci-yaka","10":"product_tag-fermuarli","11":"product_tag-gunluk-moda","12":"product_tag-mevsim-gecisi","13":"product_tag-polyester-elastan-karisimi","14":"product_tag-slim-fit","15":"product_tag-spor-sweatshirt-2","16":"product_tag-uzun-kol","17":"pa_brand-koton","18":"pa_color-siyah","19":"pa_size-l","20":"pa_size-m","21":"pa_size-s","22":"pa_size-xl","23":"pa_size-xs","25":"first","26":"outofstock","27":"shipping-taxable","28":"product-type-variable"},"_links":{"self":[{"href":"https:\/\/mod.wisdar.net\/tr\/wp-json\/wp\/v2\/product\/84140","targetHints":{"allow":["GET"]}}],"collection":[{"href":"https:\/\/mod.wisdar.net\/tr\/wp-json\/wp\/v2\/product"}],"about":[{"href":"https:\/\/mod.wisdar.net\/tr\/wp-json\/wp\/v2\/types\/product"}],"replies":[{"embeddable":true,"href":"https:\/\/mod.wisdar.net\/tr\/wp-json\/wp\/v2\/comments?post=84140"}],"wp:featuredmedia":[{"embeddable":true,"href":"https:\/\/mod.wisdar.net\/tr\/wp-json\/wp\/v2\/media\/84130"}],"wp:attachment":[{"href":"https:\/\/mod.wisdar.net\/tr\/wp-json\/wp\/v2\/media?parent=84140"}],"wp:term":[{"taxonomy":"product_brand","embeddable":true,"href":"https:\/\/mod.wisdar.net\/tr\/wp-json\/wp\/v2\/product_brand?post=84140"},{"taxonomy":"product_cat","embeddable":true,"href":"https:\/\/mod.wisdar.net\/tr\/wp-json\/wp\/v2\/product_cat?post=84140"},{"taxonomy":"product_tag","embeddable":true,"href":"https:\/\/mod.wisdar.net\/tr\/wp-json\/wp\/v2\/product_tag?post=84140"}],"curies":[{"name":"wp","href":"https:\/\/api.w.org\/{rel}","templated":true}]}}