{"id":84213,"date":"2026-02-01T12:07:45","date_gmt":"2026-02-01T12:07:45","guid":{"rendered":"https:\/\/modesthanim.com\/product\/fermuarli-uzun-kollu-dik-yaka-slim-fit-spor-sweatshirt\/"},"modified":"2026-03-21T08:01:19","modified_gmt":"2026-03-21T08:01:19","slug":"fermuarli-uzun-kollu-dik-yaka-slim-fit-spor-sweatshirt","status":"publish","type":"product","link":"https:\/\/mod.wisdar.net\/tr\/urun\/fermuarli-uzun-kollu-dik-yaka-slim-fit-spor-sweatshirt\/","title":{"rendered":"Fermuarl\u0131 Uzun Kollu Dik Yaka Slim Fit Spor Sweatshirt"},"content":{"rendered":"<p>Fermuarl\u0131, uzun kollu, slim fit spor sweatshirt, modern ve \u015f\u0131k tasar\u0131m\u0131yla \u00f6ne \u00e7\u0131k\u0131yor. Tam fermuarl\u0131 yap\u0131s\u0131 sayesinde pratik bir kullan\u0131m sunarken, uzun kol detay\u0131yla sportif bir duru\u015f sa\u011fl\u0131yor. \u0130ster spor salonunda ister g\u00fcnl\u00fck aktivitelerde, rahatl\u0131kla tercih edilebiliyor. \u0130nterlok kuma\u015f\u0131, sweatshirt&#8217;\u00fcn hem dayan\u0131kl\u0131 hem de v\u00fccuda oturan bir sil\u00fcet yaratmas\u0131na yard\u0131mc\u0131 oluyor.<\/p>\n<p>Stil \u00d6nerisi<br \/>\nSpor sweatshirt, tayt ya da jogger pantolonlarla m\u00fckemmel bir uyum sa\u011flar. Sneakerlar\u0131n\u0131zla kombinleyerek rahat ve trend bir g\u00f6r\u00fcn\u00fcm elde edebilirsiniz. G\u00fcnl\u00fck ko\u015fular\u0131n\u0131zda ya da hafta sonu y\u00fcr\u00fcy\u00fc\u015flerinizde, konforunuzu \u00f6n planda tutarken stilinizi de yans\u0131tabilirsiniz. Minimal aksesuarlarla tamamlayarak g\u00fcn boyu \u015f\u0131kl\u0131\u011f\u0131 ve rahatl\u0131\u011f\u0131 bir arada ya\u015fayabilirsiniz.<\/p>\n<p>\u00dcr\u00fcn \u00d6zellikleri<br \/>\nKol Tipi: Uzun Kol<br \/>\nYaka Tipi: Fermuarl\u0131<br \/>\nFit: Slim Fit<br \/>\nKuma\u015f: %10 Elastan, %90 Polyester<br \/>\nKullan\u0131m Alan\u0131: Spor Giyim<\/p>\n<p>Koton&#8217;un spor koleksiyonu ile hem \u015f\u0131kl\u0131\u011f\u0131 hem de konforu bir arada ya\u015fay\u0131n. \u015eimdi Koton&#8217;da \u00f6zg\u00fcn tasar\u0131mlar\u0131 ke\u015ffedin!<\/p>\n<p>\u2014 Technical Details \u2014<br \/>\nModel \u00d6l\u00e7\u00fcleri: Boy: 179 \/ Bel: 63 \/ G\u00f6\u011f\u00fcs: 85 \/ Kal\u00e7a: 90<br \/>\nModel Bedeni: Jean: 27\/32 \/ Modelin Bedeni: S<br \/>\nKol Boyu: Uzun Kol<br \/>\nKol Tipi: Balon Kol<br \/>\nYaka Tipi: Fermuarl\u0131<br \/>\nSil\u00fcet: Basic<br \/>\n\u00dcr\u00fcn Tipi\/Stil: Basic<br \/>\nAlt Marka: Trends<\/p>\n","protected":false},"excerpt":{"rendered":"<p>Fermuarl\u0131, uzun kollu, slim fit spor sweatshirt, modern ve \u015f\u0131k tasar\u0131m\u0131yla \u00f6ne \u00e7\u0131k\u0131yor. Tam fermuarl\u0131 yap\u0131s\u0131 sayesinde pratik bir kullan\u0131m sunarken, uzun kol detay\u0131yla sportif bir duru\u015f sa\u011fl\u0131yor. \u0130ster spor salonunda ister g\u00fcnl\u00fck aktivitelerde, rahatl\u0131kla tercih edilebiliyor. \u0130nterlok kuma\u015f\u0131, sweatshirt&#8217;\u00fcn hem dayan\u0131kl\u0131 hem de v\u00fccuda oturan bir sil\u00fcet yaratmas\u0131na yard\u0131mc\u0131 oluyor. Stil \u00d6nerisi Spor sweatshirt, [&hellip;]<\/p>\n","protected":false},"featured_media":84194,"comment_status":"open","ping_status":"closed","template":"","meta":[],"product_brand":[],"product_cat":[6948,6951],"product_tag":[7444,7424,7445,7443],"class_list":{"0":"post-84213","1":"product","2":"type-product","3":"status-publish","4":"has-post-thumbnail","6":"product_cat-spor-giyim","7":"product_cat-ust-giyim-ustler","8":"product_tag-jarse","9":"product_tag-spor-giyim","10":"product_tag-sweatshirtler","11":"product_tag-trendler","12":"pa_brand-koton","13":"pa_color-siyah","14":"pa_size-l","15":"pa_size-m","16":"pa_size-s","17":"pa_size-xl","18":"pa_size-xs","20":"first","21":"outofstock","22":"shipping-taxable","23":"product-type-variable"},"_links":{"self":[{"href":"https:\/\/mod.wisdar.net\/tr\/wp-json\/wp\/v2\/product\/84213","targetHints":{"allow":["GET"]}}],"collection":[{"href":"https:\/\/mod.wisdar.net\/tr\/wp-json\/wp\/v2\/product"}],"about":[{"href":"https:\/\/mod.wisdar.net\/tr\/wp-json\/wp\/v2\/types\/product"}],"replies":[{"embeddable":true,"href":"https:\/\/mod.wisdar.net\/tr\/wp-json\/wp\/v2\/comments?post=84213"}],"wp:featuredmedia":[{"embeddable":true,"href":"https:\/\/mod.wisdar.net\/tr\/wp-json\/wp\/v2\/media\/84194"}],"wp:attachment":[{"href":"https:\/\/mod.wisdar.net\/tr\/wp-json\/wp\/v2\/media?parent=84213"}],"wp:term":[{"taxonomy":"product_brand","embeddable":true,"href":"https:\/\/mod.wisdar.net\/tr\/wp-json\/wp\/v2\/product_brand?post=84213"},{"taxonomy":"product_cat","embeddable":true,"href":"https:\/\/mod.wisdar.net\/tr\/wp-json\/wp\/v2\/product_cat?post=84213"},{"taxonomy":"product_tag","embeddable":true,"href":"https:\/\/mod.wisdar.net\/tr\/wp-json\/wp\/v2\/product_tag?post=84213"}],"curies":[{"name":"wp","href":"https:\/\/api.w.org\/{rel}","templated":true}]}}