{"id":84232,"date":"2026-02-01T12:08:00","date_gmt":"2026-02-01T12:08:00","guid":{"rendered":"https:\/\/modesthanim.com\/product\/fermuarli-kapusonlu-kanguru-cepli-uzun-kollu-sardonlu-oversize-spor-sweatshirt\/"},"modified":"2026-04-15T21:32:51","modified_gmt":"2026-04-15T21:32:51","slug":"fermuarli-kapusonlu-kanguru-cepli-uzun-kollu-sardonlu-oversize-spor-sweatshirt","status":"publish","type":"product","link":"https:\/\/mod.wisdar.net\/tr\/urun\/fermuarli-kapusonlu-kanguru-cepli-uzun-kollu-sardonlu-oversize-spor-sweatshirt\/","title":{"rendered":"Fermuarl\u0131 Kap\u00fc\u015fonlu Kanguru Cepli Uzun Kollu \u015eardonlu Oversize Spor Sweatshirt"},"content":{"rendered":"<p>Oversize spor sweatshirt, g\u00fcnl\u00fck stilin vazge\u00e7ilmez par\u00e7alar\u0131ndan biri olarak \u00f6ne \u00e7\u0131k\u0131yor. Uzun kollu ve kap\u00fc\u015fonlu tasar\u0131m\u0131yla sportif bir \u015f\u0131kl\u0131k sunuyor. Fermuar detaylar\u0131 pratik kullan\u0131m imkan\u0131 sa\u011flarken, oversize kesimi rahat bir giyim deneyimi sunuyor. Yumu\u015fak bir dokuya sahip olan sweatshirt, temel stilinizi tamamlarken g\u00fcndelik kombinlerinizin olmazsa olmaz\u0131 oluyor. Stil \u00d6nerisi Sweatshirt, rahat bir g\u00fcn ge\u00e7irmek isteyenler i\u00e7in ideal. Jean pantolon ve sneakers ile kombinleyerek sokak stilinizi tamamlayabilirsiniz. \u00dczerine hafif bir ceket alarak mevsim ge\u00e7i\u015flerinde de \u015f\u0131kl\u0131\u011f\u0131 yakalayabilirsiniz. \u00c7anta olarak spor bir s\u0131rt \u00e7antas\u0131 tercih ederek hem pratik hem de trend bir g\u00f6r\u00fcn\u00fcm elde edebilirsiniz. \u00dcr\u00fcn \u00d6zellikleri Kol Tipi: Uzun Kol Yaka Tipi: Kap\u00fc\u015fonlu Detay: Fermuarl\u0131, Cep Detayl\u0131 Fit: Oversize Kuma\u015f: %46 Pamuk, %54 Polyester Kullan\u0131m Alan\u0131: G\u00fcnl\u00fck Giyim, Spor Giyim Koton&#8217;un \u015f\u0131k ve kullan\u0131\u015fl\u0131 sweatshirt koleksiyonu ile g\u00fcndelik giyim stilinize kolayca uyum sa\u011flayabilirsiniz. Modern tasar\u0131mlarla dolu koleksiyonumuzu ke\u015ffedin!<\/p>\n","protected":false},"excerpt":{"rendered":"<p>Oversize spor sweatshirt, g\u00fcnl\u00fck stilin vazge\u00e7ilmez par\u00e7alar\u0131ndan biri olarak \u00f6ne \u00e7\u0131k\u0131yor. Uzun kollu ve kap\u00fc\u015fonlu tasar\u0131m\u0131yla sportif bir \u015f\u0131kl\u0131k sunuyor. Fermuar detaylar\u0131 pratik kullan\u0131m imkan\u0131 sa\u011flarken, oversize kesimi rahat bir giyim deneyimi sunuyor. Yumu\u015fak bir dokuya sahip olan sweatshirt, temel stilinizi tamamlarken g\u00fcndelik kombinlerinizin olmazsa olmaz\u0131 oluyor. Stil \u00d6nerisi Sweatshirt, rahat bir g\u00fcn ge\u00e7irmek isteyenler [&hellip;]<\/p>\n","protected":false},"featured_media":84223,"comment_status":"open","ping_status":"closed","template":"","meta":[],"product_brand":[],"product_cat":[6948,6951],"product_tag":[7458,7419,7354,7427,7421,7096,7423,7460,6751,7459,7461,7420,7422,6768],"class_list":{"0":"post-84232","1":"product","2":"type-product","3":"status-publish","4":"has-post-thumbnail","6":"product_cat-spor-giyim","7":"product_cat-ust-giyim-ustler","8":"product_tag-fermuarli-2","9":"product_tag-gunluk","10":"product_tag-gunluk-giyim-2","11":"product_tag-kanguru-cep","12":"product_tag-kapusonlu","13":"product_tag-modern-tasarim","14":"product_tag-oversize-2","15":"product_tag-polar","16":"product_tag-rahat","17":"product_tag-sherpa","18":"product_tag-sokak-stili","19":"product_tag-sportif","20":"product_tag-sweatshirt","21":"product_tag-uzun-kol","22":"pa_brand-koton","23":"pa_color-gri-melanj","24":"pa_size-l","25":"pa_size-m","26":"pa_size-s","27":"pa_size-xl","28":"pa_size-xs","29":"pa_size-xxl","31":"first","32":"outofstock","33":"shipping-taxable","34":"product-type-variable"},"_links":{"self":[{"href":"https:\/\/mod.wisdar.net\/tr\/wp-json\/wp\/v2\/product\/84232","targetHints":{"allow":["GET"]}}],"collection":[{"href":"https:\/\/mod.wisdar.net\/tr\/wp-json\/wp\/v2\/product"}],"about":[{"href":"https:\/\/mod.wisdar.net\/tr\/wp-json\/wp\/v2\/types\/product"}],"replies":[{"embeddable":true,"href":"https:\/\/mod.wisdar.net\/tr\/wp-json\/wp\/v2\/comments?post=84232"}],"wp:featuredmedia":[{"embeddable":true,"href":"https:\/\/mod.wisdar.net\/tr\/wp-json\/wp\/v2\/media\/84223"}],"wp:attachment":[{"href":"https:\/\/mod.wisdar.net\/tr\/wp-json\/wp\/v2\/media?parent=84232"}],"wp:term":[{"taxonomy":"product_brand","embeddable":true,"href":"https:\/\/mod.wisdar.net\/tr\/wp-json\/wp\/v2\/product_brand?post=84232"},{"taxonomy":"product_cat","embeddable":true,"href":"https:\/\/mod.wisdar.net\/tr\/wp-json\/wp\/v2\/product_cat?post=84232"},{"taxonomy":"product_tag","embeddable":true,"href":"https:\/\/mod.wisdar.net\/tr\/wp-json\/wp\/v2\/product_tag?post=84232"}],"curies":[{"name":"wp","href":"https:\/\/api.w.org\/{rel}","templated":true}]}}