{"id":84318,"date":"2026-02-01T12:09:44","date_gmt":"2026-02-01T12:09:44","guid":{"rendered":"https:\/\/modesthanim.com\/product\/sardonlu-kapusonlu-uzun-kollu-kanguru-cepli-oversize-spor-sweatshirt\/"},"modified":"2026-04-15T21:26:19","modified_gmt":"2026-04-15T21:26:19","slug":"sardonlu-kapusonlu-uzun-kollu-kanguru-cepli-oversize-spor-sweatshirt","status":"publish","type":"product","link":"https:\/\/mod.wisdar.net\/tr\/urun\/sardonlu-kapusonlu-uzun-kollu-kanguru-cepli-oversize-spor-sweatshirt\/","title":{"rendered":"\u015eardonlu Kap\u00fc\u015fonlu Uzun Kollu Kanguru Cepli Oversize Spor Sweatshirt"},"content":{"rendered":"<p>Oversize spor sweatshirt, basic tarz\u0131yla her gard\u0131ropta yer almas\u0131 gereken bir par\u00e7a olarak \u00f6ne \u00e7\u0131k\u0131yor. Uzun kollu ve kap\u00fc\u015fonlu olmas\u0131, \u00fcr\u00fcn\u00fc hem g\u00fcnl\u00fck kombinlerinizde hem de spor aktivitelerinde rahatl\u0131kla kullanabilmenizi sa\u011fl\u0131yor. Kanguru cep detaylar\u0131, fonksiyonelli\u011fi art\u0131r\u0131rken konforlu bir kullan\u0131m sunuyor. Rahat kal\u0131b\u0131 ile v\u00fccudu nazik\u00e7e sar\u0131yor, b\u00f6ylece g\u00fcn boyu \u00f6zg\u00fcrce hareket etmenize olanak tan\u0131yor. Sweatshirt tasar\u0131m\u0131yla spor giyim tarz\u0131n\u0131za stil kat\u0131yor ve dikkat \u00e7ekici bir g\u00f6r\u00fcn\u00fcm sunuyor.<br \/>\nStil \u00d6nerisi<br \/>\nSweatshirt&#8217;\u00fc, rahat bir jogger pantolon ve spor ayakkab\u0131larla kombinleyerek g\u00fcnl\u00fck konforunuzu art\u0131rabilirsiniz. So\u011fuk havalarda oversize bir ceket ile tamamlayabilir, serin yaz ak\u015famlar\u0131nda ise \u015fortlarla \u015f\u0131kl\u0131\u011f\u0131 yakalayabilirsiniz. Aksesuar olarak spor bir \u015fapka veya sade bir bileklikle kombininizi zenginle\u015ftirebilirsiniz.<br \/>\n\u00dcr\u00fcn \u00d6zellikleri<br \/>\nKol Tipi: Uzun Kol<br \/>\nYaka Tipi: Kap\u00fc\u015fonlu<br \/>\nDetay: Kanguru Cepli<br \/>\nFit: Rahat Kal\u0131p<br \/>\nKuma\u015f: %66 Pamuk, %34 Polyester<br \/>\nKullan\u0131m Alan\u0131: Spor Giyim<br \/>\nKoton&#8217;un basic sweatshirt modelleri ile tarz\u0131n\u0131z\u0131 tamamlay\u0131n, konforunuzu art\u0131r\u0131n. Koton&#8217;un modern tasar\u0131mlar\u0131yla her an \u015f\u0131kl\u0131\u011f\u0131 yakalay\u0131n!<\/p>\n","protected":false},"excerpt":{"rendered":"<p>Oversize spor sweatshirt, basic tarz\u0131yla her gard\u0131ropta yer almas\u0131 gereken bir par\u00e7a olarak \u00f6ne \u00e7\u0131k\u0131yor. Uzun kollu ve kap\u00fc\u015fonlu olmas\u0131, \u00fcr\u00fcn\u00fc hem g\u00fcnl\u00fck kombinlerinizde hem de spor aktivitelerinde rahatl\u0131kla kullanabilmenizi sa\u011fl\u0131yor. Kanguru cep detaylar\u0131, fonksiyonelli\u011fi art\u0131r\u0131rken konforlu bir kullan\u0131m sunuyor. Rahat kal\u0131b\u0131 ile v\u00fccudu nazik\u00e7e sar\u0131yor, b\u00f6ylece g\u00fcn boyu \u00f6zg\u00fcrce hareket etmenize olanak tan\u0131yor. Sweatshirt [&hellip;]<\/p>\n","protected":false},"featured_media":84306,"comment_status":"open","ping_status":"closed","template":"","meta":[],"product_brand":[],"product_cat":[6948,6951],"product_tag":[7419,7427,7421,7423,7425,6751,7459,7424,7422,6768],"class_list":{"0":"post-84318","1":"product","2":"type-product","3":"status-publish","4":"has-post-thumbnail","6":"product_cat-spor-giyim","7":"product_cat-ust-giyim-ustler","8":"product_tag-gunluk","9":"product_tag-kanguru-cep","10":"product_tag-kapusonlu","11":"product_tag-oversize-2","12":"product_tag-pamuk-karisimi","13":"product_tag-rahat","14":"product_tag-sherpa","15":"product_tag-spor-giyim","16":"product_tag-sweatshirt","17":"product_tag-uzun-kol","18":"pa_brand-koton","19":"pa_color-murdum","20":"pa_size-l","21":"pa_size-m","22":"pa_size-s","23":"pa_size-xl","24":"pa_size-xs","26":"first","27":"outofstock","28":"shipping-taxable","29":"product-type-variable"},"_links":{"self":[{"href":"https:\/\/mod.wisdar.net\/tr\/wp-json\/wp\/v2\/product\/84318","targetHints":{"allow":["GET"]}}],"collection":[{"href":"https:\/\/mod.wisdar.net\/tr\/wp-json\/wp\/v2\/product"}],"about":[{"href":"https:\/\/mod.wisdar.net\/tr\/wp-json\/wp\/v2\/types\/product"}],"replies":[{"embeddable":true,"href":"https:\/\/mod.wisdar.net\/tr\/wp-json\/wp\/v2\/comments?post=84318"}],"wp:featuredmedia":[{"embeddable":true,"href":"https:\/\/mod.wisdar.net\/tr\/wp-json\/wp\/v2\/media\/84306"}],"wp:attachment":[{"href":"https:\/\/mod.wisdar.net\/tr\/wp-json\/wp\/v2\/media?parent=84318"}],"wp:term":[{"taxonomy":"product_brand","embeddable":true,"href":"https:\/\/mod.wisdar.net\/tr\/wp-json\/wp\/v2\/product_brand?post=84318"},{"taxonomy":"product_cat","embeddable":true,"href":"https:\/\/mod.wisdar.net\/tr\/wp-json\/wp\/v2\/product_cat?post=84318"},{"taxonomy":"product_tag","embeddable":true,"href":"https:\/\/mod.wisdar.net\/tr\/wp-json\/wp\/v2\/product_tag?post=84318"}],"curies":[{"name":"wp","href":"https:\/\/api.w.org\/{rel}","templated":true}]}}