{"id":84445,"date":"2026-02-01T12:19:48","date_gmt":"2026-02-01T12:19:48","guid":{"rendered":"https:\/\/modesthanim.com\/product\/rahat-kalip-bagcikli-yuksek-bel-genis-paca-spor-esofman-alti\/"},"modified":"2026-04-09T10:13:31","modified_gmt":"2026-04-09T10:13:31","slug":"rahat-kalip-bagcikli-yuksek-bel-genis-paca-spor-esofman-alti","status":"publish","type":"product","link":"https:\/\/mod.wisdar.net\/tr\/urun\/rahat-kalip-bagcikli-yuksek-bel-genis-paca-spor-esofman-alti\/","title":{"rendered":"Rahat Kal\u0131p Ba\u011fc\u0131kl\u0131 Y\u00fcksek Bel Geni\u015f Pa\u00e7a Spor E\u015fofman Alt\u0131"},"content":{"rendered":"<p>Geni\u015f pa\u00e7a, y\u00fcksek bel e\u015fofman alt\u0131 sportif giyim tarz\u0131n\u0131za \u015f\u0131kl\u0131k kat\u0131yor. Rahat kal\u0131b\u0131 sayesinde g\u00fcn boyu konfor sunan model, hafif ve esnek bir kullan\u0131m sa\u011fl\u0131yor. Yan cepleri sayesinde i\u015flevselli\u011fi art\u0131r\u0131lan e\u015fofman alt\u0131, g\u00fcnl\u00fck aktivitelerinizde ve spor yaparken tercih edilebilecek ideal bir se\u00e7enek sunuyor. Uzun boyu ve geni\u015f pa\u00e7a silueti ile modern bir tarz yarat\u0131rken, bel k\u0131sm\u0131ndaki elastik yap\u0131 ekstra konfor sunuyor. Stil \u00d6nerisi Geni\u015f pa\u00e7a spor e\u015fofman alt\u0131n\u0131, basic ti\u015f\u00f6rtler ve spor ayakkab\u0131larla kombinleyerek g\u00fcnl\u00fck stilinizi \u00f6n plana \u00e7\u0131karabilirsiniz. Daha \u015f\u0131k bir g\u00f6r\u00fcn\u00fcm i\u00e7inse crop top bir bluz ve hafif sandaletlerle tamamlayabilir,  bir \u00e7anta ile sokak modas\u0131na uygun bir tarz yakalayabilirsiniz. Yumu\u015fak bir sweatshirt ve boncuklu aksesuarlarla kombininizi zenginle\u015ftirebilir, arkada\u015f bulu\u015fmalar\u0131nda rahatl\u0131kla kullanabilirsiniz. \u00dcr\u00fcn \u00d6zellikleri Bel Tipi: Y\u00fcksek Bel Fit: Rahat Kal\u0131p Siluet: Wide Leg Kullan\u0131m Alan\u0131: G\u00fcnl\u00fck Giyim, Spor Giyim Koton e\u015fofman alt\u0131 koleksiyonuyla sportif \u015f\u0131kl\u0131\u011f\u0131n\u0131z\u0131 tamamlay\u0131n! Geni\u015f pa\u00e7a e\u015fofman alt\u0131 modern tasar\u0131m\u0131yla g\u00fcn boyu rahatl\u0131k sunuyor. \u015eimdi Koton&#8217;da ke\u015ffedin!<\/p>\n<p>\u2014 Technical Details \u2014<br \/>\nSil\u00fcet: Wide Leg<br \/>\nBel Y\u00fcksekli\u011fi: Y\u00fcksek Bel<br \/>\n\u00dcr\u00fcn Tipi \/ Stil: Wide Leg<br \/>\n\u00dcr\u00fcn\u00fcn Alt Markas\u0131: Trends<br \/>\nSat\u0131c\u0131\/\u0130malat\u00e7\u0131\/\u0130thalat\u00e7\u0131 \u0130smi: Koton Ma\u011fazac\u0131l\u0131k Tekstil Sanayi ve Ticaret A.\u015e.<br \/>\nPosta Adresi: Ayaza\u011fa Mah. Maslak Ayaza\u011fa Cad. No:3 \u0130\u00e7 Kap\u0131 No:5 Sar\u0131yer\/\u0130stanbul<br \/>\nE-Posta Adresi: mim@koton.com<\/p>\n","protected":false},"excerpt":{"rendered":"<p>Geni\u015f pa\u00e7a, y\u00fcksek bel e\u015fofman alt\u0131 sportif giyim tarz\u0131n\u0131za \u015f\u0131kl\u0131k kat\u0131yor. Rahat kal\u0131b\u0131 sayesinde g\u00fcn boyu konfor sunan model, hafif ve esnek bir kullan\u0131m sa\u011fl\u0131yor. Yan cepleri sayesinde i\u015flevselli\u011fi art\u0131r\u0131lan e\u015fofman alt\u0131, g\u00fcnl\u00fck aktivitelerinizde ve spor yaparken tercih edilebilecek ideal bir se\u00e7enek sunuyor. Uzun boyu ve geni\u015f pa\u00e7a silueti ile modern bir tarz yarat\u0131rken, bel [&hellip;]<\/p>\n","protected":false},"featured_media":84442,"comment_status":"open","ping_status":"closed","template":"","meta":[],"product_brand":[],"product_cat":[6954,6948],"product_tag":[7490,7426,7491,5013,7488,6751,7492,7424,7489],"class_list":{"0":"post-84445","1":"product","2":"type-product","3":"status-publish","4":"has-post-thumbnail","6":"product_cat-alt-vucut-alt-giyim","7":"product_cat-spor-giyim","8":"product_tag-bol-paca-2","9":"product_tag-gunluk-giyim-3","10":"product_tag-jogger-pantolon","11":"product_tag-modern","12":"product_tag-pamuk","13":"product_tag-rahat","14":"product_tag-sokak-modasi","15":"product_tag-spor-giyim","16":"product_tag-yuksek-bel-2","17":"pa_brand-koton","18":"pa_color-haki","19":"pa_size-l","20":"pa_size-m","21":"pa_size-s","22":"pa_size-xl","23":"pa_size-xs","25":"first","26":"instock","27":"shipping-taxable","28":"purchasable","29":"product-type-variable"},"_links":{"self":[{"href":"https:\/\/mod.wisdar.net\/tr\/wp-json\/wp\/v2\/product\/84445","targetHints":{"allow":["GET"]}}],"collection":[{"href":"https:\/\/mod.wisdar.net\/tr\/wp-json\/wp\/v2\/product"}],"about":[{"href":"https:\/\/mod.wisdar.net\/tr\/wp-json\/wp\/v2\/types\/product"}],"replies":[{"embeddable":true,"href":"https:\/\/mod.wisdar.net\/tr\/wp-json\/wp\/v2\/comments?post=84445"}],"wp:featuredmedia":[{"embeddable":true,"href":"https:\/\/mod.wisdar.net\/tr\/wp-json\/wp\/v2\/media\/84442"}],"wp:attachment":[{"href":"https:\/\/mod.wisdar.net\/tr\/wp-json\/wp\/v2\/media?parent=84445"}],"wp:term":[{"taxonomy":"product_brand","embeddable":true,"href":"https:\/\/mod.wisdar.net\/tr\/wp-json\/wp\/v2\/product_brand?post=84445"},{"taxonomy":"product_cat","embeddable":true,"href":"https:\/\/mod.wisdar.net\/tr\/wp-json\/wp\/v2\/product_cat?post=84445"},{"taxonomy":"product_tag","embeddable":true,"href":"https:\/\/mod.wisdar.net\/tr\/wp-json\/wp\/v2\/product_tag?post=84445"}],"curies":[{"name":"wp","href":"https:\/\/api.w.org\/{rel}","templated":true}]}}