{"id":84487,"date":"2026-02-01T12:21:20","date_gmt":"2026-02-01T12:21:20","guid":{"rendered":"https:\/\/modesthanim.com\/product\/anthracite-turtleneck-knit-dress\/"},"modified":"2026-04-02T03:23:03","modified_gmt":"2026-04-02T03:23:03","slug":"anthracite-turtleneck-knit-dress","status":"publish","type":"product","link":"https:\/\/mod.wisdar.net\/tr\/urun\/anthracite-turtleneck-knit-dress\/","title":{"rendered":"Antrasit Dik Yaka Triko Elbise"},"content":{"rendered":"<p>LCW Modest Antrasit Dik Yaka Triko Elbise, size \u00f6zel indirim, taksit ve kap\u0131da \u00f6deme avantajlar\u0131yla LCW&#8217;de! Hemen online al\u0131\u015fveri\u015f yap\u0131n, \u00fcr\u00fcn kap\u0131n\u0131za gelsin! \u2013 W5GF16Z8-CZM<\/p>\n<p>\u2014 Teknik Detaylar \u2014<br \/>\nMen\u015fei: T\u00fcrkiye<br \/>\nSat\u0131c\u0131: LC Waikiki<br \/>\nMarka: LCW Modest<br \/>\n\u00dcr\u00fcn Tipi: Elbise<br \/>\nCinsiyet: Kad\u0131n<br \/>\nKal\u0131p: Bol ve Rahat Kesim<br \/>\nKuma\u015f: Triko<br \/>\nAstar Detay\u0131: Astars\u0131z<br \/>\nUzunluk: Midi<br \/>\nYaka: Dik Yaka<br \/>\nKol Boyu: Uzun Kollu<br \/>\nKoleksiyon: Tesett\u00fcr Giyim<br \/>\nDesen: D\u00fcz<\/p>\n","protected":false},"excerpt":{"rendered":"<p>LCW Modest Antrasit Dik Yaka Triko Elbise, size \u00f6zel indirim, taksit ve kap\u0131da \u00f6deme avantajlar\u0131yla LCW&#8217;de! Hemen online al\u0131\u015fveri\u015f yap\u0131n, \u00fcr\u00fcn kap\u0131n\u0131za gelsin! \u2013 W5GF16Z8-CZM \u2014 Teknik Detaylar \u2014 Men\u015fei: T\u00fcrkiye Sat\u0131c\u0131: LC Waikiki Marka: LCW Modest \u00dcr\u00fcn Tipi: Elbise Cinsiyet: Kad\u0131n Kal\u0131p: Bol ve Rahat Kesim Kuma\u015f: Triko Astar Detay\u0131: Astars\u0131z Uzunluk: Midi Yaka: [&hellip;]<\/p>\n","protected":false},"featured_media":0,"comment_status":"open","ping_status":"closed","template":"","meta":[],"product_brand":[],"product_cat":[6249,1933],"product_tag":[],"class_list":{"0":"post-84487","1":"product","2":"type-product","3":"status-publish","5":"product_cat-elbiseler","6":"product_cat-gunluk-ve-gunduz-elbiseleri","7":"pa_brand-lcw-modest","8":"pa_color-antrasit","9":"pa_size-2xl","10":"pa_size-l","11":"pa_size-m","12":"pa_size-s","13":"pa_size-xl","15":"first","16":"instock","17":"shipping-taxable","18":"purchasable","19":"product-type-variable"},"_links":{"self":[{"href":"https:\/\/mod.wisdar.net\/tr\/wp-json\/wp\/v2\/product\/84487","targetHints":{"allow":["GET"]}}],"collection":[{"href":"https:\/\/mod.wisdar.net\/tr\/wp-json\/wp\/v2\/product"}],"about":[{"href":"https:\/\/mod.wisdar.net\/tr\/wp-json\/wp\/v2\/types\/product"}],"replies":[{"embeddable":true,"href":"https:\/\/mod.wisdar.net\/tr\/wp-json\/wp\/v2\/comments?post=84487"}],"wp:attachment":[{"href":"https:\/\/mod.wisdar.net\/tr\/wp-json\/wp\/v2\/media?parent=84487"}],"wp:term":[{"taxonomy":"product_brand","embeddable":true,"href":"https:\/\/mod.wisdar.net\/tr\/wp-json\/wp\/v2\/product_brand?post=84487"},{"taxonomy":"product_cat","embeddable":true,"href":"https:\/\/mod.wisdar.net\/tr\/wp-json\/wp\/v2\/product_cat?post=84487"},{"taxonomy":"product_tag","embeddable":true,"href":"https:\/\/mod.wisdar.net\/tr\/wp-json\/wp\/v2\/product_tag?post=84487"}],"curies":[{"name":"wp","href":"https:\/\/api.w.org\/{rel}","templated":true}]}}