{"id":84576,"date":"2026-02-01T12:22:05","date_gmt":"2026-02-01T12:22:05","guid":{"rendered":"https:\/\/modesthanim.com\/product\/brown-turtleneck-knit-dress\/"},"modified":"2026-04-02T03:22:12","modified_gmt":"2026-04-02T03:22:12","slug":"brown-turtleneck-knit-dress","status":"publish","type":"product","link":"https:\/\/mod.wisdar.net\/tr\/urun\/brown-turtleneck-knit-dress\/","title":{"rendered":"Kahverengi Dik Yaka Triko Elbise"},"content":{"rendered":"<p>LCW Modest Kahverengi Dik Yaka Triko Elbise, \u00f6zel indirim, taksit ve kap\u0131da \u00f6deme avantajlar\u0131yla LCW&#8217;de! Hemen online al\u0131\u015fveri\u015f yap\u0131n, \u00fcr\u00fcn kap\u0131n\u0131za gelsin! \u2013 W5GF16Z8-K6V<\/p>\n<p>\u2014 Teknik Detaylar \u2014<br \/>\nMen\u015fei: T\u00fcrkiye<br \/>\nSat\u0131c\u0131: LC Waikiki<br \/>\nMarka: LCW Modest<br \/>\n\u00dcr\u00fcn Tipi: Elbise<br \/>\nCinsiyet: Kad\u0131n<br \/>\nKal\u0131p: Bol ve Rahat<br \/>\nKuma\u015f: Triko<br \/>\nAstar Detay: Astars\u0131z<br \/>\nUzunluk: Midi<br \/>\nYaka: Dik Yaka<br \/>\nKol Boyu: Uzun Kollu<br \/>\nKoleksiyon: Tesett\u00fcr Giyim<br \/>\nDesen: D\u00fcz<\/p>\n","protected":false},"excerpt":{"rendered":"<p>LCW Modest Kahverengi Dik Yaka Triko Elbise, \u00f6zel indirim, taksit ve kap\u0131da \u00f6deme avantajlar\u0131yla LCW&#8217;de! Hemen online al\u0131\u015fveri\u015f yap\u0131n, \u00fcr\u00fcn kap\u0131n\u0131za gelsin! \u2013 W5GF16Z8-K6V \u2014 Teknik Detaylar \u2014 Men\u015fei: T\u00fcrkiye Sat\u0131c\u0131: LC Waikiki Marka: LCW Modest \u00dcr\u00fcn Tipi: Elbise Cinsiyet: Kad\u0131n Kal\u0131p: Bol ve Rahat Kuma\u015f: Triko Astar Detay: Astars\u0131z Uzunluk: Midi Yaka: Dik Yaka [&hellip;]<\/p>\n","protected":false},"featured_media":0,"comment_status":"open","ping_status":"closed","template":"","meta":[],"product_brand":[],"product_cat":[6249,1933],"product_tag":[7525,7523,7522,7526,7529,7524,7521,7528,7520,7527],"class_list":{"0":"post-84576","1":"product","2":"type-product","3":"status-publish","5":"product_cat-elbiseler","6":"product_cat-gunluk-ve-gunduz-elbiseleri","7":"product_tag-brown-3","8":"product_tag-dress","9":"product_tag-knit","10":"product_tag-long-sleeve","11":"product_tag-loose-relaxed","12":"product_tag-midi","13":"product_tag-mink","14":"product_tag-modest-wear","15":"product_tag-plain","16":"product_tag-turtleneck","17":"pa_brand-lcw-modest","18":"pa_color-kahverengi","19":"pa_size-2xl","20":"pa_size-l","21":"pa_size-m","22":"pa_size-s","23":"pa_size-xl","25":"first","26":"instock","27":"shipping-taxable","28":"purchasable","29":"product-type-variable"},"_links":{"self":[{"href":"https:\/\/mod.wisdar.net\/tr\/wp-json\/wp\/v2\/product\/84576","targetHints":{"allow":["GET"]}}],"collection":[{"href":"https:\/\/mod.wisdar.net\/tr\/wp-json\/wp\/v2\/product"}],"about":[{"href":"https:\/\/mod.wisdar.net\/tr\/wp-json\/wp\/v2\/types\/product"}],"replies":[{"embeddable":true,"href":"https:\/\/mod.wisdar.net\/tr\/wp-json\/wp\/v2\/comments?post=84576"}],"wp:attachment":[{"href":"https:\/\/mod.wisdar.net\/tr\/wp-json\/wp\/v2\/media?parent=84576"}],"wp:term":[{"taxonomy":"product_brand","embeddable":true,"href":"https:\/\/mod.wisdar.net\/tr\/wp-json\/wp\/v2\/product_brand?post=84576"},{"taxonomy":"product_cat","embeddable":true,"href":"https:\/\/mod.wisdar.net\/tr\/wp-json\/wp\/v2\/product_cat?post=84576"},{"taxonomy":"product_tag","embeddable":true,"href":"https:\/\/mod.wisdar.net\/tr\/wp-json\/wp\/v2\/product_tag?post=84576"}],"curies":[{"name":"wp","href":"https:\/\/api.w.org\/{rel}","templated":true}]}}