{"id":84625,"date":"2026-02-01T12:22:37","date_gmt":"2026-02-01T12:22:37","guid":{"rendered":"https:\/\/modesthanim.com\/product\/kahverengi-kemerli-modal-karisimli-gomlek-elbise\/"},"modified":"2026-04-09T10:32:43","modified_gmt":"2026-04-09T10:32:43","slug":"kahverengi-kemerli-modal-karisimli-gomlek-elbise","status":"publish","type":"product","link":"https:\/\/mod.wisdar.net\/tr\/urun\/kahverengi-kemerli-modal-karisimli-gomlek-elbise\/","title":{"rendered":"Kahverengi Ku\u015fakl\u0131 Modal Kar\u0131\u015f\u0131ml\u0131 G\u00f6mlek Elbise"},"content":{"rendered":"<p>LCW Modest Kahverengi Ku\u015fakl\u0131 Modal Kar\u0131\u015f\u0131ml\u0131 G\u00f6mlek Elbise size \u00f6zel indirim, taksit ve kap\u0131da \u00f6deme avantajlar\u0131yla LCW&#8217;de! Hemen online al\u0131\u015fveri\u015f yap, \u00fcr\u00fcn kap\u0131na gelsin! \u2013 S6KG85Z8-LEW<\/p>\n<p>\u2014 Technical Details \u2014<br \/>\nSat\u0131c\u0131: LC Waikiki<br \/>\nMarka: LCW Modest<br \/>\n\u00dcr\u00fcn Tipi: G\u00f6mlek Elbise<br \/>\nCinsiyet: Kad\u0131n<br \/>\nAstar Detay: Astars\u0131z<br \/>\nDesen: D\u00fcz<br \/>\nKal\u0131p: Standart &amp; Regular<br \/>\nKol Boyu: Uzun Kollu<br \/>\nUzunluk: Uzun<br \/>\nYaka: G\u00f6mlek Yaka<br \/>\nPar\u00e7a Say\u0131s\u0131: 2 Par\u00e7a<br \/>\n\u00dcr\u00fcn Aksesuar\u0131: Ku\u015fak<br \/>\nKoleksiyon: Tesett\u00fcr Giyim<\/p>\n","protected":false},"excerpt":{"rendered":"<p>LCW Modest Kahverengi Ku\u015fakl\u0131 Modal Kar\u0131\u015f\u0131ml\u0131 G\u00f6mlek Elbise size \u00f6zel indirim, taksit ve kap\u0131da \u00f6deme avantajlar\u0131yla LCW&#8217;de! Hemen online al\u0131\u015fveri\u015f yap, \u00fcr\u00fcn kap\u0131na gelsin! \u2013 S6KG85Z8-LEW \u2014 Technical Details \u2014 Sat\u0131c\u0131: LC Waikiki Marka: LCW Modest \u00dcr\u00fcn Tipi: G\u00f6mlek Elbise Cinsiyet: Kad\u0131n Astar Detay: Astars\u0131z Desen: D\u00fcz Kal\u0131p: Standart &amp; Regular Kol Boyu: Uzun Kollu [&hellip;]<\/p>\n","protected":false},"featured_media":84587,"comment_status":"open","ping_status":"closed","template":"","meta":[],"product_brand":[],"product_cat":[6249,1933],"product_tag":[],"class_list":{"0":"post-84625","1":"product","2":"type-product","3":"status-publish","4":"has-post-thumbnail","6":"product_cat-elbiseler","7":"product_cat-gunluk-ve-gunduz-elbiseleri","8":"pa_brand-lcw-modest","9":"pa_color-kahverengi-cizgili","10":"pa_size-4698","11":"pa_size-4701","12":"pa_size-4706","13":"pa_size-4711","14":"pa_size-4713","15":"pa_size-4751","16":"pa_size-4749","17":"pa_size-4747","18":"pa_size-4746","20":"first","21":"instock","22":"sale","23":"shipping-taxable","24":"purchasable","25":"product-type-variable"},"_links":{"self":[{"href":"https:\/\/mod.wisdar.net\/tr\/wp-json\/wp\/v2\/product\/84625","targetHints":{"allow":["GET"]}}],"collection":[{"href":"https:\/\/mod.wisdar.net\/tr\/wp-json\/wp\/v2\/product"}],"about":[{"href":"https:\/\/mod.wisdar.net\/tr\/wp-json\/wp\/v2\/types\/product"}],"replies":[{"embeddable":true,"href":"https:\/\/mod.wisdar.net\/tr\/wp-json\/wp\/v2\/comments?post=84625"}],"wp:featuredmedia":[{"embeddable":true,"href":"https:\/\/mod.wisdar.net\/tr\/wp-json\/wp\/v2\/media\/84587"}],"wp:attachment":[{"href":"https:\/\/mod.wisdar.net\/tr\/wp-json\/wp\/v2\/media?parent=84625"}],"wp:term":[{"taxonomy":"product_brand","embeddable":true,"href":"https:\/\/mod.wisdar.net\/tr\/wp-json\/wp\/v2\/product_brand?post=84625"},{"taxonomy":"product_cat","embeddable":true,"href":"https:\/\/mod.wisdar.net\/tr\/wp-json\/wp\/v2\/product_cat?post=84625"},{"taxonomy":"product_tag","embeddable":true,"href":"https:\/\/mod.wisdar.net\/tr\/wp-json\/wp\/v2\/product_tag?post=84625"}],"curies":[{"name":"wp","href":"https:\/\/api.w.org\/{rel}","templated":true}]}}