{"id":84693,"date":"2026-02-01T12:23:06","date_gmt":"2026-02-01T12:23:06","guid":{"rendered":"https:\/\/modesthanim.com\/product\/mor-yuksek-yakali-modal-karisimli-bel-oturan-elbise\/"},"modified":"2026-03-08T08:12:22","modified_gmt":"2026-03-08T08:12:22","slug":"mor-yuksek-yakali-modal-karisimli-bel-oturan-elbise","status":"publish","type":"product","link":"https:\/\/mod.wisdar.net\/tr\/urun\/mor-yuksek-yakali-modal-karisimli-bel-oturan-elbise\/","title":{"rendered":"Mor Dik Yaka Modal Kar\u0131\u015f\u0131ml\u0131 Belden Oturtmal\u0131 Elbise"},"content":{"rendered":"<p>LCW Modest Mor Dik Yaka Modal Kar\u0131\u015f\u0131ml\u0131 Belden Oturtmal\u0131 Elbise size \u00f6zel indirim, taksit ve kap\u0131da \u00f6deme avantajlar\u0131yla LCW&#8217;de! Hemen online al\u0131\u015fveri\u015f yap, \u00fcr\u00fcn kap\u0131na gelsin! \u2013 W5LG34Z8-UK6<\/p>\n<p>\u2014 Technical Details \u2014<br \/>\nMen\u015fei: Turk\u0131ye<br \/>\nSat\u0131c\u0131: LC Waikiki<br \/>\nMarka: LCW Modest<br \/>\n\u00dcr\u00fcn Tipi: Elbise<br \/>\nCinsiyet: Kad\u0131n<br \/>\nKal\u0131p: Standart &amp; Regular<br \/>\nSiluet: Belden Oturtma<br \/>\nAstar Detay: Astars\u0131z<br \/>\nUzunluk: Uzun<br \/>\n\u00dcr\u00fcn Aksesuar\u0131: Ku\u015fak<br \/>\nMalzeme: Modal<br \/>\nYaka: Dik Yaka<br \/>\nKol Boyu: Uzun Kollu<br \/>\nKoleksiyon: Tesett\u00fcr Giyim<br \/>\nDesen: D\u00fcz<br \/>\nPar\u00e7a Say\u0131s\u0131: 2 Par\u00e7a<br \/>\nKol Tipi: Balon Kol<\/p>\n","protected":false},"excerpt":{"rendered":"<p>LCW Modest Mor Dik Yaka Modal Kar\u0131\u015f\u0131ml\u0131 Belden Oturtmal\u0131 Elbise size \u00f6zel indirim, taksit ve kap\u0131da \u00f6deme avantajlar\u0131yla LCW&#8217;de! Hemen online al\u0131\u015fveri\u015f yap, \u00fcr\u00fcn kap\u0131na gelsin! \u2013 W5LG34Z8-UK6 \u2014 Technical Details \u2014 Men\u015fei: Turk\u0131ye Sat\u0131c\u0131: LC Waikiki Marka: LCW Modest \u00dcr\u00fcn Tipi: Elbise Cinsiyet: Kad\u0131n Kal\u0131p: Standart &amp; Regular Siluet: Belden Oturtma Astar Detay: Astars\u0131z [&hellip;]<\/p>\n","protected":false},"featured_media":84646,"comment_status":"open","ping_status":"closed","template":"","meta":[],"product_brand":[],"product_cat":[6249,1933],"product_tag":[7350,7549,7552,7547,7550,7551,7548,6768],"class_list":{"0":"post-84693","1":"product","2":"type-product","3":"status-publish","4":"has-post-thumbnail","6":"product_cat-elbiseler","7":"product_cat-gunluk-ve-gunduz-elbiseleri","8":"product_tag-balikci-yaka","9":"product_tag-balon-kol","10":"product_tag-bel-oturan","11":"product_tag-kadin-giyim","12":"product_tag-modal-karisim","13":"product_tag-mor-elbise","14":"product_tag-mutevazi-moda","15":"product_tag-uzun-kol","16":"pa_brand-lcw-modest","17":"pa_color-koyu-mor","18":"pa_size-4698","19":"pa_size-4701","20":"pa_size-4706","21":"pa_size-4711","22":"pa_size-4713","23":"pa_size-4751","25":"first","26":"outofstock","27":"shipping-taxable","28":"product-type-variable"},"_links":{"self":[{"href":"https:\/\/mod.wisdar.net\/tr\/wp-json\/wp\/v2\/product\/84693","targetHints":{"allow":["GET"]}}],"collection":[{"href":"https:\/\/mod.wisdar.net\/tr\/wp-json\/wp\/v2\/product"}],"about":[{"href":"https:\/\/mod.wisdar.net\/tr\/wp-json\/wp\/v2\/types\/product"}],"replies":[{"embeddable":true,"href":"https:\/\/mod.wisdar.net\/tr\/wp-json\/wp\/v2\/comments?post=84693"}],"wp:featuredmedia":[{"embeddable":true,"href":"https:\/\/mod.wisdar.net\/tr\/wp-json\/wp\/v2\/media\/84646"}],"wp:attachment":[{"href":"https:\/\/mod.wisdar.net\/tr\/wp-json\/wp\/v2\/media?parent=84693"}],"wp:term":[{"taxonomy":"product_brand","embeddable":true,"href":"https:\/\/mod.wisdar.net\/tr\/wp-json\/wp\/v2\/product_brand?post=84693"},{"taxonomy":"product_cat","embeddable":true,"href":"https:\/\/mod.wisdar.net\/tr\/wp-json\/wp\/v2\/product_cat?post=84693"},{"taxonomy":"product_tag","embeddable":true,"href":"https:\/\/mod.wisdar.net\/tr\/wp-json\/wp\/v2\/product_tag?post=84693"}],"curies":[{"name":"wp","href":"https:\/\/api.w.org\/{rel}","templated":true}]}}