{"id":8476,"date":"2025-11-01T20:13:26","date_gmt":"2025-11-01T20:13:26","guid":{"rendered":"https:\/\/modesthanim.com\/product\/garni-fular-detayli-trenckot-taba\/"},"modified":"2026-04-10T15:22:17","modified_gmt":"2026-04-10T15:22:17","slug":"garni-fular-detayli-trenckot-taba","status":"publish","type":"product","link":"https:\/\/mod.wisdar.net\/tr\/urun\/garni-fular-detayli-trenckot-taba\/","title":{"rendered":"Garni Fular Detayl\u0131 Tren\u00e7kot \u2013 Taba"},"content":{"rendered":"<p>\u015e\u0131kl\u0131\u011f\u0131 ve zarafeti bir araya getiren garni fular detayl\u0131 tren\u00e7kot, \u00f6zg\u00fcn tasar\u0131m\u0131yla stilinizi tamaml\u0131yor. Kontrast garnili yap\u0131s\u0131 modern bir hava katarken, fular detay\u0131 ise sofistike ve feminen bir dokunu\u015f sa\u011fl\u0131yor.<br \/>\nKuma\u015f \u0130\u00e7eri\u011fi: %58 Pamuk, %42 Rayon<br \/>\nDesen:\u00a0D\u00fcz<br \/>\nYaka\u00a0Tipi:\u00a0Blazer Yaka \u2013\u00a0\u00c7\u0131kar\u0131labilir Fular Detay\u0131<br \/>\nKol\u00a0Tipi:\u00a0Uzun Kol<br \/>\nCep:\u00a0Gizli Cep<br \/>\nAstar:\u00a0Astarl\u0131<br \/>\n\u00dcr\u00fcn Boyu:\u00a0130\u00a0cm<br \/>\nKal\u0131p\u00a0Tipi:\u00a0Normal Kal\u0131p<br \/>\nMankenin Giydi\u011fi Beden:\u00a036<br \/>\nManken \u00d6l\u00e7\u00fcleri:<br \/>\nBoy: 176\u00a0cm<br \/>\nG\u00f6\u011f\u00fcs: 82 cm<br \/>\nBel: 61 cm<br \/>\nBasen: 88 cm<\/p>\n<p>\u2014 Technical Details \u2014<br \/>\nDesen: D\u00fcz<br \/>\nYaka Tipi: Blazer Yaka \u2013 \u00c7\u0131kar\u0131labilir Fular Detay\u0131<br \/>\nKol Tipi: Uzun Kol<br \/>\nCep: Gizli Cep<br \/>\nAstar: Astarl\u0131<br \/>\n\u00dcr\u00fcn Boyu: 130 cm<br \/>\nKal\u0131p Tipi: Normal Kal\u0131p<br \/>\nMankenin Giydi\u011fi Beden: 36<br \/>\nManken \u00d6l\u00e7\u00fcleri: {&#8216;Boy&#8217;: &#8216;176 cm&#8217;, &#8216;G\u00f6\u011f\u00fcs&#8217;: &#8217;82 cm&#8217;, &#8216;Bel&#8217;: &#8217;61 cm&#8217;, &#8216;Basen&#8217;: &#8217;88 cm&#8217;}<\/p>\n","protected":false},"excerpt":{"rendered":"<p>\u015e\u0131kl\u0131\u011f\u0131 ve zarafeti bir araya getiren garni fular detayl\u0131 tren\u00e7kot, \u00f6zg\u00fcn tasar\u0131m\u0131yla stilinizi tamaml\u0131yor. Kontrast garnili yap\u0131s\u0131 modern bir hava katarken, fular detay\u0131 ise sofistike ve feminen bir dokunu\u015f sa\u011fl\u0131yor. Kuma\u015f \u0130\u00e7eri\u011fi: %58 Pamuk, %42 Rayon Desen:\u00a0D\u00fcz Yaka\u00a0Tipi:\u00a0Blazer Yaka \u2013\u00a0\u00c7\u0131kar\u0131labilir Fular Detay\u0131 Kol\u00a0Tipi:\u00a0Uzun Kol Cep:\u00a0Gizli Cep Astar:\u00a0Astarl\u0131 \u00dcr\u00fcn Boyu:\u00a0130\u00a0cm Kal\u0131p\u00a0Tipi:\u00a0Normal Kal\u0131p Mankenin Giydi\u011fi Beden:\u00a036 Manken [&hellip;]<\/p>\n","protected":false},"featured_media":51994,"comment_status":"open","ping_status":"closed","template":"","meta":[],"product_brand":[],"product_cat":[2047],"product_tag":[5012,6776],"class_list":{"0":"post-8476","1":"product","2":"type-product","3":"status-publish","4":"has-post-thumbnail","6":"product_cat-paltolar","7":"product_tag-elegant","8":"product_tag-trenckot","9":"pa_brand-tugba","10":"pa_color-taba","11":"pa_size-4701","12":"pa_size-4706","13":"pa_size-4711","14":"pa_size-4713","16":"first","17":"instock","18":"sale","19":"shipping-taxable","20":"purchasable","21":"product-type-variable"},"_links":{"self":[{"href":"https:\/\/mod.wisdar.net\/tr\/wp-json\/wp\/v2\/product\/8476","targetHints":{"allow":["GET"]}}],"collection":[{"href":"https:\/\/mod.wisdar.net\/tr\/wp-json\/wp\/v2\/product"}],"about":[{"href":"https:\/\/mod.wisdar.net\/tr\/wp-json\/wp\/v2\/types\/product"}],"replies":[{"embeddable":true,"href":"https:\/\/mod.wisdar.net\/tr\/wp-json\/wp\/v2\/comments?post=8476"}],"wp:featuredmedia":[{"embeddable":true,"href":"https:\/\/mod.wisdar.net\/tr\/wp-json\/wp\/v2\/media\/51994"}],"wp:attachment":[{"href":"https:\/\/mod.wisdar.net\/tr\/wp-json\/wp\/v2\/media?parent=8476"}],"wp:term":[{"taxonomy":"product_brand","embeddable":true,"href":"https:\/\/mod.wisdar.net\/tr\/wp-json\/wp\/v2\/product_brand?post=8476"},{"taxonomy":"product_cat","embeddable":true,"href":"https:\/\/mod.wisdar.net\/tr\/wp-json\/wp\/v2\/product_cat?post=8476"},{"taxonomy":"product_tag","embeddable":true,"href":"https:\/\/mod.wisdar.net\/tr\/wp-json\/wp\/v2\/product_tag?post=8476"}],"curies":[{"name":"wp","href":"https:\/\/api.w.org\/{rel}","templated":true}]}}