{"id":84785,"date":"2026-02-01T12:23:49","date_gmt":"2026-02-01T12:23:49","guid":{"rendered":"https:\/\/modesthanim.com\/product\/kirmizi-dokulu-muslin-gomlek-elbise-2\/"},"modified":"2026-04-09T10:25:52","modified_gmt":"2026-04-09T10:25:52","slug":"kirmizi-dokulu-muslin-gomlek-elbise-2","status":"publish","type":"product","link":"https:\/\/mod.wisdar.net\/tr\/urun\/kirmizi-dokulu-muslin-gomlek-elbise-2\/","title":{"rendered":"K\u0131rm\u0131z\u0131 Dokulu M\u00fcslin G\u00f6mlek Elbise"},"content":{"rendered":"<p>LCWAIKIKI Classic K\u0131rm\u0131z\u0131 Dokulu M\u00fcslin G\u00f6mlek Elbise size \u00f6zel indirim, taksit ve kap\u0131da \u00f6deme avantajlar\u0131yla LCW&#8217;de! Hemen online al\u0131\u015fveri\u015f yap, \u00fcr\u00fcn kap\u0131na gelsin! \u2013 W5FO25Z8-L0J<\/p>\n<p>\u2014 Technical Details \u2014<br \/>\nMen\u015fei: Turk\u0131ye<br \/>\nSat\u0131c\u0131: LC Waikiki<br \/>\nMarka: LCWAIKIKI Classic<br \/>\n\u00dcr\u00fcn Tipi: G\u00f6mlek Elbise<br \/>\nCinsiyet: Kad\u0131n<br \/>\nAstar Detay: Astars\u0131z<br \/>\nDesen: D\u00fcz<br \/>\nKal\u0131p: Loose &amp; Bol<br \/>\nKol Boyu: Truvakar  Kol<br \/>\nKuma\u015f: M\u00fcslin<br \/>\nUzunluk: Midi<br \/>\nYaka: G\u00f6mlek Yaka<br \/>\nEk \u00d6zellik: Y\u0131rtma\u00e7l\u0131<br \/>\nV\u00fccut Tipi: B\u00fcy\u00fck Beden<\/p>\n","protected":false},"excerpt":{"rendered":"<p>LCWAIKIKI Classic K\u0131rm\u0131z\u0131 Dokulu M\u00fcslin G\u00f6mlek Elbise size \u00f6zel indirim, taksit ve kap\u0131da \u00f6deme avantajlar\u0131yla LCW&#8217;de! Hemen online al\u0131\u015fveri\u015f yap, \u00fcr\u00fcn kap\u0131na gelsin! \u2013 W5FO25Z8-L0J \u2014 Technical Details \u2014 Men\u015fei: Turk\u0131ye Sat\u0131c\u0131: LC Waikiki Marka: LCWAIKIKI Classic \u00dcr\u00fcn Tipi: G\u00f6mlek Elbise Cinsiyet: Kad\u0131n Astar Detay: Astars\u0131z Desen: D\u00fcz Kal\u0131p: Loose &amp; Bol Kol Boyu: Truvakar [&hellip;]<\/p>\n","protected":false},"featured_media":84780,"comment_status":"open","ping_status":"closed","template":"","meta":[],"product_brand":[],"product_cat":[1909],"product_tag":[7326,7563,7564,7575,7547,7577,7578,7576],"class_list":{"0":"post-84785","1":"product","2":"type-product","3":"status-publish","4":"has-post-thumbnail","6":"product_cat-bluzlar-ve-gomlekler","7":"product_tag-bol-kesim","8":"product_tag-buyuk-beden","9":"product_tag-gomlek-elbise","10":"product_tag-gunluk-elbise","11":"product_tag-kadin-giyim","12":"product_tag-kirmizi-elbise","13":"product_tag-midi-elbise","14":"product_tag-muslin","15":"pa_brand-lcwaikiki-classic","16":"pa_color-kirmizi","17":"pa_size-4701","18":"pa_size-4706","19":"pa_size-4711","20":"pa_size-4713","21":"pa_size-4751","22":"pa_size-4749","23":"pa_size-4747","25":"first","26":"instock","27":"shipping-taxable","28":"purchasable","29":"product-type-variable"},"_links":{"self":[{"href":"https:\/\/mod.wisdar.net\/tr\/wp-json\/wp\/v2\/product\/84785","targetHints":{"allow":["GET"]}}],"collection":[{"href":"https:\/\/mod.wisdar.net\/tr\/wp-json\/wp\/v2\/product"}],"about":[{"href":"https:\/\/mod.wisdar.net\/tr\/wp-json\/wp\/v2\/types\/product"}],"replies":[{"embeddable":true,"href":"https:\/\/mod.wisdar.net\/tr\/wp-json\/wp\/v2\/comments?post=84785"}],"wp:featuredmedia":[{"embeddable":true,"href":"https:\/\/mod.wisdar.net\/tr\/wp-json\/wp\/v2\/media\/84780"}],"wp:attachment":[{"href":"https:\/\/mod.wisdar.net\/tr\/wp-json\/wp\/v2\/media?parent=84785"}],"wp:term":[{"taxonomy":"product_brand","embeddable":true,"href":"https:\/\/mod.wisdar.net\/tr\/wp-json\/wp\/v2\/product_brand?post=84785"},{"taxonomy":"product_cat","embeddable":true,"href":"https:\/\/mod.wisdar.net\/tr\/wp-json\/wp\/v2\/product_cat?post=84785"},{"taxonomy":"product_tag","embeddable":true,"href":"https:\/\/mod.wisdar.net\/tr\/wp-json\/wp\/v2\/product_tag?post=84785"}],"curies":[{"name":"wp","href":"https:\/\/api.w.org\/{rel}","templated":true}]}}