{"id":84876,"date":"2026-02-01T12:24:50","date_gmt":"2026-02-01T12:24:50","guid":{"rendered":"https:\/\/modesthanim.com\/product\/haki-beli-fermuarli-pileli-etek-2\/"},"modified":"2026-04-15T20:50:06","modified_gmt":"2026-04-15T20:50:06","slug":"haki-beli-fermuarli-pileli-etek-2","status":"publish","type":"product","link":"https:\/\/mod.wisdar.net\/tr\/urun\/haki-beli-fermuarli-pileli-etek-2\/","title":{"rendered":"Haki Beli Fermuarl\u0131 Pileli Etek"},"content":{"rendered":"<p>LCW Modest Haki Beli Fermuarl\u0131 Pileli Etek size \u00f6zel indirim, taksit ve kap\u0131da \u00f6deme avantajlar\u0131yla LCW&#8217;de! Hemen online al\u0131\u015fveri\u015f yap, \u00fcr\u00fcn kap\u0131na gelsin! \u2013 S6L619Z8-VDU<\/p>\n<p>\u2014 Technical Details \u2014<br \/>\nKal\u0131p: Loose &amp; Bol<br \/>\nKuma\u015f: Arm\u00fcrl\u00fc<br \/>\nBel Fiti: Normal Bel<br \/>\nDesen: D\u00fcz<br \/>\nSiluet: Pileli<br \/>\nAstar Detay: Astars\u0131z<br \/>\nUzunluk: Uzun<br \/>\nKoleksiyon: Tesett\u00fcr Giyim<br \/>\nEk \u00d6zellik: Fermuarl\u0131<\/p>\n","protected":false},"excerpt":{"rendered":"<p>LCW Modest Haki Beli Fermuarl\u0131 Pileli Etek size \u00f6zel indirim, taksit ve kap\u0131da \u00f6deme avantajlar\u0131yla LCW&#8217;de! Hemen online al\u0131\u015fveri\u015f yap, \u00fcr\u00fcn kap\u0131na gelsin! \u2013 S6L619Z8-VDU \u2014 Technical Details \u2014 Kal\u0131p: Loose &amp; Bol Kuma\u015f: Arm\u00fcrl\u00fc Bel Fiti: Normal Bel Desen: D\u00fcz Siluet: Pileli Astar Detay: Astars\u0131z Uzunluk: Uzun Koleksiyon: Tesett\u00fcr Giyim Ek \u00d6zellik: Fermuarl\u0131<\/p>\n","protected":false},"featured_media":0,"comment_status":"open","ping_status":"closed","template":"","meta":[],"product_brand":[],"product_cat":[1969],"product_tag":[7326,7000,7602,7604,7548,7603,7600,7601],"class_list":{"0":"post-84876","1":"product","2":"type-product","3":"status-publish","5":"product_cat-etekler","6":"product_tag-bol-kesim","7":"product_tag-fermuarli-kapama","8":"product_tag-haki-etek","9":"product_tag-lcw","10":"product_tag-mutevazi-moda","11":"product_tag-online-alisveris","12":"product_tag-pileli-etek","13":"product_tag-uzun-etek","14":"pa_brand-lcw-modest","15":"pa_color-haki","16":"pa_size-4698","17":"pa_size-4701","18":"pa_size-4706","19":"pa_size-4711","20":"pa_size-4713","21":"pa_size-4751","23":"first","24":"instock","25":"shipping-taxable","26":"purchasable","27":"product-type-variable"},"_links":{"self":[{"href":"https:\/\/mod.wisdar.net\/tr\/wp-json\/wp\/v2\/product\/84876","targetHints":{"allow":["GET"]}}],"collection":[{"href":"https:\/\/mod.wisdar.net\/tr\/wp-json\/wp\/v2\/product"}],"about":[{"href":"https:\/\/mod.wisdar.net\/tr\/wp-json\/wp\/v2\/types\/product"}],"replies":[{"embeddable":true,"href":"https:\/\/mod.wisdar.net\/tr\/wp-json\/wp\/v2\/comments?post=84876"}],"wp:attachment":[{"href":"https:\/\/mod.wisdar.net\/tr\/wp-json\/wp\/v2\/media?parent=84876"}],"wp:term":[{"taxonomy":"product_brand","embeddable":true,"href":"https:\/\/mod.wisdar.net\/tr\/wp-json\/wp\/v2\/product_brand?post=84876"},{"taxonomy":"product_cat","embeddable":true,"href":"https:\/\/mod.wisdar.net\/tr\/wp-json\/wp\/v2\/product_cat?post=84876"},{"taxonomy":"product_tag","embeddable":true,"href":"https:\/\/mod.wisdar.net\/tr\/wp-json\/wp\/v2\/product_tag?post=84876"}],"curies":[{"name":"wp","href":"https:\/\/api.w.org\/{rel}","templated":true}]}}