{"id":8497,"date":"2025-11-01T20:13:46","date_gmt":"2025-11-01T20:13:46","guid":{"rendered":"https:\/\/modesthanim.com\/product\/islemeli-kollu-trenckot-bej\/"},"modified":"2026-03-26T00:14:20","modified_gmt":"2026-03-26T00:14:20","slug":"islemeli-kollu-trenckot-bej","status":"publish","type":"product","link":"https:\/\/mod.wisdar.net\/tr\/urun\/islemeli-kollu-trenckot-bej\/","title":{"rendered":"\u0130\u015flemeli Kollu Tren\u00e7kot \u2013 Bej"},"content":{"rendered":"<p>Bu tren\u00e7kot, dikkatle tasarlanm\u0131\u015f par\u00e7alar\u0131 ve i\u015flemeli kollar\u0131 ile \u00f6ne \u00e7\u0131kar ve sofistike bir stil sunar. Kombine yap\u0131s\u0131, \u00e7abas\u0131z bir \u015f\u0131kl\u0131k sa\u011flarken, kollardaki narin i\u015flemeler tasar\u0131ma feminen bir dokunu\u015f katar.<\/p>\n<p>\u2014 Teknik Detaylar \u2014<br \/>\nDesen: D\u00fcz \u2013 \u0130\u015flemeli<br \/>\nYaka Tipi: Kap\u00fc\u015fonlu Yaka<br \/>\nKol Tipi: Uzun Kol<br \/>\nCep: D\u00fcnya Cebi<br \/>\nAstar: Astars\u0131z<br \/>\n\u00dcr\u00fcn Uzunlu\u011fu: 120 cm<br \/>\nKal\u0131p: Normal Kal\u0131p<br \/>\nModelin Giydi\u011fi Beden: 38<br \/>\nModel \u00d6l\u00e7\u00fcleri: {&#8216;Boy&#8217;: &#8216;176 cm&#8217;, &#8216;G\u00f6\u011f\u00fcs&#8217;: &#8217;82 cm&#8217;, &#8216;Bel&#8217;: &#8217;61 cm&#8217;, &#8216;Kal\u00e7a&#8217;: &#8217;88 cm&#8217;}<br \/>\nBeden Tablosu: {&#8217;38&#8217;: {&#8216;Omuz&#8217;: &#8217;41&#8217;, &#8216;G\u00f6\u011f\u00fcs&#8217;: &#8216;106&#8217;, &#8216;Bel&#8217;: &#8216;114&#8217;, &#8216;Kal\u00e7a&#8217;: &#8216;127&#8217;, &#8216;Uzunluk&#8217;: &#8216;120&#8217;, &#8216;Kol Uzunlu\u011fu&#8217;: &#8217;61&#8217;}, &#8217;40&#8217;: {&#8216;Omuz&#8217;: &#8216;41.5&#8217;, &#8216;G\u00f6\u011f\u00fcs&#8217;: &#8216;110&#8217;, &#8216;Bel&#8217;: &#8216;118&#8217;, &#8216;Kal\u00e7a&#8217;: &#8216;131&#8217;, &#8216;Uzunluk&#8217;: &#8216;120.5&#8217;, &#8216;Kol Uzunlu\u011fu&#8217;: &#8216;61.3&#8217;}, &#8217;42&#8217;: {&#8216;Omuz&#8217;: &#8217;42&#8217;, &#8216;G\u00f6\u011f\u00fcs&#8217;: &#8216;114&#8217;, &#8216;Bel&#8217;: &#8216;122&#8217;, &#8216;Kal\u00e7a&#8217;: &#8216;135&#8217;, &#8216;Uzunluk&#8217;: &#8216;121&#8217;, &#8216;Kol Uzunlu\u011fu&#8217;: &#8216;61.6&#8217;}, &#8217;44&#8217;: {&#8216;Omuz&#8217;: &#8216;42.5&#8217;, &#8216;G\u00f6\u011f\u00fcs&#8217;: &#8216;118&#8217;, &#8216;Bel&#8217;: &#8216;126&#8217;, &#8216;Kal\u00e7a&#8217;: &#8216;139&#8217;, &#8216;Uzunluk&#8217;: &#8216;121.5&#8217;, &#8216;Kol Uzunlu\u011fu&#8217;: &#8217;62&#8217;}, &#8217;46&#8217;: {&#8216;Omuz&#8217;: &#8217;43&#8217;, &#8216;G\u00f6\u011f\u00fcs&#8217;: &#8216;124&#8217;, &#8216;Bel&#8217;: &#8216;132&#8217;, &#8216;Kal\u00e7a&#8217;: &#8216;145&#8217;, &#8216;Uzunluk&#8217;: &#8216;122&#8217;, &#8216;Kol Uzunlu\u011fu&#8217;: &#8216;62.3&#8217;}, &#8217;48&#8217;: {&#8216;Omuz&#8217;: &#8216;43.5&#8217;, &#8216;G\u00f6\u011f\u00fcs&#8217;: &#8216;128&#8217;, &#8216;Bel&#8217;: &#8216;136&#8217;, &#8216;Kal\u00e7a&#8217;: &#8216;148.1&#8217;, &#8216;Uzunluk&#8217;: &#8216;122.5&#8217;, &#8216;Kol Uzunlu\u011fu&#8217;: &#8216;62.5&#8217;}}<\/p>\n","protected":false},"excerpt":{"rendered":"<p>Bu tren\u00e7kot, dikkatle tasarlanm\u0131\u015f par\u00e7alar\u0131 ve i\u015flemeli kollar\u0131 ile \u00f6ne \u00e7\u0131kar ve sofistike bir stil sunar. Kombine yap\u0131s\u0131, \u00e7abas\u0131z bir \u015f\u0131kl\u0131k sa\u011flarken, kollardaki narin i\u015flemeler tasar\u0131ma feminen bir dokunu\u015f katar. \u2014 Teknik Detaylar \u2014 Desen: D\u00fcz \u2013 \u0130\u015flemeli Yaka Tipi: Kap\u00fc\u015fonlu Yaka Kol Tipi: Uzun Kol Cep: D\u00fcnya Cebi Astar: Astars\u0131z \u00dcr\u00fcn Uzunlu\u011fu: 120 cm [&hellip;]<\/p>\n","protected":false},"featured_media":51993,"comment_status":"open","ping_status":"closed","template":"","meta":[],"product_brand":[],"product_cat":[2047],"product_tag":[5012,6767,6776],"class_list":{"0":"post-8497","1":"product","2":"type-product","3":"status-publish","4":"has-post-thumbnail","6":"product_cat-paltolar","7":"product_tag-elegant","8":"product_tag-feminen","9":"product_tag-trenckot","10":"pa_color-bej","11":"pa_size-4706","12":"pa_size-4711","13":"pa_size-4713","14":"pa_size-4751","15":"pa_size-4749","16":"pa_size-4747","18":"first","19":"instock","20":"sale","21":"shipping-taxable","22":"purchasable","23":"product-type-variable"},"_links":{"self":[{"href":"https:\/\/mod.wisdar.net\/tr\/wp-json\/wp\/v2\/product\/8497","targetHints":{"allow":["GET"]}}],"collection":[{"href":"https:\/\/mod.wisdar.net\/tr\/wp-json\/wp\/v2\/product"}],"about":[{"href":"https:\/\/mod.wisdar.net\/tr\/wp-json\/wp\/v2\/types\/product"}],"replies":[{"embeddable":true,"href":"https:\/\/mod.wisdar.net\/tr\/wp-json\/wp\/v2\/comments?post=8497"}],"wp:featuredmedia":[{"embeddable":true,"href":"https:\/\/mod.wisdar.net\/tr\/wp-json\/wp\/v2\/media\/51993"}],"wp:attachment":[{"href":"https:\/\/mod.wisdar.net\/tr\/wp-json\/wp\/v2\/media?parent=8497"}],"wp:term":[{"taxonomy":"product_brand","embeddable":true,"href":"https:\/\/mod.wisdar.net\/tr\/wp-json\/wp\/v2\/product_brand?post=8497"},{"taxonomy":"product_cat","embeddable":true,"href":"https:\/\/mod.wisdar.net\/tr\/wp-json\/wp\/v2\/product_cat?post=8497"},{"taxonomy":"product_tag","embeddable":true,"href":"https:\/\/mod.wisdar.net\/tr\/wp-json\/wp\/v2\/product_tag?post=8497"}],"curies":[{"name":"wp","href":"https:\/\/api.w.org\/{rel}","templated":true}]}}