{"id":84973,"date":"2026-02-01T12:25:33","date_gmt":"2026-02-01T12:25:33","guid":{"rendered":"https:\/\/modesthanim.com\/product\/siyah-beli-lastikli-dantel-detayli-a-kesim-etek\/"},"modified":"2026-02-01T12:25:58","modified_gmt":"2026-02-01T12:25:58","slug":"siyah-beli-lastikli-dantel-detayli-a-kesim-etek","status":"publish","type":"product","link":"https:\/\/mod.wisdar.net\/tr\/urun\/siyah-beli-lastikli-dantel-detayli-a-kesim-etek\/","title":{"rendered":"Siyah Beli Lastikli Dantel Detayl\u0131 A Kesim Etek"},"content":{"rendered":"<p>LCW Modest Siyah Beli Lastikli Dantel Detayl\u0131 A Kesim Etek size \u00f6zel indirim, taksit ve kap\u0131da \u00f6deme avantajlar\u0131yla LCW&#8217;de! Hemen online al\u0131\u015fveri\u015f yap, \u00fcr\u00fcn kap\u0131na gelsin! \u2013 S6NF72Z8-CVL<\/p>\n<p>\u2014 Technical Details \u2014<br \/>\n\u00dcr\u00fcn Tipi: Etek<br \/>\nCinsiyet: Kad\u0131n<br \/>\nKal\u0131p: Rahat &amp; Relax<br \/>\nKuma\u015f: Saten<br \/>\nBel Fiti: Beli Lastikli<br \/>\nDesen: D\u00fcz<br \/>\nSiluet: A Kesim<br \/>\nAstar Detay: Astarl\u0131<br \/>\nUzunluk: Midi<br \/>\nKoleksiyon: Tesett\u00fcr Giyim<\/p>\n","protected":false},"excerpt":{"rendered":"<p>LCW Modest Siyah Beli Lastikli Dantel Detayl\u0131 A Kesim Etek size \u00f6zel indirim, taksit ve kap\u0131da \u00f6deme avantajlar\u0131yla LCW&#8217;de! Hemen online al\u0131\u015fveri\u015f yap, \u00fcr\u00fcn kap\u0131na gelsin! \u2013 S6NF72Z8-CVL \u2014 Technical Details \u2014 \u00dcr\u00fcn Tipi: Etek Cinsiyet: Kad\u0131n Kal\u0131p: Rahat &amp; Relax Kuma\u015f: Saten Bel Fiti: Beli Lastikli Desen: D\u00fcz Siluet: A Kesim Astar Detay: Astarl\u0131 [&hellip;]<\/p>\n","protected":false},"featured_media":84960,"comment_status":"open","ping_status":"closed","template":"","meta":[],"product_brand":[],"product_cat":[1969],"product_tag":[4848,7623,7625,6765,7614,7621,7548,7624,7622],"class_list":{"0":"post-84973","1":"product","2":"type-product","3":"status-publish","4":"has-post-thumbnail","6":"product_cat-etekler","7":"product_tag-a-line-skirt","8":"product_tag-dantel-detayli","9":"product_tag-kadin-giyim-2","10":"product_tag-lastikli-bel","11":"product_tag-lcw-modest","12":"product_tag-midi-etek","13":"product_tag-mutevazi-moda","14":"product_tag-saten-etek","15":"product_tag-siyah-etek","16":"pa_brand-lcw-modest","17":"pa_color-siyah","18":"pa_size-4698","19":"pa_size-4701","20":"pa_size-4706","21":"pa_size-4711","22":"pa_size-4713","23":"pa_size-4751","25":"first","26":"instock","27":"shipping-taxable","28":"purchasable","29":"product-type-variable"},"_links":{"self":[{"href":"https:\/\/mod.wisdar.net\/tr\/wp-json\/wp\/v2\/product\/84973","targetHints":{"allow":["GET"]}}],"collection":[{"href":"https:\/\/mod.wisdar.net\/tr\/wp-json\/wp\/v2\/product"}],"about":[{"href":"https:\/\/mod.wisdar.net\/tr\/wp-json\/wp\/v2\/types\/product"}],"replies":[{"embeddable":true,"href":"https:\/\/mod.wisdar.net\/tr\/wp-json\/wp\/v2\/comments?post=84973"}],"wp:featuredmedia":[{"embeddable":true,"href":"https:\/\/mod.wisdar.net\/tr\/wp-json\/wp\/v2\/media\/84960"}],"wp:attachment":[{"href":"https:\/\/mod.wisdar.net\/tr\/wp-json\/wp\/v2\/media?parent=84973"}],"wp:term":[{"taxonomy":"product_brand","embeddable":true,"href":"https:\/\/mod.wisdar.net\/tr\/wp-json\/wp\/v2\/product_brand?post=84973"},{"taxonomy":"product_cat","embeddable":true,"href":"https:\/\/mod.wisdar.net\/tr\/wp-json\/wp\/v2\/product_cat?post=84973"},{"taxonomy":"product_tag","embeddable":true,"href":"https:\/\/mod.wisdar.net\/tr\/wp-json\/wp\/v2\/product_tag?post=84973"}],"curies":[{"name":"wp","href":"https:\/\/api.w.org\/{rel}","templated":true}]}}