{"id":85042,"date":"2026-02-01T12:26:35","date_gmt":"2026-02-01T12:26:35","guid":{"rendered":"https:\/\/modesthanim.com\/product\/slim-fit-yuksek-bel-spor-tayt-2\/"},"modified":"2026-03-21T09:41:58","modified_gmt":"2026-03-21T09:41:58","slug":"slim-fit-yuksek-bel-spor-tayt-2","status":"publish","type":"product","link":"https:\/\/mod.wisdar.net\/tr\/urun\/slim-fit-yuksek-bel-spor-tayt-2\/","title":{"rendered":"Slim Fit Y\u00fcksek Bel Spor Tayt"},"content":{"rendered":"<p>Slim fit tasar\u0131ma ve y\u00fcksek bel yap\u0131s\u0131na sahip spor tayt, aktif ya\u015fam tarz\u0131n\u0131z\u0131 destekliyor. Normal pa\u00e7a uzunlu\u011fu ve elastik yap\u0131s\u0131 sayesinde hareket \u00f6zg\u00fcrl\u00fc\u011f\u00fc sunuyor. Kullan\u0131m\u0131 son derece pratik olan tayt, spor aktivitelerinde tercih edilebilece\u011fi gibi g\u00fcnl\u00fck kombinlerinizde de rahatl\u0131kla kullan\u0131labiliyor. Kaliteli kuma\u015f\u0131 konforu ve dayan\u0131kl\u0131l\u0131\u011f\u0131 bir araya getirirken, \u015f\u0131k ve i\u015flevsel kombinler yarat\u0131yor.<\/p>\n<p>\u2014 Technical Details \u2014<br \/>\nSil\u00fcet: Legging<br \/>\nBel Y\u00fcksekli\u011fi: Y\u00fcksek Bel<br \/>\n\u00dcr\u00fcn Tipi \/ Stil: Legging<br \/>\n\u00dcr\u00fcn\u00fcn Alt Markas\u0131: Trends<\/p>\n","protected":false},"excerpt":{"rendered":"<p>Slim fit tasar\u0131ma ve y\u00fcksek bel yap\u0131s\u0131na sahip spor tayt, aktif ya\u015fam tarz\u0131n\u0131z\u0131 destekliyor. Normal pa\u00e7a uzunlu\u011fu ve elastik yap\u0131s\u0131 sayesinde hareket \u00f6zg\u00fcrl\u00fc\u011f\u00fc sunuyor. Kullan\u0131m\u0131 son derece pratik olan tayt, spor aktivitelerinde tercih edilebilece\u011fi gibi g\u00fcnl\u00fck kombinlerinizde de rahatl\u0131kla kullan\u0131labiliyor. Kaliteli kuma\u015f\u0131 konforu ve dayan\u0131kl\u0131l\u0131\u011f\u0131 bir araya getirirken, \u015f\u0131k ve i\u015flevsel kombinler yarat\u0131yor. \u2014 Technical [&hellip;]<\/p>\n","protected":false},"featured_media":85034,"comment_status":"open","ping_status":"closed","template":"","meta":[],"product_brand":[],"product_cat":[6954,6948],"product_tag":[7444,7424,7480,7443],"class_list":{"0":"post-85042","1":"product","2":"type-product","3":"status-publish","4":"has-post-thumbnail","6":"product_cat-alt-vucut-alt-giyim","7":"product_cat-spor-giyim","8":"product_tag-jarse","9":"product_tag-spor-giyim","10":"product_tag-tayt","11":"product_tag-trendler","12":"pa_brand-koton","13":"pa_color-mavi","14":"pa_size-l","15":"pa_size-m","16":"pa_size-s","17":"pa_size-xl","18":"pa_size-xs","20":"first","21":"outofstock","22":"shipping-taxable","23":"product-type-variable"},"_links":{"self":[{"href":"https:\/\/mod.wisdar.net\/tr\/wp-json\/wp\/v2\/product\/85042","targetHints":{"allow":["GET"]}}],"collection":[{"href":"https:\/\/mod.wisdar.net\/tr\/wp-json\/wp\/v2\/product"}],"about":[{"href":"https:\/\/mod.wisdar.net\/tr\/wp-json\/wp\/v2\/types\/product"}],"replies":[{"embeddable":true,"href":"https:\/\/mod.wisdar.net\/tr\/wp-json\/wp\/v2\/comments?post=85042"}],"wp:featuredmedia":[{"embeddable":true,"href":"https:\/\/mod.wisdar.net\/tr\/wp-json\/wp\/v2\/media\/85034"}],"wp:attachment":[{"href":"https:\/\/mod.wisdar.net\/tr\/wp-json\/wp\/v2\/media?parent=85042"}],"wp:term":[{"taxonomy":"product_brand","embeddable":true,"href":"https:\/\/mod.wisdar.net\/tr\/wp-json\/wp\/v2\/product_brand?post=85042"},{"taxonomy":"product_cat","embeddable":true,"href":"https:\/\/mod.wisdar.net\/tr\/wp-json\/wp\/v2\/product_cat?post=85042"},{"taxonomy":"product_tag","embeddable":true,"href":"https:\/\/mod.wisdar.net\/tr\/wp-json\/wp\/v2\/product_tag?post=85042"}],"curies":[{"name":"wp","href":"https:\/\/api.w.org\/{rel}","templated":true}]}}