{"id":85048,"date":"2026-02-01T12:26:38","date_gmt":"2026-02-01T12:26:38","guid":{"rendered":"https:\/\/modesthanim.com\/product\/yuksek-bel-dikis-detayli-ispanyol-paca-spor-tayt\/"},"modified":"2026-03-21T09:42:20","modified_gmt":"2026-03-21T09:42:20","slug":"yuksek-bel-dikis-detayli-ispanyol-paca-spor-tayt","status":"publish","type":"product","link":"https:\/\/mod.wisdar.net\/tr\/urun\/yuksek-bel-dikis-detayli-ispanyol-paca-spor-tayt\/","title":{"rendered":"Y\u00fcksek Bel Diki\u015f Detayl\u0131 \u0130spanyol Pa\u00e7a Spor Tayt"},"content":{"rendered":"<p>Y\u00fcksek bel, \u0130spanyol pa\u00e7a tayt, zarif diki\u015f detaylar\u0131yla g\u00f6z al\u0131c\u0131 bir stil sunuyor. V\u00fccudu saran slim fit tasar\u0131m\u0131, estetik ve rahatl\u0131\u011f\u0131 bir araya getirerek g\u00fcnl\u00fck spor aktivitelerinizde konfor sa\u011fl\u0131yor. \u0130spanyol pa\u00e7a kesimi ile trend bir g\u00f6r\u00fcn\u00fcm yakalayan tayt, spor giyim \u015f\u0131kl\u0131\u011f\u0131n\u0131 bir \u00fcst seviyeye ta\u015f\u0131yor. Tayt, diki\u015f detaylar\u0131yla modern bir hava yakal\u0131yor. Her stile hitap eden bu tasar\u0131m, dolab\u0131n\u0131z\u0131n vazge\u00e7ilmez bir par\u00e7as\u0131 olacak.<\/p>\n<p>Stil \u00d6nerisi<br \/>\nTayt\u0131, basic bir spor b\u00fcstiyer ve rahat ayakkab\u0131larla kombinleyerek stil sahibi bir g\u00f6r\u00fcn\u00fcm elde edebilirsiniz. So\u011fuk havalarda ise \u00fczerine renkli bir kap\u00fc\u015fonlu sweatshirt ekleyerek casual bir \u015f\u0131kl\u0131k yakalayabilirsiniz. Egzersiz \u00e7antan\u0131z ve \u015f\u0131k bir spor \u015fapkayla tamamlad\u0131\u011f\u0131n\u0131zda, haftan\u0131n her g\u00fcn\u00fc rahat bir g\u00f6r\u00fcn\u00fcm sa\u011flam\u0131\u015f olacaks\u0131n\u0131z.<\/p>\n<p>\u00dcr\u00fcn \u00d6zellikleri<br \/>\nBel Tipi: Y\u00fcksek Bel<br \/>\nFit: Slim Fit<br \/>\nPa\u00e7a: \u0130spanyol Pa\u00e7a<br \/>\nStil: Spor Tayt<br \/>\nKuma\u015f: %75 Polyester, %25 Elastan<br \/>\nDetay: Diki\u015f Detayl\u0131<br \/>\nKullan\u0131m Alan\u0131: Spor Giyim, G\u00fcnl\u00fck Giyim<\/p>\n<p>Koton&#8217;un \u015f\u0131k ve trend tayt koleksiyonuyla stilinizi yenileyin. \u0130ster spor yaparken ister g\u00fcnl\u00fck kombinlerde m\u00fckemmel uyumu yakalay\u0131n!<\/p>\n","protected":false},"excerpt":{"rendered":"<p>Y\u00fcksek bel, \u0130spanyol pa\u00e7a tayt, zarif diki\u015f detaylar\u0131yla g\u00f6z al\u0131c\u0131 bir stil sunuyor. V\u00fccudu saran slim fit tasar\u0131m\u0131, estetik ve rahatl\u0131\u011f\u0131 bir araya getirerek g\u00fcnl\u00fck spor aktivitelerinizde konfor sa\u011fl\u0131yor. \u0130spanyol pa\u00e7a kesimi ile trend bir g\u00f6r\u00fcn\u00fcm yakalayan tayt, spor giyim \u015f\u0131kl\u0131\u011f\u0131n\u0131 bir \u00fcst seviyeye ta\u015f\u0131yor. Tayt, diki\u015f detaylar\u0131yla modern bir hava yakal\u0131yor. Her stile hitap [&hellip;]<\/p>\n","protected":false},"featured_media":85036,"comment_status":"open","ping_status":"closed","template":"","meta":[],"product_brand":[],"product_cat":[6954,6948],"product_tag":[7638,7637,7639,7640,7467,7636,7466],"class_list":{"0":"post-85048","1":"product","2":"type-product","3":"status-publish","4":"has-post-thumbnail","6":"product_cat-alt-vucut-alt-giyim","7":"product_cat-spor-giyim","8":"product_tag-aktif-giyim","9":"product_tag-dikis-detayi","10":"product_tag-fitness-giyim","11":"product_tag-gunluk-tayt","12":"product_tag-ispanyol-paca","13":"product_tag-spor-tayt","14":"product_tag-yuksek-bel","15":"pa_brand-koton","16":"pa_color-murdum","17":"pa_size-l","18":"pa_size-m","19":"pa_size-s","20":"pa_size-xl","21":"pa_size-xs","23":"first","24":"outofstock","25":"shipping-taxable","26":"product-type-variable"},"_links":{"self":[{"href":"https:\/\/mod.wisdar.net\/tr\/wp-json\/wp\/v2\/product\/85048","targetHints":{"allow":["GET"]}}],"collection":[{"href":"https:\/\/mod.wisdar.net\/tr\/wp-json\/wp\/v2\/product"}],"about":[{"href":"https:\/\/mod.wisdar.net\/tr\/wp-json\/wp\/v2\/types\/product"}],"replies":[{"embeddable":true,"href":"https:\/\/mod.wisdar.net\/tr\/wp-json\/wp\/v2\/comments?post=85048"}],"wp:featuredmedia":[{"embeddable":true,"href":"https:\/\/mod.wisdar.net\/tr\/wp-json\/wp\/v2\/media\/85036"}],"wp:attachment":[{"href":"https:\/\/mod.wisdar.net\/tr\/wp-json\/wp\/v2\/media?parent=85048"}],"wp:term":[{"taxonomy":"product_brand","embeddable":true,"href":"https:\/\/mod.wisdar.net\/tr\/wp-json\/wp\/v2\/product_brand?post=85048"},{"taxonomy":"product_cat","embeddable":true,"href":"https:\/\/mod.wisdar.net\/tr\/wp-json\/wp\/v2\/product_cat?post=85048"},{"taxonomy":"product_tag","embeddable":true,"href":"https:\/\/mod.wisdar.net\/tr\/wp-json\/wp\/v2\/product_tag?post=85048"}],"curies":[{"name":"wp","href":"https:\/\/api.w.org\/{rel}","templated":true}]}}