{"id":85125,"date":"2026-02-01T12:28:09","date_gmt":"2026-02-01T12:28:09","guid":{"rendered":"https:\/\/modesthanim.com\/product\/yuksek-bel-kargo-cepli-genis-paca-esofman-alti-2\/"},"modified":"2026-03-21T09:32:00","modified_gmt":"2026-03-21T09:32:00","slug":"yuksek-bel-kargo-cepli-genis-paca-esofman-alti-2","status":"publish","type":"product","link":"https:\/\/mod.wisdar.net\/tr\/urun\/yuksek-bel-kargo-cepli-genis-paca-esofman-alti-2\/","title":{"rendered":"Y\u00fcksek Bel Kargo Cepli Geni\u015f Pa\u00e7a E\u015fofman Alt\u0131"},"content":{"rendered":"<p>Kargo pantolon, y\u00fcksek bel tasar\u0131m\u0131 ve geni\u015f cepleri ile rahatl\u0131k sunuyor. G\u00fcnl\u00fck kullan\u0131ma uygun yap\u0131s\u0131 sayesinde spor ve casual kombinlerin vazge\u00e7ilmezi olmay\u0131 ba\u015far\u0131yor. Esnek beli ve normal pa\u00e7a kesimi ile g\u00fcn boyu konfor sunarken \u015f\u0131kl\u0131\u011f\u0131 da elden b\u0131rakm\u0131yor. Kuma\u015f yap\u0131s\u0131yla dikkat \u00e7eken pantolon, her mevsim trend bir g\u00f6r\u00fcn\u00fcm elde etmenize yard\u0131mc\u0131 oluyor.<\/p>\n<p>Stil \u00d6nerisi<br \/>\nKargo pantolonu, basic bir ti\u015f\u00f6rt ve spor ayakkab\u0131lar ile kombinleyerek g\u00fcnl\u00fck bir g\u00f6r\u00fcn\u00fcm yakalayabilirsiniz. So\u011fuk havalarda \u00fczerine oversize bir sweatshirt alarak stilinizi tamamlayabilirsiniz. \u015e\u0131k bir gece kombini i\u00e7inse crop top ve topuklu botlarla tamamlayarak dikkat \u00e7ekici bir tarz olu\u015fturabilirsiniz. Minimal aksesuarlar ile g\u00f6r\u00fcn\u00fcm\u00fcn\u00fcz\u00fc zenginle\u015ftirin ve her ortamda stilinizle \u00f6n plana \u00e7\u0131k\u0131n.<\/p>\n<p>\u00dcr\u00fcn \u00d6zellikleri<br \/>\nBel Tipi: Y\u00fcksek Bel<br \/>\nCep Tipi: Kargo Cep<br \/>\nFit: Regular<br \/>\nPa\u00e7a Tipi: Normal Pa\u00e7a<br \/>\nKullan\u0131m Alan\u0131: G\u00fcnl\u00fck Giyim, Spor Giyim<\/p>\n<p>Koton pantolon koleksiyonu ile modern bir tarz yarat\u0131n. Koton&#8217;un trend \u00fcr\u00fcnleri ile stilinizi \u00f6ne \u00e7\u0131kar\u0131n!<\/p>\n<p>\u2014 Technical Details \u2014<br \/>\nmodel_measurements: Boy: 175 \/ Bel: 60 \/ G\u00f6\u011f\u00fcs: 87 \/ Kal\u00e7a: 90<br \/>\nmodel_size: Jean: 27\/32 \/ Modelin Bedeni: S<br \/>\nsilhouette: Kargo Wide Leg<br \/>\nwaist_height: Y\u00fcksek Bel<br \/>\nproduct_type_style: Kargo Wide Leg<br \/>\nsub_brand: Trends<\/p>\n","protected":false},"excerpt":{"rendered":"<p>Kargo pantolon, y\u00fcksek bel tasar\u0131m\u0131 ve geni\u015f cepleri ile rahatl\u0131k sunuyor. G\u00fcnl\u00fck kullan\u0131ma uygun yap\u0131s\u0131 sayesinde spor ve casual kombinlerin vazge\u00e7ilmezi olmay\u0131 ba\u015far\u0131yor. Esnek beli ve normal pa\u00e7a kesimi ile g\u00fcn boyu konfor sunarken \u015f\u0131kl\u0131\u011f\u0131 da elden b\u0131rakm\u0131yor. Kuma\u015f yap\u0131s\u0131yla dikkat \u00e7eken pantolon, her mevsim trend bir g\u00f6r\u00fcn\u00fcm elde etmenize yard\u0131mc\u0131 oluyor. Stil \u00d6nerisi Kargo [&hellip;]<\/p>\n","protected":false},"featured_media":85117,"comment_status":"open","ping_status":"closed","template":"","meta":[],"product_brand":[],"product_cat":[6954,6948],"product_tag":[6761,7651,7426,7652,7653,7424,7654,7650],"class_list":{"0":"post-85125","1":"product","2":"type-product","3":"status-publish","4":"has-post-thumbnail","6":"product_cat-alt-vucut-alt-giyim","7":"product_cat-spor-giyim","8":"product_tag-bol-paca","9":"product_tag-esofman-alti","10":"product_tag-gunluk-giyim-3","11":"product_tag-gunluk-moda-2","12":"product_tag-kargo-pantolon","13":"product_tag-spor-giyim","14":"product_tag-trend-alt-giyim","15":"product_tag-yuksek-bel-3","16":"pa_brand-koton","17":"pa_color-siyah","18":"pa_size-l","19":"pa_size-m","20":"pa_size-s","21":"pa_size-xl","22":"pa_size-xs","24":"first","25":"outofstock","26":"shipping-taxable","27":"product-type-variable"},"_links":{"self":[{"href":"https:\/\/mod.wisdar.net\/tr\/wp-json\/wp\/v2\/product\/85125","targetHints":{"allow":["GET"]}}],"collection":[{"href":"https:\/\/mod.wisdar.net\/tr\/wp-json\/wp\/v2\/product"}],"about":[{"href":"https:\/\/mod.wisdar.net\/tr\/wp-json\/wp\/v2\/types\/product"}],"replies":[{"embeddable":true,"href":"https:\/\/mod.wisdar.net\/tr\/wp-json\/wp\/v2\/comments?post=85125"}],"wp:featuredmedia":[{"embeddable":true,"href":"https:\/\/mod.wisdar.net\/tr\/wp-json\/wp\/v2\/media\/85117"}],"wp:attachment":[{"href":"https:\/\/mod.wisdar.net\/tr\/wp-json\/wp\/v2\/media?parent=85125"}],"wp:term":[{"taxonomy":"product_brand","embeddable":true,"href":"https:\/\/mod.wisdar.net\/tr\/wp-json\/wp\/v2\/product_brand?post=85125"},{"taxonomy":"product_cat","embeddable":true,"href":"https:\/\/mod.wisdar.net\/tr\/wp-json\/wp\/v2\/product_cat?post=85125"},{"taxonomy":"product_tag","embeddable":true,"href":"https:\/\/mod.wisdar.net\/tr\/wp-json\/wp\/v2\/product_tag?post=85125"}],"curies":[{"name":"wp","href":"https:\/\/api.w.org\/{rel}","templated":true}]}}