{"id":85129,"date":"2026-02-01T12:28:11","date_gmt":"2026-02-01T12:28:11","guid":{"rendered":"https:\/\/modesthanim.com\/product\/dik-yaka-viskon-karisimli-biyeli-fermuarli-rahat-kalip-spor-sweatshirt\/"},"modified":"2026-04-09T10:13:47","modified_gmt":"2026-04-09T10:13:47","slug":"dik-yaka-viskon-karisimli-biyeli-fermuarli-rahat-kalip-spor-sweatshirt","status":"publish","type":"product","link":"https:\/\/mod.wisdar.net\/tr\/urun\/dik-yaka-viskon-karisimli-biyeli-fermuarli-rahat-kalip-spor-sweatshirt\/","title":{"rendered":"Dik Yaka Viskon Kar\u0131\u015f\u0131ml\u0131 Biyeli Fermuarl\u0131 Rahat Kal\u0131p Spor Sweatshirt"},"content":{"rendered":"<p>Fermuarl\u0131 spor sweatshirt, g\u00fcnl\u00fck aktivitelerinizde ve spor yaparken konfor sunuyor. Dik yaka tasar\u0131m\u0131 ve uzun kollar\u0131 ile serin havalarda ideal bir se\u00e7enek haline geliyor. Fermuarl\u0131 yap\u0131s\u0131 rahatl\u0131k sa\u011flarken, biyeli diki\u015fleri modern bir g\u00f6r\u00fcn\u00fcm kat\u0131yor. Esnek kuma\u015f\u0131 sayesinde hareket \u00f6zg\u00fcrl\u00fc\u011f\u00fc sunuyor, \u015f\u0131kl\u0131k ve konforu bir araya getiriyor. Spor yaparken veya g\u00fcnl\u00fck kullan\u0131mlarda tercih edebilece\u011finiz bu sweatshirt, gard\u0131robunuzun vazge\u00e7ilmez par\u00e7alar\u0131ndan olmaya aday. Stil \u00d6nerisi Dik yaka, uzun kollu, spor sweatshirt, g\u00fcnl\u00fck stilinize rahatl\u0131k kat\u0131yor. \u015e\u0131k bir e\u015fofman alt\u0131 ve spor ayakkab\u0131larla kombinleyerek spor enerjinizi art\u0131rabilirsiniz. G\u00fcnl\u00fck g\u00f6r\u00fcn\u00fcmlerde ise skinny bir jean ve beyaz spor ayakkab\u0131larla kombinleyerek rahat ve spor bir \u015f\u0131kl\u0131k yakalayabilirsiniz. Sonbahar aylar\u0131nda ince bir mont modelleri ile m\u00fckemmel bir uyum yakalayarak stilinizi tamamlayabilirsiniz. \u00dcr\u00fcn \u00d6zellikleri Fit: Rahat Kal\u0131p Kol Tipi: Uzun Kol Yaka Tipi: Dik Yaka Detay: Fermuarl\u0131 Cep, Biyeli Kuma\u015f: %43 Polyester, %50 Viskoz, %7 Elastan Kullan\u0131m Alan\u0131: G\u00fcnl\u00fck Giyim, Spor Giyim Koton&#8217;un spor giyim koleksiyonuyla tarz\u0131n\u0131z\u0131 yans\u0131t\u0131n. Spor ve g\u00fcnl\u00fck kombinlerinizi spor sweatshirt ile tamamlay\u0131n!<\/p>\n","protected":false},"excerpt":{"rendered":"<p>Fermuarl\u0131 spor sweatshirt, g\u00fcnl\u00fck aktivitelerinizde ve spor yaparken konfor sunuyor. Dik yaka tasar\u0131m\u0131 ve uzun kollar\u0131 ile serin havalarda ideal bir se\u00e7enek haline geliyor. Fermuarl\u0131 yap\u0131s\u0131 rahatl\u0131k sa\u011flarken, biyeli diki\u015fleri modern bir g\u00f6r\u00fcn\u00fcm kat\u0131yor. Esnek kuma\u015f\u0131 sayesinde hareket \u00f6zg\u00fcrl\u00fc\u011f\u00fc sunuyor, \u015f\u0131kl\u0131k ve konforu bir araya getiriyor. Spor yaparken veya g\u00fcnl\u00fck kullan\u0131mlarda tercih edebilece\u011finiz bu sweatshirt, [&hellip;]<\/p>\n","protected":false},"featured_media":85120,"comment_status":"open","ping_status":"closed","template":"","meta":[],"product_brand":[],"product_cat":[6948,6951],"product_tag":[7638,7350,7418,7643,7354,6751,7424,7422],"class_list":{"0":"post-85129","1":"product","2":"type-product","3":"status-publish","4":"has-post-thumbnail","6":"product_cat-spor-giyim","7":"product_cat-ust-giyim-ustler","8":"product_tag-aktif-giyim","9":"product_tag-balikci-yaka","10":"product_tag-fermuar","11":"product_tag-fitilli","12":"product_tag-gunluk-giyim-2","13":"product_tag-rahat","14":"product_tag-spor-giyim","15":"product_tag-sweatshirt","16":"pa_brand-koton","17":"pa_color-gri","18":"pa_size-l","19":"pa_size-m","20":"pa_size-s","21":"pa_size-xl","22":"pa_size-xs","24":"first","25":"outofstock","26":"shipping-taxable","27":"product-type-variable"},"_links":{"self":[{"href":"https:\/\/mod.wisdar.net\/tr\/wp-json\/wp\/v2\/product\/85129","targetHints":{"allow":["GET"]}}],"collection":[{"href":"https:\/\/mod.wisdar.net\/tr\/wp-json\/wp\/v2\/product"}],"about":[{"href":"https:\/\/mod.wisdar.net\/tr\/wp-json\/wp\/v2\/types\/product"}],"replies":[{"embeddable":true,"href":"https:\/\/mod.wisdar.net\/tr\/wp-json\/wp\/v2\/comments?post=85129"}],"wp:featuredmedia":[{"embeddable":true,"href":"https:\/\/mod.wisdar.net\/tr\/wp-json\/wp\/v2\/media\/85120"}],"wp:attachment":[{"href":"https:\/\/mod.wisdar.net\/tr\/wp-json\/wp\/v2\/media?parent=85129"}],"wp:term":[{"taxonomy":"product_brand","embeddable":true,"href":"https:\/\/mod.wisdar.net\/tr\/wp-json\/wp\/v2\/product_brand?post=85129"},{"taxonomy":"product_cat","embeddable":true,"href":"https:\/\/mod.wisdar.net\/tr\/wp-json\/wp\/v2\/product_cat?post=85129"},{"taxonomy":"product_tag","embeddable":true,"href":"https:\/\/mod.wisdar.net\/tr\/wp-json\/wp\/v2\/product_tag?post=85129"}],"curies":[{"name":"wp","href":"https:\/\/api.w.org\/{rel}","templated":true}]}}