{"id":85191,"date":"2026-02-01T12:29:30","date_gmt":"2026-02-01T12:29:30","guid":{"rendered":"https:\/\/modesthanim.com\/product\/ekstra-yuksek-bel-cep-detayli-spor-jogger-esofman-alti\/"},"modified":"2026-03-21T09:30:57","modified_gmt":"2026-03-21T09:30:57","slug":"ekstra-yuksek-bel-cep-detayli-spor-jogger-esofman-alti","status":"publish","type":"product","link":"https:\/\/mod.wisdar.net\/tr\/urun\/ekstra-yuksek-bel-cep-detayli-spor-jogger-esofman-alti\/","title":{"rendered":"Ekstra Y\u00fcksek Bel Cep Detayl\u0131 Spor Jogger E\u015fofman Alt\u0131"},"content":{"rendered":"<p>Jogger e\u015fofman alt\u0131, ekstra y\u00fcksek bel tasar\u0131m\u0131 ve rahat kal\u0131b\u0131 ile sportif \u015f\u0131kl\u0131\u011f\u0131 ve konforu bir araya getiriyor. Beli ba\u011fc\u0131kl\u0131 detay\u0131 sayesinde v\u00fccut tipine \u00f6zel bir uyum sa\u011flarken, lastikli pa\u00e7a yap\u0131s\u0131 konforu art\u0131r\u0131yor. Yan cepleri pratiklik katarken, g\u00fcnl\u00fck ve spor aktivitelerde kullan\u0131m\u0131 ideal k\u0131l\u0131yor. Bilek boyu, modern bir sil\u00fcet sunuyor ve g\u00fcn boyu rahatl\u0131k sa\u011fl\u0131yor.<\/p>\n<p>Stil \u00d6nerisi<br \/>\nJogger e\u015fofman alt\u0131, basic ti\u015f\u00f6rtler ve sneakers ile g\u00fcnl\u00fck stilinizi m\u00fckemmel \u015fekilde tamaml\u0131yor. Spor aktiviteler i\u00e7in ti\u015f\u00f6rt ve kap\u00fc\u015fonlu \u00fcstlerle kombinleyebilir, daha \u015f\u0131k bir g\u00f6r\u00fcn\u00fcm i\u00e7inse oversize bir kazak ve deri g\u00f6r\u00fcn\u00fcml\u00fc bir ceketle tamamlayabilirsiniz. Minimal aksesuarlar ve spor bir \u00e7antayla stilinizi vurgulayarak her ortamda dikkat \u00e7ekici bir g\u00f6r\u00fcn\u00fcm yakalayabilirsiniz.<\/p>\n<p>\u00dcr\u00fcn \u00d6zellikleri<br \/>\nBel Tipi: Ekstra Y\u00fcksek Bel<br \/>\nCep Tipi: Yan Cep<br \/>\n\u00dcr\u00fcn\u00fcn Fit Tipi: Rahat Kal\u0131p<br \/>\nPa\u00e7a Bilgisi: Lastikli Pa\u00e7a<br \/>\nStil ve Siluet: Jogger<br \/>\nKuma\u015f: %13 Elastan, %87 Polyester<br \/>\nKullan\u0131m Alan\u0131: G\u00fcnl\u00fck Giyim, Spor Giyim<\/p>\n<p>Koton&#8217;un jogger e\u015fofman alt\u0131 modelleriyle g\u00fcn boyu stilinizi koruyun. Her ortamda \u015f\u0131kl\u0131\u011f\u0131 ve konforu bir arada sunan tasar\u0131mlar\u0131m\u0131z\u0131 ke\u015ffedin!<\/p>\n<p>\u2014 Technical Details \u2014<br \/>\nKuma\u015f: %13 ELASTAN, %87 POL\u0130ESTER<br \/>\nSil\u00fcet: Jogger<br \/>\nBel Y\u00fcksekli\u011fi: Ekstra Y\u00fcksek Bel<br \/>\n\u00dcr\u00fcn Tipi \/ Stil: Jogger<br \/>\n\u00dcr\u00fcn\u00fcn Alt Markas\u0131: Trends<\/p>\n","protected":false},"excerpt":{"rendered":"<p>Jogger e\u015fofman alt\u0131, ekstra y\u00fcksek bel tasar\u0131m\u0131 ve rahat kal\u0131b\u0131 ile sportif \u015f\u0131kl\u0131\u011f\u0131 ve konforu bir araya getiriyor. Beli ba\u011fc\u0131kl\u0131 detay\u0131 sayesinde v\u00fccut tipine \u00f6zel bir uyum sa\u011flarken, lastikli pa\u00e7a yap\u0131s\u0131 konforu art\u0131r\u0131yor. Yan cepleri pratiklik katarken, g\u00fcnl\u00fck ve spor aktivitelerde kullan\u0131m\u0131 ideal k\u0131l\u0131yor. Bilek boyu, modern bir sil\u00fcet sunuyor ve g\u00fcn boyu rahatl\u0131k sa\u011fl\u0131yor. [&hellip;]<\/p>\n","protected":false},"featured_media":85182,"comment_status":"open","ping_status":"closed","template":"","meta":[],"product_brand":[],"product_cat":[6954,6948],"product_tag":[7657,7444,7424,7443],"class_list":{"0":"post-85191","1":"product","2":"type-product","3":"status-publish","4":"has-post-thumbnail","6":"product_cat-alt-vucut-alt-giyim","7":"product_cat-spor-giyim","8":"product_tag-esofman-altlari","9":"product_tag-jarse","10":"product_tag-spor-giyim","11":"product_tag-trendler","12":"pa_brand-koton","13":"pa_color-siyah","14":"pa_size-l","15":"pa_size-m","16":"pa_size-s","17":"pa_size-xl","18":"pa_size-xs","20":"first","21":"outofstock","22":"shipping-taxable","23":"product-type-variable"},"_links":{"self":[{"href":"https:\/\/mod.wisdar.net\/tr\/wp-json\/wp\/v2\/product\/85191","targetHints":{"allow":["GET"]}}],"collection":[{"href":"https:\/\/mod.wisdar.net\/tr\/wp-json\/wp\/v2\/product"}],"about":[{"href":"https:\/\/mod.wisdar.net\/tr\/wp-json\/wp\/v2\/types\/product"}],"replies":[{"embeddable":true,"href":"https:\/\/mod.wisdar.net\/tr\/wp-json\/wp\/v2\/comments?post=85191"}],"wp:featuredmedia":[{"embeddable":true,"href":"https:\/\/mod.wisdar.net\/tr\/wp-json\/wp\/v2\/media\/85182"}],"wp:attachment":[{"href":"https:\/\/mod.wisdar.net\/tr\/wp-json\/wp\/v2\/media?parent=85191"}],"wp:term":[{"taxonomy":"product_brand","embeddable":true,"href":"https:\/\/mod.wisdar.net\/tr\/wp-json\/wp\/v2\/product_brand?post=85191"},{"taxonomy":"product_cat","embeddable":true,"href":"https:\/\/mod.wisdar.net\/tr\/wp-json\/wp\/v2\/product_cat?post=85191"},{"taxonomy":"product_tag","embeddable":true,"href":"https:\/\/mod.wisdar.net\/tr\/wp-json\/wp\/v2\/product_tag?post=85191"}],"curies":[{"name":"wp","href":"https:\/\/api.w.org\/{rel}","templated":true}]}}