{"id":85206,"date":"2026-02-01T12:29:43","date_gmt":"2026-02-01T12:29:43","guid":{"rendered":"https:\/\/modesthanim.com\/product\/fermuarli-rahat-kalip-uzun-kollu-spor-sweatshirt\/"},"modified":"2026-04-09T10:12:39","modified_gmt":"2026-04-09T10:12:39","slug":"fermuarli-rahat-kalip-uzun-kollu-spor-sweatshirt","status":"publish","type":"product","link":"https:\/\/mod.wisdar.net\/tr\/urun\/fermuarli-rahat-kalip-uzun-kollu-spor-sweatshirt\/","title":{"rendered":"Fermuarl\u0131 Rahat Kal\u0131p Uzun Kollu Spor Sweatshirt"},"content":{"rendered":"<p>Uzun kollu, fermuarl\u0131, spor sweatshirt, zarif ve modern bir stil sunuyor. Dik yaka detay\u0131 sayesinde so\u011fuk havalardaki spor aktivitelerinizde konfor sa\u011flarken, rahat kesimi ile g\u00fcnl\u00fck rahatl\u0131\u011f\u0131n\u0131z\u0131 art\u0131r\u0131yor. Her mevsime uygun olan bu tasar\u0131m, esnek kuma\u015f\u0131 sayesinde hareket kabiliyetinizi art\u0131r\u0131yor. Ekstra konfor sa\u011flayan viskoz ve elastan kar\u0131\u015f\u0131m\u0131 kuma\u015f\u0131, hafif yap\u0131s\u0131yla g\u00fcnl\u00fck kullan\u0131mda vazge\u00e7ilmez bir par\u00e7a haline geliyor.<\/p>\n<p>Stil \u00d6nerisi<br \/>\nFermuarl\u0131, rahat kal\u0131p, spor sweatshirt, sportif ve \u015f\u0131k bir g\u00f6r\u00fcn\u00fcm elde etmek isteyenler i\u00e7in ideal bir par\u00e7ad\u0131r. Alt\u0131na giyece\u011finiz tayt veya jogger pantolonlarla kombinleyebilir, sneaker veya spor ayakkab\u0131larla stilinizi tamamlayabilirsiniz. Spor salonlar\u0131nda veya g\u00fcnl\u00fck ko\u015fu\u015fturmacalar\u0131n\u0131zda kullanabilece\u011finiz bu sweatshirt, so\u011fuk g\u00fcnlerde ince bir mont veya yelekle de rahat\u00e7a kombin edilebilir.<\/p>\n<p>\u00dcr\u00fcn \u00d6zellikleri<br \/>\nKol Tipi: Uzun Kol<br \/>\nYaka Tipi: Dik Yaka<br \/>\nFit: Rahat Kal\u0131p<br \/>\nKuma\u015f: %45 Polyester, %6 Elastan, %49 Viskoz<br \/>\nKullan\u0131m Alan\u0131: G\u00fcnl\u00fck Giyim, Spor Giyim<\/p>\n<p>Koton spor giyim koleksiyonunun bir par\u00e7as\u0131 olan bu sweatshirt ile tarz\u0131n\u0131z\u0131 ve rahatl\u0131\u011f\u0131n\u0131z\u0131 bir ad\u0131m \u00f6ne ta\u015f\u0131y\u0131n. \u015e\u0131kl\u0131k ve konforun m\u00fckemmel birle\u015fimini Koton&#8217;da ke\u015ffedin!<\/p>\n<p>Respect Life \u2013 Ya\u015fama Sayg\u0131 | \u00c7evre dostu kuma\u015f. Koton&#8217;un insana ve topluma de\u011fer katma, gelecek nesillere daha ya\u015fan\u0131labilir bir d\u00fcnya b\u0131rakma duyarl\u0131l\u0131\u011f\u0131yla haz\u0131rlad\u0131\u011f\u0131 koleksiyonu ke\u015ffedin.<\/p>\n","protected":false},"excerpt":{"rendered":"<p>Uzun kollu, fermuarl\u0131, spor sweatshirt, zarif ve modern bir stil sunuyor. Dik yaka detay\u0131 sayesinde so\u011fuk havalardaki spor aktivitelerinizde konfor sa\u011flarken, rahat kesimi ile g\u00fcnl\u00fck rahatl\u0131\u011f\u0131n\u0131z\u0131 art\u0131r\u0131yor. Her mevsime uygun olan bu tasar\u0131m, esnek kuma\u015f\u0131 sayesinde hareket kabiliyetinizi art\u0131r\u0131yor. Ekstra konfor sa\u011flayan viskoz ve elastan kar\u0131\u015f\u0131m\u0131 kuma\u015f\u0131, hafif yap\u0131s\u0131yla g\u00fcnl\u00fck kullan\u0131mda vazge\u00e7ilmez bir par\u00e7a haline [&hellip;]<\/p>\n","protected":false},"featured_media":85197,"comment_status":"open","ping_status":"closed","template":"","meta":[],"product_brand":[],"product_cat":[6948,6951],"product_tag":[7444,7424,7445,7443],"class_list":{"0":"post-85206","1":"product","2":"type-product","3":"status-publish","4":"has-post-thumbnail","6":"product_cat-spor-giyim","7":"product_cat-ust-giyim-ustler","8":"product_tag-jarse","9":"product_tag-spor-giyim","10":"product_tag-sweatshirtler","11":"product_tag-trendler","12":"pa_brand-koton","13":"pa_color-lacivert","14":"pa_size-l","15":"pa_size-m","16":"pa_size-s","17":"pa_size-xs","19":"first","20":"instock","21":"shipping-taxable","22":"purchasable","23":"product-type-variable"},"_links":{"self":[{"href":"https:\/\/mod.wisdar.net\/tr\/wp-json\/wp\/v2\/product\/85206","targetHints":{"allow":["GET"]}}],"collection":[{"href":"https:\/\/mod.wisdar.net\/tr\/wp-json\/wp\/v2\/product"}],"about":[{"href":"https:\/\/mod.wisdar.net\/tr\/wp-json\/wp\/v2\/types\/product"}],"replies":[{"embeddable":true,"href":"https:\/\/mod.wisdar.net\/tr\/wp-json\/wp\/v2\/comments?post=85206"}],"wp:featuredmedia":[{"embeddable":true,"href":"https:\/\/mod.wisdar.net\/tr\/wp-json\/wp\/v2\/media\/85197"}],"wp:attachment":[{"href":"https:\/\/mod.wisdar.net\/tr\/wp-json\/wp\/v2\/media?parent=85206"}],"wp:term":[{"taxonomy":"product_brand","embeddable":true,"href":"https:\/\/mod.wisdar.net\/tr\/wp-json\/wp\/v2\/product_brand?post=85206"},{"taxonomy":"product_cat","embeddable":true,"href":"https:\/\/mod.wisdar.net\/tr\/wp-json\/wp\/v2\/product_cat?post=85206"},{"taxonomy":"product_tag","embeddable":true,"href":"https:\/\/mod.wisdar.net\/tr\/wp-json\/wp\/v2\/product_tag?post=85206"}],"curies":[{"name":"wp","href":"https:\/\/api.w.org\/{rel}","templated":true}]}}