{"id":8527,"date":"2025-11-01T20:14:24","date_gmt":"2025-11-01T20:14:24","guid":{"rendered":"https:\/\/modesthanim.com\/product\/kemerli-apoletli-trenckot-bej\/"},"modified":"2026-04-10T15:23:09","modified_gmt":"2026-04-10T15:23:09","slug":"kemerli-apoletli-trenckot-bej","status":"publish","type":"product","link":"https:\/\/mod.wisdar.net\/tr\/urun\/kemerli-apoletli-trenckot-bej\/","title":{"rendered":"Kemerli Apoletli Tren\u00e7kot \u2013 Bej"},"content":{"rendered":"<p>Kemerli ve apoletli tasar\u0131m\u0131yla \u015f\u0131kl\u0131\u011f\u0131 ve zarafeti bir arada sunan bu tren\u00e7kot, modern ve sofistike bir g\u00f6r\u00fcn\u00fcm sa\u011flar. Kemer detay\u0131, belinizi zarif\u00e7e vurgularken, apolet detaylar\u0131 eklenen askeri \u015f\u0131kl\u0131\u011f\u0131yla stilinize g\u00fc\u00e7l\u00fc bir dokunu\u015f kat\u0131yor. \u2014 Teknik Detaylar \u2014 Desen: D\u00fcz Yaka Tipi: Blazer Yaka Kol Tipi: Reglan Kol Cep: Fleto Cep Astar: Astars\u0131z \u00dcr\u00fcn Boyu: 120 cm Kal\u0131p Tipi: Normal Kal\u0131p Mankenin Giydi\u011fi Beden: 38 Manken \u00d6l\u00e7\u00fcleri: Boy: 176 cm, G\u00f6\u011f\u00fcs: 82 cm, Bel: 61 cm, Basen: 88 cm<\/p>\n","protected":false},"excerpt":{"rendered":"<p>Kemerli ve apoletli tasar\u0131m\u0131yla \u015f\u0131kl\u0131\u011f\u0131 ve zarafeti bir arada sunan bu tren\u00e7kot, modern ve sofistike bir g\u00f6r\u00fcn\u00fcm sa\u011flar. Kemer detay\u0131, belinizi zarif\u00e7e vurgularken, apolet detaylar\u0131 eklenen askeri \u015f\u0131kl\u0131\u011f\u0131yla stilinize g\u00fc\u00e7l\u00fc bir dokunu\u015f kat\u0131yor. \u2014 Teknik Detaylar \u2014 Desen: D\u00fcz Yaka Tipi: Blazer Yaka Kol Tipi: Reglan Kol Cep: Fleto Cep Astar: Astars\u0131z \u00dcr\u00fcn Boyu: 120 [&hellip;]<\/p>\n","protected":false},"featured_media":51992,"comment_status":"open","ping_status":"closed","template":"","meta":[],"product_brand":[],"product_cat":[2047],"product_tag":[],"class_list":{"0":"post-8527","1":"product","2":"type-product","3":"status-publish","4":"has-post-thumbnail","6":"product_cat-paltolar","7":"pa_brand-tugba","8":"pa_color-bej","9":"pa_size-4706","10":"pa_size-4711","11":"pa_size-4713","12":"pa_size-4751","13":"pa_size-4749","14":"pa_size-4747","16":"first","17":"instock","18":"sale","19":"shipping-taxable","20":"purchasable","21":"product-type-variable"},"_links":{"self":[{"href":"https:\/\/mod.wisdar.net\/tr\/wp-json\/wp\/v2\/product\/8527","targetHints":{"allow":["GET"]}}],"collection":[{"href":"https:\/\/mod.wisdar.net\/tr\/wp-json\/wp\/v2\/product"}],"about":[{"href":"https:\/\/mod.wisdar.net\/tr\/wp-json\/wp\/v2\/types\/product"}],"replies":[{"embeddable":true,"href":"https:\/\/mod.wisdar.net\/tr\/wp-json\/wp\/v2\/comments?post=8527"}],"wp:featuredmedia":[{"embeddable":true,"href":"https:\/\/mod.wisdar.net\/tr\/wp-json\/wp\/v2\/media\/51992"}],"wp:attachment":[{"href":"https:\/\/mod.wisdar.net\/tr\/wp-json\/wp\/v2\/media?parent=8527"}],"wp:term":[{"taxonomy":"product_brand","embeddable":true,"href":"https:\/\/mod.wisdar.net\/tr\/wp-json\/wp\/v2\/product_brand?post=8527"},{"taxonomy":"product_cat","embeddable":true,"href":"https:\/\/mod.wisdar.net\/tr\/wp-json\/wp\/v2\/product_cat?post=8527"},{"taxonomy":"product_tag","embeddable":true,"href":"https:\/\/mod.wisdar.net\/tr\/wp-json\/wp\/v2\/product_tag?post=8527"}],"curies":[{"name":"wp","href":"https:\/\/api.w.org\/{rel}","templated":true}]}}