{"id":85377,"date":"2026-02-01T13:30:08","date_gmt":"2026-02-01T13:30:08","guid":{"rendered":"https:\/\/modesthanim.com\/product\/burgundy-crew-neck-sweatshirt-dress\/"},"modified":"2026-03-08T08:14:18","modified_gmt":"2026-03-08T08:14:18","slug":"burgundy-crew-neck-sweatshirt-dress","status":"publish","type":"product","link":"https:\/\/mod.wisdar.net\/tr\/urun\/burgundy-crew-neck-sweatshirt-dress\/","title":{"rendered":"Bordo Bisiklet Yaka Sweatshirt Elbise"},"content":{"rendered":"<p>LCW Modest Bordo Bisiklet Yaka Sweatshirt Elbise size \u00f6zel indirim, taksit ve kap\u0131da \u00f6deme avantajlar\u0131yla LCW&#8217;de! Hemen online al\u0131\u015fveri\u015f yap, \u00fcr\u00fcn kap\u0131na gelsin! \u2013 W5I479Z8-Z7M<\/p>\n<p>\u2014 Teknik Detaylar \u2014<br \/>\nMen\u015fei: T\u00fcrkiye<br \/>\nSat\u0131c\u0131: LC Waikiki<br \/>\nMarka: LCW Modest<br \/>\n\u00dcr\u00fcn Tipi: Elbise<br \/>\nCinsiyet: Kad\u0131n<br \/>\nKal\u0131p: Standart &amp; Regular<br \/>\nKuma\u015f: 2 \u0130plik<br \/>\nAstar Detay: Astars\u0131z<br \/>\nUzunluk: Uzun<br \/>\nMalzeme: Y\u00fcksek Pamuk \u0130\u00e7erir<br \/>\nYaka: Bisiklet Yaka<br \/>\nKol Boyu: Uzun Kollu<br \/>\nKoleksiyon: Tesett\u00fcr Giyim<br \/>\nDesen: D\u00fcz<br \/>\nEk \u00d6zellik: Y\u0131rtma\u00e7l\u0131<\/p>\n","protected":false},"excerpt":{"rendered":"<p>LCW Modest Bordo Bisiklet Yaka Sweatshirt Elbise size \u00f6zel indirim, taksit ve kap\u0131da \u00f6deme avantajlar\u0131yla LCW&#8217;de! Hemen online al\u0131\u015fveri\u015f yap, \u00fcr\u00fcn kap\u0131na gelsin! \u2013 W5I479Z8-Z7M \u2014 Teknik Detaylar \u2014 Men\u015fei: T\u00fcrkiye Sat\u0131c\u0131: LC Waikiki Marka: LCW Modest \u00dcr\u00fcn Tipi: Elbise Cinsiyet: Kad\u0131n Kal\u0131p: Standart &amp; Regular Kuma\u015f: 2 \u0130plik Astar Detay: Astars\u0131z Uzunluk: Uzun Malzeme: [&hellip;]<\/p>\n","protected":false},"featured_media":0,"comment_status":"open","ping_status":"closed","template":"","meta":[],"product_brand":[],"product_cat":[6249,1933],"product_tag":[],"class_list":{"0":"post-85377","1":"product","2":"type-product","3":"status-publish","5":"product_cat-elbiseler","6":"product_cat-gunluk-ve-gunduz-elbiseleri","7":"pa_brand-lcw-modest","8":"pa_color-bordo","9":"pa_size-4701","10":"pa_size-4706","11":"pa_size-4711","12":"pa_size-4713","13":"pa_size-4751","14":"pa_size-4749","16":"first","17":"outofstock","18":"shipping-taxable","19":"product-type-variable"},"_links":{"self":[{"href":"https:\/\/mod.wisdar.net\/tr\/wp-json\/wp\/v2\/product\/85377","targetHints":{"allow":["GET"]}}],"collection":[{"href":"https:\/\/mod.wisdar.net\/tr\/wp-json\/wp\/v2\/product"}],"about":[{"href":"https:\/\/mod.wisdar.net\/tr\/wp-json\/wp\/v2\/types\/product"}],"replies":[{"embeddable":true,"href":"https:\/\/mod.wisdar.net\/tr\/wp-json\/wp\/v2\/comments?post=85377"}],"wp:attachment":[{"href":"https:\/\/mod.wisdar.net\/tr\/wp-json\/wp\/v2\/media?parent=85377"}],"wp:term":[{"taxonomy":"product_brand","embeddable":true,"href":"https:\/\/mod.wisdar.net\/tr\/wp-json\/wp\/v2\/product_brand?post=85377"},{"taxonomy":"product_cat","embeddable":true,"href":"https:\/\/mod.wisdar.net\/tr\/wp-json\/wp\/v2\/product_cat?post=85377"},{"taxonomy":"product_tag","embeddable":true,"href":"https:\/\/mod.wisdar.net\/tr\/wp-json\/wp\/v2\/product_tag?post=85377"}],"curies":[{"name":"wp","href":"https:\/\/api.w.org\/{rel}","templated":true}]}}