{"id":85461,"date":"2026-02-01T13:30:53","date_gmt":"2026-02-01T13:30:53","guid":{"rendered":"https:\/\/modesthanim.com\/product\/indigo-kemerli-denim-gomlek-elbise\/"},"modified":"2026-03-08T08:17:31","modified_gmt":"2026-03-08T08:17:31","slug":"indigo-kemerli-denim-gomlek-elbise","status":"publish","type":"product","link":"https:\/\/mod.wisdar.net\/tr\/urun\/indigo-kemerli-denim-gomlek-elbise\/","title":{"rendered":"\u0130ndigo Ku\u015fakl\u0131 Jean G\u00f6mlek Elbise"},"content":{"rendered":"<p>RA\u015e\u0130T BA\u011eZIBA\u011eLI X LC WAIKIKI \u0130ndigo Ku\u015fakl\u0131 Jean G\u00f6mlek Elbise size \u00f6zel indirim, taksit ve kap\u0131da \u00f6deme avantajlar\u0131yla LCW&#8217;de! Hemen online al\u0131\u015fveri\u015f yap, \u00fcr\u00fcn kap\u0131na gelsin! \u2013 W5JM89Z8-309<\/p>\n<p>\u2014 Technical Details \u2014<br \/>\nMen\u015fei: Turk\u0131ye<br \/>\nSat\u0131c\u0131: LC Waikiki<br \/>\nMarka: RA\u015e\u0130T BA\u011eZIBA\u011eLI X LC WAIKIKI<br \/>\n\u00dcr\u00fcn Tipi: Jean Elbise<br \/>\nCinsiyet: Kad\u0131n<br \/>\nKal\u0131p: Standart &amp; Regular<br \/>\nKuma\u015f: Denim<br \/>\nDesen: D\u00fcz<br \/>\nYaka: G\u00f6mlek Yaka<br \/>\nKal\u0131nl\u0131k: Orta Kal\u0131nl\u0131k<br \/>\nKol Boyu: Uzun Kollu<br \/>\nAstar Detay: Astars\u0131z<br \/>\nUzunluk: Uzun<br \/>\nMalzeme: %100 Pamuk<br \/>\nV\u00fccut Tipi: B\u00fcy\u00fck Beden<br \/>\nEk \u00d6zellik: D\u00fc\u011fmeli<\/p>\n","protected":false},"excerpt":{"rendered":"<p>RA\u015e\u0130T BA\u011eZIBA\u011eLI X LC WAIKIKI \u0130ndigo Ku\u015fakl\u0131 Jean G\u00f6mlek Elbise size \u00f6zel indirim, taksit ve kap\u0131da \u00f6deme avantajlar\u0131yla LCW&#8217;de! Hemen online al\u0131\u015fveri\u015f yap, \u00fcr\u00fcn kap\u0131na gelsin! \u2013 W5JM89Z8-309 \u2014 Technical Details \u2014 Men\u015fei: Turk\u0131ye Sat\u0131c\u0131: LC Waikiki Marka: RA\u015e\u0130T BA\u011eZIBA\u011eLI X LC WAIKIKI \u00dcr\u00fcn Tipi: Jean Elbise Cinsiyet: Kad\u0131n Kal\u0131p: Standart &amp; Regular Kuma\u015f: Denim [&hellip;]<\/p>\n","protected":false},"featured_media":0,"comment_status":"open","ping_status":"closed","template":"","meta":[],"product_brand":[],"product_cat":[6249,4077],"product_tag":[7563,7564,4998,6744,7668,7669],"class_list":{"0":"post-85461","1":"product","2":"type-product","3":"status-publish","5":"product_cat-elbiseler","6":"product_cat-kot-elbiseler","7":"product_tag-buyuk-beden","8":"product_tag-gomlek-elbise","9":"product_tag-indigo","10":"product_tag-kadin-modasi","11":"product_tag-kemerli","12":"product_tag-kot-elbise","13":"pa_brand-rasit-bagzibagli-x-lc-waikiki","14":"pa_color-koyu-rodeo","15":"pa_size-4701","16":"pa_size-4706","17":"pa_size-4711","18":"pa_size-4713","19":"pa_size-4751","20":"pa_size-4749","22":"first","23":"outofstock","24":"shipping-taxable","25":"product-type-variable"},"_links":{"self":[{"href":"https:\/\/mod.wisdar.net\/tr\/wp-json\/wp\/v2\/product\/85461","targetHints":{"allow":["GET"]}}],"collection":[{"href":"https:\/\/mod.wisdar.net\/tr\/wp-json\/wp\/v2\/product"}],"about":[{"href":"https:\/\/mod.wisdar.net\/tr\/wp-json\/wp\/v2\/types\/product"}],"replies":[{"embeddable":true,"href":"https:\/\/mod.wisdar.net\/tr\/wp-json\/wp\/v2\/comments?post=85461"}],"wp:attachment":[{"href":"https:\/\/mod.wisdar.net\/tr\/wp-json\/wp\/v2\/media?parent=85461"}],"wp:term":[{"taxonomy":"product_brand","embeddable":true,"href":"https:\/\/mod.wisdar.net\/tr\/wp-json\/wp\/v2\/product_brand?post=85461"},{"taxonomy":"product_cat","embeddable":true,"href":"https:\/\/mod.wisdar.net\/tr\/wp-json\/wp\/v2\/product_cat?post=85461"},{"taxonomy":"product_tag","embeddable":true,"href":"https:\/\/mod.wisdar.net\/tr\/wp-json\/wp\/v2\/product_tag?post=85461"}],"curies":[{"name":"wp","href":"https:\/\/api.w.org\/{rel}","templated":true}]}}