{"id":8547,"date":"2025-11-01T20:14:37","date_gmt":"2025-11-01T20:14:37","guid":{"rendered":"https:\/\/modesthanim.com\/product\/cutline-baskili-sapka-turuncu\/"},"modified":"2026-02-09T14:20:11","modified_gmt":"2026-02-09T14:20:11","slug":"cutline-baskili-sapka-turuncu","status":"publish","type":"product","link":"https:\/\/mod.wisdar.net\/tr\/urun\/cutline-baskili-sapka-turuncu\/","title":{"rendered":"Cutline Bask\u0131l\u0131 \u015eapka \u2013 Turuncu"},"content":{"rendered":"<p>Bu \u015fapka, basit siluetine hareket katan minimal formu ve dinamik kol detaylar\u0131 ile dikkat \u00e7eker. Kollar boyunca yer alan cutline bask\u0131lar tasar\u0131ma modern bir \u00e7evirme ve \u00f6zg\u00fcnl\u00fck katar; rahat kal\u0131b\u0131 t\u00fcm g\u00fcn konfor sunar.<\/p>\n<p>\u2014 Teknik Detaylar \u2014<br \/>\nDesen: D\u00fcz \u2013 \u00c7izgili<br \/>\nYaka Tipi: Stand Yaka<br \/>\nKol Tipi: D\u00fc\u015f\u00fck Kol<br \/>\nCep: D\u00fcnya Cebi<br \/>\nAstar: Astars\u0131z<br \/>\n\u00dcr\u00fcn Uzunlu\u011fu: 95 cm<br \/>\nKal\u0131p Tipi: Normal Kal\u0131p<br \/>\nModelin Giydi\u011fi Beden: 38<br \/>\nModel \u00d6l\u00e7\u00fcleri: Boy: 179 cm, G\u00f6\u011f\u00fcs: 84 cm, Bel: 62 cm, Kal\u00e7a: 90 cm<\/p>\n","protected":false},"excerpt":{"rendered":"<p>Bu \u015fapka, basit siluetine hareket katan minimal formu ve dinamik kol detaylar\u0131 ile dikkat \u00e7eker. Kollar boyunca yer alan cutline bask\u0131lar tasar\u0131ma modern bir \u00e7evirme ve \u00f6zg\u00fcnl\u00fck katar; rahat kal\u0131b\u0131 t\u00fcm g\u00fcn konfor sunar. \u2014 Teknik Detaylar \u2014 Desen: D\u00fcz \u2013 \u00c7izgili Yaka Tipi: Stand Yaka Kol Tipi: D\u00fc\u015f\u00fck Kol Cep: D\u00fcnya Cebi Astar: Astars\u0131z [&hellip;]<\/p>\n","protected":false},"featured_media":51991,"comment_status":"open","ping_status":"closed","template":"","meta":[],"product_brand":[],"product_cat":[2047],"product_tag":[8022,5013,6751],"class_list":{"0":"post-8547","1":"product","2":"type-product","3":"status-publish","4":"has-post-thumbnail","6":"product_cat-paltolar","7":"product_tag-baskili-2","8":"product_tag-modern","9":"product_tag-rahat","10":"pa_color-oranj","11":"pa_size-4706","12":"pa_size-4711","13":"pa_size-4713","14":"pa_size-4751","16":"first","17":"instock","18":"sale","19":"shipping-taxable","20":"purchasable","21":"product-type-variable"},"_links":{"self":[{"href":"https:\/\/mod.wisdar.net\/tr\/wp-json\/wp\/v2\/product\/8547","targetHints":{"allow":["GET"]}}],"collection":[{"href":"https:\/\/mod.wisdar.net\/tr\/wp-json\/wp\/v2\/product"}],"about":[{"href":"https:\/\/mod.wisdar.net\/tr\/wp-json\/wp\/v2\/types\/product"}],"replies":[{"embeddable":true,"href":"https:\/\/mod.wisdar.net\/tr\/wp-json\/wp\/v2\/comments?post=8547"}],"wp:featuredmedia":[{"embeddable":true,"href":"https:\/\/mod.wisdar.net\/tr\/wp-json\/wp\/v2\/media\/51991"}],"wp:attachment":[{"href":"https:\/\/mod.wisdar.net\/tr\/wp-json\/wp\/v2\/media?parent=8547"}],"wp:term":[{"taxonomy":"product_brand","embeddable":true,"href":"https:\/\/mod.wisdar.net\/tr\/wp-json\/wp\/v2\/product_brand?post=8547"},{"taxonomy":"product_cat","embeddable":true,"href":"https:\/\/mod.wisdar.net\/tr\/wp-json\/wp\/v2\/product_cat?post=8547"},{"taxonomy":"product_tag","embeddable":true,"href":"https:\/\/mod.wisdar.net\/tr\/wp-json\/wp\/v2\/product_tag?post=8547"}],"curies":[{"name":"wp","href":"https:\/\/api.w.org\/{rel}","templated":true}]}}