{"id":85475,"date":"2026-02-01T13:30:57","date_gmt":"2026-02-01T13:30:57","guid":{"rendered":"https:\/\/modesthanim.com\/product\/siyah-kapusonlu-sweatshirt-elbise-2\/"},"modified":"2026-03-08T08:16:56","modified_gmt":"2026-03-08T08:16:56","slug":"siyah-kapusonlu-sweatshirt-elbise-2","status":"publish","type":"product","link":"https:\/\/mod.wisdar.net\/tr\/urun\/siyah-kapusonlu-sweatshirt-elbise-2\/","title":{"rendered":"Siyah Kap\u00fc\u015fonlu Sweatshirt Elbise"},"content":{"rendered":"<p>LCW Modest Siyah Kap\u00fc\u015fonlu Sweatshirt Elbise size \u00f6zel indirim, taksit ve kap\u0131da \u00f6deme avantajlar\u0131yla LCW&#8217;de! Hemen online al\u0131\u015fveri\u015f yap, \u00fcr\u00fcn kap\u0131na gelsin! \u2013 W5IT93Z8-CVL<\/p>\n<p>\u2014 Technical Details \u2014<br \/>\nMen\u015fei: Turk\u0131ye<br \/>\nSat\u0131c\u0131: LC Waikiki<br \/>\nMarka: LCW Modest<br \/>\n\u00dcr\u00fcn Tipi: Elbise<br \/>\nCinsiyet: Kad\u0131n<br \/>\nKal\u0131p: Loose &amp; Bol<br \/>\nKuma\u015f: 2 \u0130plik<br \/>\nAstar Detay: Astars\u0131z<br \/>\nUzunluk: Uzun<br \/>\nYaka: Kap\u00fc\u015fonlu<br \/>\nKol Boyu: Uzun Kollu<br \/>\nKoleksiyon: Tesett\u00fcr Giyim<br \/>\nDesen: D\u00fcz<\/p>\n","protected":false},"excerpt":{"rendered":"<p>LCW Modest Siyah Kap\u00fc\u015fonlu Sweatshirt Elbise size \u00f6zel indirim, taksit ve kap\u0131da \u00f6deme avantajlar\u0131yla LCW&#8217;de! Hemen online al\u0131\u015fveri\u015f yap, \u00fcr\u00fcn kap\u0131na gelsin! \u2013 W5IT93Z8-CVL \u2014 Technical Details \u2014 Men\u015fei: Turk\u0131ye Sat\u0131c\u0131: LC Waikiki Marka: LCW Modest \u00dcr\u00fcn Tipi: Elbise Cinsiyet: Kad\u0131n Kal\u0131p: Loose &amp; Bol Kuma\u015f: 2 \u0130plik Astar Detay: Astars\u0131z Uzunluk: Uzun Yaka: Kap\u00fc\u015fonlu [&hellip;]<\/p>\n","protected":false},"featured_media":0,"comment_status":"open","ping_status":"closed","template":"","meta":[],"product_brand":[],"product_cat":[6249,1933],"product_tag":[7326,7672,7614,7548,7603,6937,7673],"class_list":{"0":"post-85475","1":"product","2":"type-product","3":"status-publish","5":"product_cat-elbiseler","6":"product_cat-gunluk-ve-gunduz-elbiseleri","7":"product_tag-bol-kesim","8":"product_tag-kapusonlu-elbise","9":"product_tag-lcw-modest","10":"product_tag-mutevazi-moda","11":"product_tag-online-alisveris","12":"product_tag-siyah-elbise","13":"product_tag-sweatshirt-elbise","14":"pa_brand-lcw-modest","15":"pa_color-siyah","16":"pa_size-4701","17":"pa_size-4706","18":"pa_size-4711","19":"pa_size-4713","20":"pa_size-4751","21":"pa_size-4749","23":"first","24":"outofstock","25":"shipping-taxable","26":"product-type-variable"},"_links":{"self":[{"href":"https:\/\/mod.wisdar.net\/tr\/wp-json\/wp\/v2\/product\/85475","targetHints":{"allow":["GET"]}}],"collection":[{"href":"https:\/\/mod.wisdar.net\/tr\/wp-json\/wp\/v2\/product"}],"about":[{"href":"https:\/\/mod.wisdar.net\/tr\/wp-json\/wp\/v2\/types\/product"}],"replies":[{"embeddable":true,"href":"https:\/\/mod.wisdar.net\/tr\/wp-json\/wp\/v2\/comments?post=85475"}],"wp:attachment":[{"href":"https:\/\/mod.wisdar.net\/tr\/wp-json\/wp\/v2\/media?parent=85475"}],"wp:term":[{"taxonomy":"product_brand","embeddable":true,"href":"https:\/\/mod.wisdar.net\/tr\/wp-json\/wp\/v2\/product_brand?post=85475"},{"taxonomy":"product_cat","embeddable":true,"href":"https:\/\/mod.wisdar.net\/tr\/wp-json\/wp\/v2\/product_cat?post=85475"},{"taxonomy":"product_tag","embeddable":true,"href":"https:\/\/mod.wisdar.net\/tr\/wp-json\/wp\/v2\/product_tag?post=85475"}],"curies":[{"name":"wp","href":"https:\/\/api.w.org\/{rel}","templated":true}]}}