{"id":85703,"date":"2026-02-01T13:32:36","date_gmt":"2026-02-01T13:32:36","guid":{"rendered":"https:\/\/modesthanim.com\/product\/bordo-centikli-yaka-kadin-trenckot\/"},"modified":"2026-04-09T10:34:01","modified_gmt":"2026-04-09T10:34:01","slug":"bordo-centikli-yaka-kadin-trenckot","status":"publish","type":"product","link":"https:\/\/mod.wisdar.net\/tr\/urun\/bordo-centikli-yaka-kadin-trenckot\/","title":{"rendered":"Bordo Kruvaze Yaka Kad\u0131n Tren\u00e7kot"},"content":{"rendered":"<p>RA\u015e\u0130T BA\u011eZIBA\u011eLI X LC WAIKIKI Bordo Kruvaze Yaka Kad\u0131n Tren\u00e7kot size \u00f6zel indirim, taksit ve kap\u0131da \u00f6deme avantajlar\u0131yla LCW&#8217;de! Hemen online al\u0131\u015fveri\u015f yap, \u00fcr\u00fcn kap\u0131na gelsin! \u2013 W5JT66Z8-F7F<\/p>\n<p>\u2014 Technical Details \u2014<br \/>\nMen\u015fei: Turk\u0131ye<br \/>\nSat\u0131c\u0131: LC Waikiki<br \/>\nMarka: RA\u015e\u0130T BA\u011eZIBA\u011eLI X LC WAIKIKI<br \/>\n\u00dcr\u00fcn Tipi: Tren\u00e7kot<br \/>\nCinsiyet: Kad\u0131n<br \/>\nKal\u0131p: Standart &amp; Regular<br \/>\nDesen: D\u00fcz<br \/>\nYaka: Kruvaze<br \/>\nKol Boyu: Uzun Kollu<br \/>\nFonksiyonel \u00d6zellik: Su \u0130tici<br \/>\n\u00dcr\u00fcn Aksesuar\u0131: Kemer<br \/>\nKoleksiyon: Tesett\u00fcr Giyim<br \/>\nPar\u00e7a Say\u0131s\u0131: 2 Par\u00e7a<br \/>\nEk \u00d6zellik: D\u00fc\u011fmeli<\/p>\n","protected":false},"excerpt":{"rendered":"<p>RA\u015e\u0130T BA\u011eZIBA\u011eLI X LC WAIKIKI Bordo Kruvaze Yaka Kad\u0131n Tren\u00e7kot size \u00f6zel indirim, taksit ve kap\u0131da \u00f6deme avantajlar\u0131yla LCW&#8217;de! Hemen online al\u0131\u015fveri\u015f yap, \u00fcr\u00fcn kap\u0131na gelsin! \u2013 W5JT66Z8-F7F \u2014 Technical Details \u2014 Men\u015fei: Turk\u0131ye Sat\u0131c\u0131: LC Waikiki Marka: RA\u015e\u0130T BA\u011eZIBA\u011eLI X LC WAIKIKI \u00dcr\u00fcn Tipi: Tren\u00e7kot Cinsiyet: Kad\u0131n Kal\u0131p: Standart &amp; Regular Desen: D\u00fcz Yaka: [&hellip;]<\/p>\n","protected":false},"featured_media":0,"comment_status":"open","ping_status":"closed","template":"","meta":[],"product_brand":[],"product_cat":[2047],"product_tag":[7150,7695,7699,7700,7548,7696],"class_list":{"0":"post-85703","1":"product","2":"type-product","3":"status-publish","5":"product_cat-paltolar","6":"product_tag-bordo","7":"product_tag-centikli-yaka","8":"product_tag-kadin-trenckot","9":"product_tag-lc-waikiki","10":"product_tag-mutevazi-moda","11":"product_tag-su-itici","12":"pa_brand-rasit-bagzibagli-x-lc-waikiki","13":"pa_color-bordo","14":"pa_size-4701","15":"pa_size-4706","16":"pa_size-4711","17":"pa_size-4713","18":"pa_size-4751","20":"first","21":"instock","22":"shipping-taxable","23":"purchasable","24":"product-type-variable"},"_links":{"self":[{"href":"https:\/\/mod.wisdar.net\/tr\/wp-json\/wp\/v2\/product\/85703","targetHints":{"allow":["GET"]}}],"collection":[{"href":"https:\/\/mod.wisdar.net\/tr\/wp-json\/wp\/v2\/product"}],"about":[{"href":"https:\/\/mod.wisdar.net\/tr\/wp-json\/wp\/v2\/types\/product"}],"replies":[{"embeddable":true,"href":"https:\/\/mod.wisdar.net\/tr\/wp-json\/wp\/v2\/comments?post=85703"}],"wp:attachment":[{"href":"https:\/\/mod.wisdar.net\/tr\/wp-json\/wp\/v2\/media?parent=85703"}],"wp:term":[{"taxonomy":"product_brand","embeddable":true,"href":"https:\/\/mod.wisdar.net\/tr\/wp-json\/wp\/v2\/product_brand?post=85703"},{"taxonomy":"product_cat","embeddable":true,"href":"https:\/\/mod.wisdar.net\/tr\/wp-json\/wp\/v2\/product_cat?post=85703"},{"taxonomy":"product_tag","embeddable":true,"href":"https:\/\/mod.wisdar.net\/tr\/wp-json\/wp\/v2\/product_tag?post=85703"}],"curies":[{"name":"wp","href":"https:\/\/api.w.org\/{rel}","templated":true}]}}