{"id":8577,"date":"2025-11-01T20:15:26","date_gmt":"2025-11-01T20:15:26","guid":{"rendered":"https:\/\/modesthanim.com\/product\/islemeli-ve-inci-detayli-trenckot-siyah\/"},"modified":"2026-04-10T15:31:24","modified_gmt":"2026-04-10T15:31:24","slug":"islemeli-ve-inci-detayli-trenckot-siyah","status":"publish","type":"product","link":"https:\/\/mod.wisdar.net\/tr\/urun\/islemeli-ve-inci-detayli-trenckot-siyah\/","title":{"rendered":"\u0130\u015flemeli ve \u0130nci Detayl\u0131 Tren\u00e7kot \u2013 Siyah"},"content":{"rendered":"<p>Bu tren\u00e7kot, kollar\u0131nda zarif i\u015flemeler ve inci detaylar\u0131 ile feminen bir dokunu\u015f kazan\u0131r ve klasik tasar\u0131m\u0131 modern unsurlarla yeniden yorumlar. Hafif yap\u0131s\u0131, mevsimsel ge\u00e7i\u015flerde ideal bir tamamlay\u0131c\u0131 olmas\u0131n\u0131 sa\u011flar. Detaylarda zarafet arayanlar i\u00e7in benzersiz bir se\u00e7imdir.<\/p>\n<p>\u2014 Teknik Detaylar \u2014<br \/>\nDesen: D\u00fcz \u2013 \u0130\u015flemeli<br \/>\nYaka Tipi: \u00c7ift G\u00f6\u011f\u00fcsl\u00fc Yaka<br \/>\nKol Tipi: Raglan Kol<br \/>\nCep: Fermuarl\u0131 Cep<br \/>\nAstar: Astars\u0131z<br \/>\n\u00dcr\u00fcn Uzunlu\u011fu: 120 cm<br \/>\nKal\u0131p: Normal Kal\u0131p<br \/>\nModelin Giydi\u011fi Beden: 38<br \/>\nModel \u00d6l\u00e7\u00fcleri: Boy: 175 cm, G\u00f6\u011f\u00fcs: 80 cm, Bel: 62 cm, Kal\u00e7a: 90 cm<\/p>\n","protected":false},"excerpt":{"rendered":"<p>Bu tren\u00e7kot, kollar\u0131nda zarif i\u015flemeler ve inci detaylar\u0131 ile feminen bir dokunu\u015f kazan\u0131r ve klasik tasar\u0131m\u0131 modern unsurlarla yeniden yorumlar. Hafif yap\u0131s\u0131, mevsimsel ge\u00e7i\u015flerde ideal bir tamamlay\u0131c\u0131 olmas\u0131n\u0131 sa\u011flar. Detaylarda zarafet arayanlar i\u00e7in benzersiz bir se\u00e7imdir. \u2014 Teknik Detaylar \u2014 Desen: D\u00fcz \u2013 \u0130\u015flemeli Yaka Tipi: \u00c7ift G\u00f6\u011f\u00fcsl\u00fc Yaka Kol Tipi: Raglan Kol Cep: Fermuarl\u0131 [&hellip;]<\/p>\n","protected":false},"featured_media":51990,"comment_status":"open","ping_status":"closed","template":"","meta":[],"product_brand":[],"product_cat":[2047],"product_tag":[5012,6766,5013,5016],"class_list":{"0":"post-8577","1":"product","2":"type-product","3":"status-publish","4":"has-post-thumbnail","6":"product_cat-paltolar","7":"product_tag-elegant","8":"product_tag-hafif","9":"product_tag-modern","10":"product_tag-unlined","11":"pa_brand-tugba","12":"pa_color-siyah","13":"pa_size-4706","14":"pa_size-4711","15":"pa_size-4713","16":"pa_size-4751","17":"pa_size-4749","18":"pa_size-4747","20":"first","21":"instock","22":"sale","23":"shipping-taxable","24":"purchasable","25":"product-type-variable"},"_links":{"self":[{"href":"https:\/\/mod.wisdar.net\/tr\/wp-json\/wp\/v2\/product\/8577","targetHints":{"allow":["GET"]}}],"collection":[{"href":"https:\/\/mod.wisdar.net\/tr\/wp-json\/wp\/v2\/product"}],"about":[{"href":"https:\/\/mod.wisdar.net\/tr\/wp-json\/wp\/v2\/types\/product"}],"replies":[{"embeddable":true,"href":"https:\/\/mod.wisdar.net\/tr\/wp-json\/wp\/v2\/comments?post=8577"}],"wp:featuredmedia":[{"embeddable":true,"href":"https:\/\/mod.wisdar.net\/tr\/wp-json\/wp\/v2\/media\/51990"}],"wp:attachment":[{"href":"https:\/\/mod.wisdar.net\/tr\/wp-json\/wp\/v2\/media?parent=8577"}],"wp:term":[{"taxonomy":"product_brand","embeddable":true,"href":"https:\/\/mod.wisdar.net\/tr\/wp-json\/wp\/v2\/product_brand?post=8577"},{"taxonomy":"product_cat","embeddable":true,"href":"https:\/\/mod.wisdar.net\/tr\/wp-json\/wp\/v2\/product_cat?post=8577"},{"taxonomy":"product_tag","embeddable":true,"href":"https:\/\/mod.wisdar.net\/tr\/wp-json\/wp\/v2\/product_tag?post=8577"}],"curies":[{"name":"wp","href":"https:\/\/api.w.org\/{rel}","templated":true}]}}