{"id":85783,"date":"2026-02-01T13:33:24","date_gmt":"2026-02-01T13:33:24","guid":{"rendered":"https:\/\/modesthanim.com\/product\/kadin-gri-elastik-belli-bol-paca-esofman-alti\/"},"modified":"2026-04-02T03:33:07","modified_gmt":"2026-04-02T03:33:07","slug":"kadin-gri-elastik-belli-bol-paca-esofman-alti","status":"publish","type":"product","link":"https:\/\/mod.wisdar.net\/tr\/urun\/kadin-gri-elastik-belli-bol-paca-esofman-alti\/","title":{"rendered":"Gri Beli Lastikli Geni\u015f Pa\u00e7a Kad\u0131n E\u015fofman Alt\u0131"},"content":{"rendered":"<p>XSIDE Gri Beli Lastikli Geni\u015f Pa\u00e7a Kad\u0131n E\u015fofman Alt\u0131 size \u00f6zel indirim, taksit ve kap\u0131da \u00f6deme avantajlar\u0131yla LCW&#8217;de! Hemen online al\u0131\u015fveri\u015f yap, \u00fcr\u00fcn kap\u0131na gelsin! \u2013 W5NC80Z8-CY9<\/p>\n<p>\u2014 Technical Details \u2014<br \/>\nMen\u015fei: Turk\u0131ye<br \/>\nSat\u0131c\u0131: LC Waikiki<br \/>\nMarka: XSIDE<br \/>\n\u00dcr\u00fcn Tipi: E\u015fofman Alt\u0131<br \/>\nCinsiyet: Kad\u0131n<br \/>\nKal\u0131p: Standart &amp; Regular<br \/>\nKuma\u015f: 3 \u0130plik<br \/>\nKal\u0131nl\u0131k: Kal\u0131n<br \/>\nBel Fiti: Beli Lastikli<br \/>\nPa\u00e7a Fiti: Geni\u015f Pa\u00e7a<br \/>\nDesen: D\u00fcz<\/p>\n","protected":false},"excerpt":{"rendered":"<p>XSIDE Gri Beli Lastikli Geni\u015f Pa\u00e7a Kad\u0131n E\u015fofman Alt\u0131 size \u00f6zel indirim, taksit ve kap\u0131da \u00f6deme avantajlar\u0131yla LCW&#8217;de! Hemen online al\u0131\u015fveri\u015f yap, \u00fcr\u00fcn kap\u0131na gelsin! \u2013 W5NC80Z8-CY9 \u2014 Technical Details \u2014 Men\u015fei: Turk\u0131ye Sat\u0131c\u0131: LC Waikiki Marka: XSIDE \u00dcr\u00fcn Tipi: E\u015fofman Alt\u0131 Cinsiyet: Kad\u0131n Kal\u0131p: Standart &amp; Regular Kuma\u015f: 3 \u0130plik Kal\u0131nl\u0131k: Kal\u0131n Bel Fiti: [&hellip;]<\/p>\n","protected":false},"featured_media":85720,"comment_status":"open","ping_status":"closed","template":"","meta":[],"product_brand":[],"product_cat":[1882],"product_tag":[7729,7731,7730,7726,6765,7732,7733],"class_list":{"0":"post-85783","1":"product","2":"type-product","3":"status-publish","4":"has-post-thumbnail","6":"product_cat-alt-giyim","7":"product_tag-bol-paca-pantolon","8":"product_tag-ev-pantolonu","9":"product_tag-gri-esofman-alti","10":"product_tag-kadin-esofman-alti","11":"product_tag-lastikli-bel","12":"product_tag-rahat-alt-giyim","13":"product_tag-spor-gunluk-giyim","14":"pa_brand-xside","15":"pa_color-acik-gri-melanj","16":"pa_size-2xl","17":"pa_size-l","18":"pa_size-m","19":"pa_size-s","20":"pa_size-xl","21":"pa_size-xs","23":"first","24":"outofstock","25":"shipping-taxable","26":"product-type-variable"},"_links":{"self":[{"href":"https:\/\/mod.wisdar.net\/tr\/wp-json\/wp\/v2\/product\/85783","targetHints":{"allow":["GET"]}}],"collection":[{"href":"https:\/\/mod.wisdar.net\/tr\/wp-json\/wp\/v2\/product"}],"about":[{"href":"https:\/\/mod.wisdar.net\/tr\/wp-json\/wp\/v2\/types\/product"}],"replies":[{"embeddable":true,"href":"https:\/\/mod.wisdar.net\/tr\/wp-json\/wp\/v2\/comments?post=85783"}],"wp:featuredmedia":[{"embeddable":true,"href":"https:\/\/mod.wisdar.net\/tr\/wp-json\/wp\/v2\/media\/85720"}],"wp:attachment":[{"href":"https:\/\/mod.wisdar.net\/tr\/wp-json\/wp\/v2\/media?parent=85783"}],"wp:term":[{"taxonomy":"product_brand","embeddable":true,"href":"https:\/\/mod.wisdar.net\/tr\/wp-json\/wp\/v2\/product_brand?post=85783"},{"taxonomy":"product_cat","embeddable":true,"href":"https:\/\/mod.wisdar.net\/tr\/wp-json\/wp\/v2\/product_cat?post=85783"},{"taxonomy":"product_tag","embeddable":true,"href":"https:\/\/mod.wisdar.net\/tr\/wp-json\/wp\/v2\/product_tag?post=85783"}],"curies":[{"name":"wp","href":"https:\/\/api.w.org\/{rel}","templated":true}]}}