{"id":85875,"date":"2026-02-01T13:34:37","date_gmt":"2026-02-01T13:34:37","guid":{"rendered":"https:\/\/modesthanim.com\/product\/pembe-beli-lastikli-yumusak-dokulu-kadin-esofman-alti\/"},"modified":"2026-04-02T03:33:06","modified_gmt":"2026-04-02T03:33:06","slug":"pembe-beli-lastikli-yumusak-dokulu-kadin-esofman-alti","status":"publish","type":"product","link":"https:\/\/mod.wisdar.net\/tr\/urun\/pembe-beli-lastikli-yumusak-dokulu-kadin-esofman-alti\/","title":{"rendered":"Pembe Beli Lastikli Soft Touch Kad\u0131n E\u015fofman Alt\u0131"},"content":{"rendered":"<p>XSIDE Pembe Beli Lastikli Soft Touch Kad\u0131n E\u015fofman Alt\u0131 size \u00f6zel indirim, taksit ve kap\u0131da \u00f6deme avantajlar\u0131yla LCW&#8217;de! Hemen online al\u0131\u015fveri\u015f yap, \u00fcr\u00fcn kap\u0131na gelsin! \u2013 S6IO69Z8-YDE<\/p>\n<p>\u2014 Technical Details \u2014<br \/>\nSat\u0131c\u0131: LC Waikiki<br \/>\nMarka: XSIDE<br \/>\n\u00dcr\u00fcn Tipi: E\u015fofman Alt\u0131<br \/>\nCinsiyet: Kad\u0131n<br \/>\nKal\u0131p: Standart &amp; Regular<br \/>\nKuma\u015f: Dalg\u0131\u00e7 Kuma\u015f\u0131<br \/>\nBel Fiti: Beli Lastikli<br \/>\nPa\u00e7a Fiti: Geni\u015f Pa\u00e7a<br \/>\nDesen: D\u00fcz<br \/>\nStil: Spor<\/p>\n","protected":false},"excerpt":{"rendered":"<p>XSIDE Pembe Beli Lastikli Soft Touch Kad\u0131n E\u015fofman Alt\u0131 size \u00f6zel indirim, taksit ve kap\u0131da \u00f6deme avantajlar\u0131yla LCW&#8217;de! Hemen online al\u0131\u015fveri\u015f yap, \u00fcr\u00fcn kap\u0131na gelsin! \u2013 S6IO69Z8-YDE \u2014 Technical Details \u2014 Sat\u0131c\u0131: LC Waikiki Marka: XSIDE \u00dcr\u00fcn Tipi: E\u015fofman Alt\u0131 Cinsiyet: Kad\u0131n Kal\u0131p: Standart &amp; Regular Kuma\u015f: Dalg\u0131\u00e7 Kuma\u015f\u0131 Bel Fiti: Beli Lastikli Pa\u00e7a Fiti: [&hellip;]<\/p>\n","protected":false},"featured_media":85804,"comment_status":"open","ping_status":"closed","template":"","meta":[],"product_brand":[],"product_cat":[1882],"product_tag":[7651,6765,7700,7744,7745,7742],"class_list":{"0":"post-85875","1":"product","2":"type-product","3":"status-publish","4":"has-post-thumbnail","6":"product_cat-alt-giyim","7":"product_tag-esofman-alti","8":"product_tag-lastikli-bel","9":"product_tag-lc-waikiki","10":"product_tag-pembe","11":"product_tag-xside","12":"product_tag-yumusak-dokunus","13":"pa_brand-xside","14":"pa_color-pembe","15":"pa_size-l","16":"pa_size-m","17":"pa_size-s","18":"pa_size-xl","19":"pa_size-xs","21":"first","22":"outofstock","23":"shipping-taxable","24":"product-type-variable"},"_links":{"self":[{"href":"https:\/\/mod.wisdar.net\/tr\/wp-json\/wp\/v2\/product\/85875","targetHints":{"allow":["GET"]}}],"collection":[{"href":"https:\/\/mod.wisdar.net\/tr\/wp-json\/wp\/v2\/product"}],"about":[{"href":"https:\/\/mod.wisdar.net\/tr\/wp-json\/wp\/v2\/types\/product"}],"replies":[{"embeddable":true,"href":"https:\/\/mod.wisdar.net\/tr\/wp-json\/wp\/v2\/comments?post=85875"}],"wp:featuredmedia":[{"embeddable":true,"href":"https:\/\/mod.wisdar.net\/tr\/wp-json\/wp\/v2\/media\/85804"}],"wp:attachment":[{"href":"https:\/\/mod.wisdar.net\/tr\/wp-json\/wp\/v2\/media?parent=85875"}],"wp:term":[{"taxonomy":"product_brand","embeddable":true,"href":"https:\/\/mod.wisdar.net\/tr\/wp-json\/wp\/v2\/product_brand?post=85875"},{"taxonomy":"product_cat","embeddable":true,"href":"https:\/\/mod.wisdar.net\/tr\/wp-json\/wp\/v2\/product_cat?post=85875"},{"taxonomy":"product_tag","embeddable":true,"href":"https:\/\/mod.wisdar.net\/tr\/wp-json\/wp\/v2\/product_tag?post=85875"}],"curies":[{"name":"wp","href":"https:\/\/api.w.org\/{rel}","templated":true}]}}