{"id":86087,"date":"2026-02-01T13:37:11","date_gmt":"2026-02-01T13:37:11","guid":{"rendered":"https:\/\/modesthanim.com\/product\/siyah-beli-lastikli-genis-paca-kadin-esofman-alti-2\/"},"modified":"2026-02-01T13:37:39","modified_gmt":"2026-02-01T13:37:39","slug":"siyah-beli-lastikli-genis-paca-kadin-esofman-alti-2","status":"publish","type":"product","link":"https:\/\/mod.wisdar.net\/tr\/urun\/siyah-beli-lastikli-genis-paca-kadin-esofman-alti-2\/","title":{"rendered":"Siyah Beli Lastikli Geni\u015f Pa\u00e7a Kad\u0131n E\u015fofman Alt\u0131"},"content":{"rendered":"<p>LCW Modest Siyah Beli Lastikli Geni\u015f Pa\u00e7a Kad\u0131n E\u015fofman Alt\u0131 size \u00f6zel indirim, taksit ve kap\u0131da \u00f6deme avantajlar\u0131yla LCW&#8217;de! Hemen online al\u0131\u015fveri\u015f yap, \u00fcr\u00fcn kap\u0131na gelsin! \u2013 S6GA70Z8-CVL<\/p>\n<p>\u2014 Technical Details \u2014<br \/>\n\u00dcr\u00fcn Tipi: E\u015fofman Alt\u0131<br \/>\nCinsiyet: Kad\u0131n<br \/>\nKal\u0131p: Standart &amp; Regular<br \/>\nKuma\u015f: \u0130nterlok<br \/>\nKal\u0131nl\u0131k: Orta Kal\u0131nl\u0131k<br \/>\nBel Fiti: Beli Lastikli<br \/>\nPa\u00e7a Fiti: Geni\u015f Pa\u00e7a<br \/>\nDesen: D\u00fcz<br \/>\nV\u00fccut Tipi: B\u00fcy\u00fck Beden<\/p>\n","protected":false},"excerpt":{"rendered":"<p>LCW Modest Siyah Beli Lastikli Geni\u015f Pa\u00e7a Kad\u0131n E\u015fofman Alt\u0131 size \u00f6zel indirim, taksit ve kap\u0131da \u00f6deme avantajlar\u0131yla LCW&#8217;de! Hemen online al\u0131\u015fveri\u015f yap, \u00fcr\u00fcn kap\u0131na gelsin! \u2013 S6GA70Z8-CVL \u2014 Technical Details \u2014 \u00dcr\u00fcn Tipi: E\u015fofman Alt\u0131 Cinsiyet: Kad\u0131n Kal\u0131p: Standart &amp; Regular Kuma\u015f: \u0130nterlok Kal\u0131nl\u0131k: Orta Kal\u0131nl\u0131k Bel Fiti: Beli Lastikli Pa\u00e7a Fiti: Geni\u015f Pa\u00e7a [&hellip;]<\/p>\n","protected":false},"featured_media":86081,"comment_status":"open","ping_status":"closed","template":"","meta":[],"product_brand":[],"product_cat":[1882],"product_tag":[6761,7563,7651,7469,7726,6765,7614],"class_list":{"0":"post-86087","1":"product","2":"type-product","3":"status-publish","4":"has-post-thumbnail","6":"product_cat-alt-giyim","7":"product_tag-bol-paca","8":"product_tag-buyuk-beden","9":"product_tag-esofman-alti","10":"product_tag-interlock-kumas","11":"product_tag-kadin-esofman-alti","12":"product_tag-lastikli-bel","13":"product_tag-lcw-modest","14":"pa_brand-lcw-modest","15":"pa_color-siyah","16":"pa_size-2xl","17":"pa_size-3xl","18":"pa_size-4xl","19":"pa_size-l","20":"pa_size-m","21":"pa_size-s","22":"pa_size-xl","24":"first","25":"instock","26":"shipping-taxable","27":"purchasable","28":"product-type-variable"},"_links":{"self":[{"href":"https:\/\/mod.wisdar.net\/tr\/wp-json\/wp\/v2\/product\/86087","targetHints":{"allow":["GET"]}}],"collection":[{"href":"https:\/\/mod.wisdar.net\/tr\/wp-json\/wp\/v2\/product"}],"about":[{"href":"https:\/\/mod.wisdar.net\/tr\/wp-json\/wp\/v2\/types\/product"}],"replies":[{"embeddable":true,"href":"https:\/\/mod.wisdar.net\/tr\/wp-json\/wp\/v2\/comments?post=86087"}],"wp:featuredmedia":[{"embeddable":true,"href":"https:\/\/mod.wisdar.net\/tr\/wp-json\/wp\/v2\/media\/86081"}],"wp:attachment":[{"href":"https:\/\/mod.wisdar.net\/tr\/wp-json\/wp\/v2\/media?parent=86087"}],"wp:term":[{"taxonomy":"product_brand","embeddable":true,"href":"https:\/\/mod.wisdar.net\/tr\/wp-json\/wp\/v2\/product_brand?post=86087"},{"taxonomy":"product_cat","embeddable":true,"href":"https:\/\/mod.wisdar.net\/tr\/wp-json\/wp\/v2\/product_cat?post=86087"},{"taxonomy":"product_tag","embeddable":true,"href":"https:\/\/mod.wisdar.net\/tr\/wp-json\/wp\/v2\/product_tag?post=86087"}],"curies":[{"name":"wp","href":"https:\/\/api.w.org\/{rel}","templated":true}]}}