{"id":86237,"date":"2026-02-01T13:38:27","date_gmt":"2026-02-01T13:38:27","guid":{"rendered":"https:\/\/modesthanim.com\/product\/kahverengi-dik-yaka-kadin-sweatshirt-tunik\/"},"modified":"2026-04-02T03:50:38","modified_gmt":"2026-04-02T03:50:38","slug":"kahverengi-dik-yaka-kadin-sweatshirt-tunik","status":"publish","type":"product","link":"https:\/\/mod.wisdar.net\/tr\/urun\/kahverengi-dik-yaka-kadin-sweatshirt-tunik\/","title":{"rendered":"Kahverengi Dik Yaka Kad\u0131n Sweatshirt Tunik"},"content":{"rendered":"<p>LCW Modest Kahverengi Dik Yaka Kad\u0131n Sweatshirt Tunik, size \u00f6zel indirim, taksit ve kap\u0131da \u00f6deme avantajlar\u0131yla LCW&#8217;de! Hemen online al\u0131\u015fveri\u015f yap\u0131n, \u00fcr\u00fcn kap\u0131n\u0131za gelsin! \u2013 S6IH72Z8-HMK<\/p>\n<p>\u2014 Teknik Detaylar \u2014<br \/>\nDesen: D\u00fcz<br \/>\nKal\u0131nl\u0131k: Orta Kal\u0131nl\u0131k<br \/>\nKal\u0131p: Bol ve Rahat<br \/>\nKol Boyu: Uzun Kollu<br \/>\nKoleksiyon: Tesett\u00fcr Giyim<br \/>\nUzunluk: Basen Boy<br \/>\nYaka: Bisiklet Yaka<br \/>\nEk \u00d6zellik: Yar\u0131m Fermuarl\u0131<br \/>\nV\u00fccut Tipi: B\u00fcy\u00fck Beden<\/p>\n","protected":false},"excerpt":{"rendered":"<p>LCW Modest Kahverengi Dik Yaka Kad\u0131n Sweatshirt Tunik, size \u00f6zel indirim, taksit ve kap\u0131da \u00f6deme avantajlar\u0131yla LCW&#8217;de! Hemen online al\u0131\u015fveri\u015f yap\u0131n, \u00fcr\u00fcn kap\u0131n\u0131za gelsin! \u2013 S6IH72Z8-HMK \u2014 Teknik Detaylar \u2014 Desen: D\u00fcz Kal\u0131nl\u0131k: Orta Kal\u0131nl\u0131k Kal\u0131p: Bol ve Rahat Kol Boyu: Uzun Kollu Koleksiyon: Tesett\u00fcr Giyim Uzunluk: Basen Boy Yaka: Bisiklet Yaka Ek \u00d6zellik: Yar\u0131m [&hellip;]<\/p>\n","protected":false},"featured_media":86231,"comment_status":"open","ping_status":"closed","template":"","meta":[],"product_brand":[],"product_cat":[1927],"product_tag":[],"class_list":{"0":"post-86237","1":"product","2":"type-product","3":"status-publish","4":"has-post-thumbnail","6":"product_cat-hoodies-sweatshirtler","7":"pa_brand-lcw-modest","8":"pa_color-kahverengi","9":"pa_size-2xl","10":"pa_size-3xl","11":"pa_size-l","12":"pa_size-m","13":"pa_size-s","14":"pa_size-xl","16":"first","17":"instock","18":"shipping-taxable","19":"purchasable","20":"product-type-variable"},"_links":{"self":[{"href":"https:\/\/mod.wisdar.net\/tr\/wp-json\/wp\/v2\/product\/86237","targetHints":{"allow":["GET"]}}],"collection":[{"href":"https:\/\/mod.wisdar.net\/tr\/wp-json\/wp\/v2\/product"}],"about":[{"href":"https:\/\/mod.wisdar.net\/tr\/wp-json\/wp\/v2\/types\/product"}],"replies":[{"embeddable":true,"href":"https:\/\/mod.wisdar.net\/tr\/wp-json\/wp\/v2\/comments?post=86237"}],"wp:featuredmedia":[{"embeddable":true,"href":"https:\/\/mod.wisdar.net\/tr\/wp-json\/wp\/v2\/media\/86231"}],"wp:attachment":[{"href":"https:\/\/mod.wisdar.net\/tr\/wp-json\/wp\/v2\/media?parent=86237"}],"wp:term":[{"taxonomy":"product_brand","embeddable":true,"href":"https:\/\/mod.wisdar.net\/tr\/wp-json\/wp\/v2\/product_brand?post=86237"},{"taxonomy":"product_cat","embeddable":true,"href":"https:\/\/mod.wisdar.net\/tr\/wp-json\/wp\/v2\/product_cat?post=86237"},{"taxonomy":"product_tag","embeddable":true,"href":"https:\/\/mod.wisdar.net\/tr\/wp-json\/wp\/v2\/product_tag?post=86237"}],"curies":[{"name":"wp","href":"https:\/\/api.w.org\/{rel}","templated":true}]}}