{"id":86266,"date":"2026-02-01T13:38:57","date_gmt":"2026-02-01T13:38:57","guid":{"rendered":"https:\/\/modesthanim.com\/product\/kahverengi-kapusonlu-kadin-kalin-fermuarli-sweatshirt-2\/"},"modified":"2026-04-02T03:51:25","modified_gmt":"2026-04-02T03:51:25","slug":"kahverengi-kapusonlu-kadin-kalin-fermuarli-sweatshirt-2","status":"publish","type":"product","link":"https:\/\/mod.wisdar.net\/tr\/urun\/kahverengi-kapusonlu-kadin-kalin-fermuarli-sweatshirt-2\/","title":{"rendered":"Kahverengi Kap\u00fc\u015fonlu Kad\u0131n Kal\u0131n Fermuarl\u0131 Sweatshirt"},"content":{"rendered":"<p>XSIDE Kahverengi Kap\u00fc\u015fonlu Kad\u0131n Kal\u0131n Fermuarl\u0131 Sweatshirt size \u00f6zel indirim, taksit ve kap\u0131da \u00f6deme avantajlar\u0131yla LCW&#8217;de! Hemen online al\u0131\u015fveri\u015f yap, \u00fcr\u00fcn kap\u0131na gelsin! \u2013 S6HC53Z8-ZKW<\/p>\n<p>\u2014 Technical Details \u2014<br \/>\nMen\u015fei: Turk\u0131ye<br \/>\nSat\u0131c\u0131: LC Waikiki<br \/>\nMarka: XSIDE<br \/>\n\u00dcr\u00fcn Tipi: Fermuarl\u0131 Sweatshirt<br \/>\nCinsiyet: Kad\u0131n<br \/>\nKal\u0131p: Oversize<br \/>\nKuma\u015f: 3 \u0130plik \u015eardonlu<br \/>\nDesen: D\u00fcz<br \/>\nYaka: Kap\u00fc\u015fonlu<br \/>\nKal\u0131nl\u0131k: Kal\u0131n<br \/>\nKol Boyu: Uzun Kollu<br \/>\nEk \u00d6zellik: Fermuarl\u0131<\/p>\n","protected":false},"excerpt":{"rendered":"<p>XSIDE Kahverengi Kap\u00fc\u015fonlu Kad\u0131n Kal\u0131n Fermuarl\u0131 Sweatshirt size \u00f6zel indirim, taksit ve kap\u0131da \u00f6deme avantajlar\u0131yla LCW&#8217;de! Hemen online al\u0131\u015fveri\u015f yap, \u00fcr\u00fcn kap\u0131na gelsin! \u2013 S6HC53Z8-ZKW \u2014 Technical Details \u2014 Men\u015fei: Turk\u0131ye Sat\u0131c\u0131: LC Waikiki Marka: XSIDE \u00dcr\u00fcn Tipi: Fermuarl\u0131 Sweatshirt Cinsiyet: Kad\u0131n Kal\u0131p: Oversize Kuma\u015f: 3 \u0130plik \u015eardonlu Desen: D\u00fcz Yaka: Kap\u00fc\u015fonlu Kal\u0131nl\u0131k: Kal\u0131n Kol [&hellip;]<\/p>\n","protected":false},"featured_media":86238,"comment_status":"open","ping_status":"closed","template":"","meta":[],"product_brand":[],"product_cat":[1927],"product_tag":[7458,7448,7547,7766,7758,7423,7422],"class_list":{"0":"post-86266","1":"product","2":"type-product","3":"status-publish","4":"has-post-thumbnail","6":"product_cat-hoodies-sweatshirtler","7":"product_tag-fermuarli-2","8":"product_tag-gunluk-moda","9":"product_tag-kadin-giyim","10":"product_tag-kapusonlu-sweatshirt-2","11":"product_tag-kis-giyim","12":"product_tag-oversize-2","13":"product_tag-sweatshirt","14":"pa_brand-xside","15":"pa_color-kahverengi","16":"pa_size-m-l-2","17":"pa_size-xs-s","19":"first","20":"instock","21":"shipping-taxable","22":"purchasable","23":"product-type-variable"},"_links":{"self":[{"href":"https:\/\/mod.wisdar.net\/tr\/wp-json\/wp\/v2\/product\/86266","targetHints":{"allow":["GET"]}}],"collection":[{"href":"https:\/\/mod.wisdar.net\/tr\/wp-json\/wp\/v2\/product"}],"about":[{"href":"https:\/\/mod.wisdar.net\/tr\/wp-json\/wp\/v2\/types\/product"}],"replies":[{"embeddable":true,"href":"https:\/\/mod.wisdar.net\/tr\/wp-json\/wp\/v2\/comments?post=86266"}],"wp:featuredmedia":[{"embeddable":true,"href":"https:\/\/mod.wisdar.net\/tr\/wp-json\/wp\/v2\/media\/86238"}],"wp:attachment":[{"href":"https:\/\/mod.wisdar.net\/tr\/wp-json\/wp\/v2\/media?parent=86266"}],"wp:term":[{"taxonomy":"product_brand","embeddable":true,"href":"https:\/\/mod.wisdar.net\/tr\/wp-json\/wp\/v2\/product_brand?post=86266"},{"taxonomy":"product_cat","embeddable":true,"href":"https:\/\/mod.wisdar.net\/tr\/wp-json\/wp\/v2\/product_cat?post=86266"},{"taxonomy":"product_tag","embeddable":true,"href":"https:\/\/mod.wisdar.net\/tr\/wp-json\/wp\/v2\/product_tag?post=86266"}],"curies":[{"name":"wp","href":"https:\/\/api.w.org\/{rel}","templated":true}]}}