{"id":8641,"date":"2025-11-01T20:16:40","date_gmt":"2025-11-01T20:16:40","guid":{"rendered":"https:\/\/modesthanim.com\/product\/kruvaze-polo-yakali-trenckot-haki\/"},"modified":"2026-02-09T14:21:49","modified_gmt":"2026-02-09T14:21:49","slug":"kruvaze-polo-yakali-trenckot-haki","status":"publish","type":"product","link":"https:\/\/mod.wisdar.net\/tr\/urun\/kruvaze-polo-yakali-trenckot-haki\/","title":{"rendered":"Kruvaze Polo Yakal\u0131 Tren\u00e7kot \u2013 Haki"},"content":{"rendered":"<p>Mevsim ge\u00e7i\u015flerinin vazge\u00e7ilmez par\u00e7as\u0131 olan bu tasar\u0131m, ince dokulu kuma\u015f\u0131 sayesinde hafiflik sunarken, \u015f\u0131k duru\u015fuyla g\u00fcnd\u00fczden geceye zahmetsizce uyum sa\u011flar.<\/p>\n<p>\u2014 Technical Details \u2014<br \/>\nDesen: D\u00fcz<br \/>\nYaka Tipi: G\u00f6mlek Yaka<br \/>\nKol Tipi: Uzun Kol<br \/>\nCep: Fleto Cep<br \/>\nAstar: Astarl\u0131<br \/>\nKal\u0131p Tipi: Normal Kal\u0131p<br \/>\nMankenin Giydi\u011fi Beden: 38<br \/>\nManken \u00d6l\u00e7\u00fcleri: {&#8216;Boy&#8217;: &#8216;175 cm&#8217;, &#8216;G\u00f6\u011f\u00fcs&#8217;: &#8217;80 cm&#8217;, &#8216;Bel&#8217;: &#8217;62 cm&#8217;, &#8216;Basen&#8217;: &#8217;90 cm&#8217;}<br \/>\nBeden \u00d6l\u00e7\u00fcleri (cm): {&#8217;38&#8217;: {&#8216;Omuz&#8217;: 39.5, &#8216;G\u00f6\u011f\u00fcs&#8217;: 104, &#8216;Bel&#8217;: 108, &#8216;Basen&#8217;: 117, &#8216;Boy&#8217;: 120, &#8216;Kol Boyu&#8217;: 61}, &#8217;40&#8217;: {&#8216;Omuz&#8217;: 40, &#8216;G\u00f6\u011f\u00fcs&#8217;: 108, &#8216;Bel&#8217;: 112, &#8216;Basen&#8217;: 121, &#8216;Boy&#8217;: 120.5, &#8216;Kol Boyu&#8217;: 61.3}, &#8217;42&#8217;: {&#8216;Omuz&#8217;: 40.5, &#8216;G\u00f6\u011f\u00fcs&#8217;: 112, &#8216;Bel&#8217;: 116, &#8216;Basen&#8217;: 125, &#8216;Boy&#8217;: 121, &#8216;Kol Boyu&#8217;: 61.6}, &#8217;44&#8217;: {&#8216;Omuz&#8217;: 41, &#8216;G\u00f6\u011f\u00fcs&#8217;: 116, &#8216;Bel&#8217;: 120, &#8216;Basen&#8217;: 129, &#8216;Boy&#8217;: 121.5, &#8216;Kol Boyu&#8217;: 62}, &#8217;46&#8217;: {&#8216;Omuz&#8217;: 41.5, &#8216;G\u00f6\u011f\u00fcs&#8217;: 122, &#8216;Bel&#8217;: 126, &#8216;Basen&#8217;: 135, &#8216;Boy&#8217;: 122, &#8216;Kol Boyu&#8217;: 62.3}, &#8217;48&#8217;: {&#8216;Omuz&#8217;: 42, &#8216;G\u00f6\u011f\u00fcs&#8217;: 126, &#8216;Bel&#8217;: 130, &#8216;Basen&#8217;: 139, &#8216;Boy&#8217;: 122.5, &#8216;Kol Boyu&#8217;: 62.5}}<\/p>\n","protected":false},"excerpt":{"rendered":"<p>Mevsim ge\u00e7i\u015flerinin vazge\u00e7ilmez par\u00e7as\u0131 olan bu tasar\u0131m, ince dokulu kuma\u015f\u0131 sayesinde hafiflik sunarken, \u015f\u0131k duru\u015fuyla g\u00fcnd\u00fczden geceye zahmetsizce uyum sa\u011flar. \u2014 Technical Details \u2014 Desen: D\u00fcz Yaka Tipi: G\u00f6mlek Yaka Kol Tipi: Uzun Kol Cep: Fleto Cep Astar: Astarl\u0131 Kal\u0131p Tipi: Normal Kal\u0131p Mankenin Giydi\u011fi Beden: 38 Manken \u00d6l\u00e7\u00fcleri: {&#8216;Boy&#8217;: &#8216;175 cm&#8217;, &#8216;G\u00f6\u011f\u00fcs&#8217;: &#8217;80 cm&#8217;, [&hellip;]<\/p>\n","protected":false},"featured_media":51988,"comment_status":"open","ping_status":"closed","template":"","meta":[],"product_brand":[],"product_cat":[2047],"product_tag":[5012,6766,6776],"class_list":{"0":"post-8641","1":"product","2":"type-product","3":"status-publish","4":"has-post-thumbnail","6":"product_cat-paltolar","7":"product_tag-elegant","8":"product_tag-hafif","9":"product_tag-trenckot","10":"pa_color-haki","11":"pa_size-4706","12":"pa_size-4711","13":"pa_size-4713","14":"pa_size-4751","15":"pa_size-4749","16":"pa_size-4747","18":"first","19":"instock","20":"sale","21":"shipping-taxable","22":"purchasable","23":"product-type-variable"},"_links":{"self":[{"href":"https:\/\/mod.wisdar.net\/tr\/wp-json\/wp\/v2\/product\/8641","targetHints":{"allow":["GET"]}}],"collection":[{"href":"https:\/\/mod.wisdar.net\/tr\/wp-json\/wp\/v2\/product"}],"about":[{"href":"https:\/\/mod.wisdar.net\/tr\/wp-json\/wp\/v2\/types\/product"}],"replies":[{"embeddable":true,"href":"https:\/\/mod.wisdar.net\/tr\/wp-json\/wp\/v2\/comments?post=8641"}],"wp:featuredmedia":[{"embeddable":true,"href":"https:\/\/mod.wisdar.net\/tr\/wp-json\/wp\/v2\/media\/51988"}],"wp:attachment":[{"href":"https:\/\/mod.wisdar.net\/tr\/wp-json\/wp\/v2\/media?parent=8641"}],"wp:term":[{"taxonomy":"product_brand","embeddable":true,"href":"https:\/\/mod.wisdar.net\/tr\/wp-json\/wp\/v2\/product_brand?post=8641"},{"taxonomy":"product_cat","embeddable":true,"href":"https:\/\/mod.wisdar.net\/tr\/wp-json\/wp\/v2\/product_cat?post=8641"},{"taxonomy":"product_tag","embeddable":true,"href":"https:\/\/mod.wisdar.net\/tr\/wp-json\/wp\/v2\/product_tag?post=8641"}],"curies":[{"name":"wp","href":"https:\/\/api.w.org\/{rel}","templated":true}]}}