{"id":86424,"date":"2026-02-01T13:40:14","date_gmt":"2026-02-01T13:40:14","guid":{"rendered":"https:\/\/modesthanim.com\/product\/mor-oversize-modal-karisimli-kadin-gomlek-tunik-2\/"},"modified":"2026-04-02T20:57:50","modified_gmt":"2026-04-02T20:57:50","slug":"mor-oversize-modal-karisimli-kadin-gomlek-tunik-2","status":"publish","type":"product","link":"https:\/\/mod.wisdar.net\/tr\/urun\/mor-oversize-modal-karisimli-kadin-gomlek-tunik-2\/","title":{"rendered":"Mor Oversize Modal Kar\u0131\u015f\u0131ml\u0131 Kad\u0131n G\u00f6mlek Tunik"},"content":{"rendered":"<p>LCW Modest Mor Oversize Modal Kar\u0131\u015f\u0131ml\u0131 Kad\u0131n G\u00f6mlek Tunik size \u00f6zel indirim, taksit ve kap\u0131da \u00f6deme avantajlar\u0131yla LCW&#8217;de! Hemen online al\u0131\u015fveri\u015f yap, \u00fcr\u00fcn kap\u0131na gelsin! \u2013 W5LF25Z8-HGS<\/p>\n<p>\u2014 Technical Details \u2014<br \/>\nMen\u015fei: Turk\u0131ye<br \/>\nSat\u0131c\u0131: LC Waikiki<br \/>\nMarka: LCW Modest<br \/>\n\u00dcr\u00fcn Tipi: G\u00f6mlek Tunik<br \/>\nCinsiyet: Kad\u0131n<br \/>\nDesen: D\u00fcz<br \/>\nKal\u0131p: Oversize<br \/>\nKol Boyu: Uzun Kollu<br \/>\nKoleksiyon: Tesett\u00fcr Giyim<br \/>\nMalzeme: Modal<br \/>\nUzunluk: Diz Y\u00fcksekli\u011finde<br \/>\nYaka: G\u00f6mlek Yaka<br \/>\nKol Tipi: Geni\u015f Kol<br \/>\nEk \u00d6zellik: D\u00fc\u011fmeli<\/p>\n","protected":false},"excerpt":{"rendered":"<p>LCW Modest Mor Oversize Modal Kar\u0131\u015f\u0131ml\u0131 Kad\u0131n G\u00f6mlek Tunik size \u00f6zel indirim, taksit ve kap\u0131da \u00f6deme avantajlar\u0131yla LCW&#8217;de! Hemen online al\u0131\u015fveri\u015f yap, \u00fcr\u00fcn kap\u0131na gelsin! \u2013 W5LF25Z8-HGS \u2014 Technical Details \u2014 Men\u015fei: Turk\u0131ye Sat\u0131c\u0131: LC Waikiki Marka: LCW Modest \u00dcr\u00fcn Tipi: G\u00f6mlek Tunik Cinsiyet: Kad\u0131n Desen: D\u00fcz Kal\u0131p: Oversize Kol Boyu: Uzun Kollu Koleksiyon: Tesett\u00fcr [&hellip;]<\/p>\n","protected":false},"featured_media":0,"comment_status":"open","ping_status":"closed","template":"","meta":[],"product_brand":[],"product_cat":[2050],"product_tag":[7804,7805,7801,7802,6771,7376,7423,7803,6768],"class_list":{"0":"post-86424","1":"product","2":"type-product","3":"status-publish","5":"product_cat-blazer-ceketler","6":"product_tag-bol-kol","7":"product_tag-diz-boyu","8":"product_tag-dugmeli","9":"product_tag-duz","10":"product_tag-gomlek-yaka","11":"product_tag-modal","12":"product_tag-oversize-2","13":"product_tag-tesettur-giyim","14":"product_tag-uzun-kol","15":"pa_brand-lcw-modest","16":"pa_color-koyu-mor","17":"pa_size-4701","18":"pa_size-4706","19":"pa_size-4711","20":"pa_size-4713","21":"pa_size-4751","22":"pa_size-4749","24":"first","25":"outofstock","26":"shipping-taxable","27":"product-type-variable"},"_links":{"self":[{"href":"https:\/\/mod.wisdar.net\/tr\/wp-json\/wp\/v2\/product\/86424","targetHints":{"allow":["GET"]}}],"collection":[{"href":"https:\/\/mod.wisdar.net\/tr\/wp-json\/wp\/v2\/product"}],"about":[{"href":"https:\/\/mod.wisdar.net\/tr\/wp-json\/wp\/v2\/types\/product"}],"replies":[{"embeddable":true,"href":"https:\/\/mod.wisdar.net\/tr\/wp-json\/wp\/v2\/comments?post=86424"}],"wp:attachment":[{"href":"https:\/\/mod.wisdar.net\/tr\/wp-json\/wp\/v2\/media?parent=86424"}],"wp:term":[{"taxonomy":"product_brand","embeddable":true,"href":"https:\/\/mod.wisdar.net\/tr\/wp-json\/wp\/v2\/product_brand?post=86424"},{"taxonomy":"product_cat","embeddable":true,"href":"https:\/\/mod.wisdar.net\/tr\/wp-json\/wp\/v2\/product_cat?post=86424"},{"taxonomy":"product_tag","embeddable":true,"href":"https:\/\/mod.wisdar.net\/tr\/wp-json\/wp\/v2\/product_tag?post=86424"}],"curies":[{"name":"wp","href":"https:\/\/api.w.org\/{rel}","templated":true}]}}