{"id":86548,"date":"2026-02-01T13:41:15","date_gmt":"2026-02-01T13:41:15","guid":{"rendered":"https:\/\/modesthanim.com\/product\/yesil-bel-buzgulu-ekose-kadin-gomlek\/"},"modified":"2026-04-02T04:02:00","modified_gmt":"2026-04-02T04:02:00","slug":"yesil-bel-buzgulu-ekose-kadin-gomlek","status":"publish","type":"product","link":"https:\/\/mod.wisdar.net\/tr\/urun\/yesil-bel-buzgulu-ekose-kadin-gomlek\/","title":{"rendered":"Ye\u015fil Beli B\u00fczg\u00fcl\u00fc Ekose Kad\u0131n G\u00f6mlek"},"content":{"rendered":"<p>LCWAIKIKI Classic Ye\u015fil Beli B\u00fczg\u00fcl\u00fc Ekose Kad\u0131n G\u00f6mlek size \u00f6zel indirim, taksit ve kap\u0131da \u00f6deme avantajlar\u0131yla LCW&#8217;de! Hemen online al\u0131\u015fveri\u015f yap, \u00fcr\u00fcn kap\u0131na gelsin! \u2013 S6JR66Z8-LME<\/p>\n<p>\u2014 Technical Details \u2014<br \/>\n\u00dcr\u00fcn Tipi: G\u00f6mlek<br \/>\nCinsiyet: Kad\u0131n<br \/>\nKal\u0131p: Loose &amp; Bol<br \/>\nDesen: Ekose<br \/>\nYaka: G\u00f6mlek Yaka<br \/>\nKol Boyu: Uzun Kollu<br \/>\nEk \u00d6zellik: B\u00fczg\u00fcl\u00fc<\/p>\n","protected":false},"excerpt":{"rendered":"<p>LCWAIKIKI Classic Ye\u015fil Beli B\u00fczg\u00fcl\u00fc Ekose Kad\u0131n G\u00f6mlek size \u00f6zel indirim, taksit ve kap\u0131da \u00f6deme avantajlar\u0131yla LCW&#8217;de! Hemen online al\u0131\u015fveri\u015f yap, \u00fcr\u00fcn kap\u0131na gelsin! \u2013 S6JR66Z8-LME \u2014 Technical Details \u2014 \u00dcr\u00fcn Tipi: G\u00f6mlek Cinsiyet: Kad\u0131n Kal\u0131p: Loose &amp; Bol Desen: Ekose Yaka: G\u00f6mlek Yaka Kol Boyu: Uzun Kollu Ek \u00d6zellik: B\u00fczg\u00fcl\u00fc<\/p>\n","protected":false},"featured_media":86486,"comment_status":"open","ping_status":"closed","template":"","meta":[],"product_brand":[],"product_cat":[1909],"product_tag":[7326,7826,7824,7823,7567,6768,7825],"class_list":{"0":"post-86548","1":"product","2":"type-product","3":"status-publish","4":"has-post-thumbnail","6":"product_cat-bluzlar-ve-gomlekler","7":"product_tag-bol-kesim","8":"product_tag-buzgulu-bel","9":"product_tag-ekose-2","10":"product_tag-kadin-gomlek","11":"product_tag-lcwaikiki","12":"product_tag-uzun-kol","13":"product_tag-yesil","14":"pa_brand-lcwaikiki-classic","15":"pa_color-yesil","16":"pa_size-4701","17":"pa_size-4706","18":"pa_size-4711","19":"pa_size-4713","20":"pa_size-4751","21":"pa_size-4749","22":"pa_size-4747","24":"first","25":"instock","26":"shipping-taxable","27":"purchasable","28":"product-type-variable"},"_links":{"self":[{"href":"https:\/\/mod.wisdar.net\/tr\/wp-json\/wp\/v2\/product\/86548","targetHints":{"allow":["GET"]}}],"collection":[{"href":"https:\/\/mod.wisdar.net\/tr\/wp-json\/wp\/v2\/product"}],"about":[{"href":"https:\/\/mod.wisdar.net\/tr\/wp-json\/wp\/v2\/types\/product"}],"replies":[{"embeddable":true,"href":"https:\/\/mod.wisdar.net\/tr\/wp-json\/wp\/v2\/comments?post=86548"}],"wp:featuredmedia":[{"embeddable":true,"href":"https:\/\/mod.wisdar.net\/tr\/wp-json\/wp\/v2\/media\/86486"}],"wp:attachment":[{"href":"https:\/\/mod.wisdar.net\/tr\/wp-json\/wp\/v2\/media?parent=86548"}],"wp:term":[{"taxonomy":"product_brand","embeddable":true,"href":"https:\/\/mod.wisdar.net\/tr\/wp-json\/wp\/v2\/product_brand?post=86548"},{"taxonomy":"product_cat","embeddable":true,"href":"https:\/\/mod.wisdar.net\/tr\/wp-json\/wp\/v2\/product_cat?post=86548"},{"taxonomy":"product_tag","embeddable":true,"href":"https:\/\/mod.wisdar.net\/tr\/wp-json\/wp\/v2\/product_tag?post=86548"}],"curies":[{"name":"wp","href":"https:\/\/api.w.org\/{rel}","templated":true}]}}