{"id":86595,"date":"2026-02-01T13:41:42","date_gmt":"2026-02-01T13:41:42","guid":{"rendered":"https:\/\/modesthanim.com\/product\/indigo-baggy-fit-kadin-jean-pantolon-2\/"},"modified":"2026-04-09T10:50:49","modified_gmt":"2026-04-09T10:50:49","slug":"indigo-baggy-fit-kadin-jean-pantolon-2","status":"publish","type":"product","link":"https:\/\/mod.wisdar.net\/tr\/urun\/indigo-baggy-fit-kadin-jean-pantolon-2\/","title":{"rendered":"\u0130ndigo Baggy Fit Kad\u0131n Jean Pantolon"},"content":{"rendered":"<p>LCW Vision \u0130ndigo Baggy Fit Kad\u0131n Jean Pantolon, size \u00f6zel indirim, taksit ve kap\u0131da \u00f6deme avantajlar\u0131yla LCW&#8217;de! Hemen online al\u0131\u015fveri\u015f yap\u0131n, \u00fcr\u00fcn kap\u0131n\u0131za gelsin! \u2013 W5K205Z8-507<\/p>\n<p>\u2014 Teknik Detaylar \u2014<br \/>\nMen\u015fei: T\u00fcrkiye<br \/>\nSat\u0131c\u0131: LC Waikiki<br \/>\nMarka: LCW Vision<br \/>\n\u00dcr\u00fcn Tipi: Jean Pantolon<br \/>\nCinsiyet: Kad\u0131n<br \/>\nKal\u0131p: Baggy Fit<br \/>\nKuma\u015f: Denim<br \/>\nBel Fiti: Normal Bel<br \/>\nDesen: D\u00fcz<br \/>\nPa\u00e7a Fiti: Geni\u015f Pa\u00e7a<br \/>\nMalzeme: %100 Pamuk<\/p>\n","protected":false},"excerpt":{"rendered":"<p>LCW Vision \u0130ndigo Baggy Fit Kad\u0131n Jean Pantolon, size \u00f6zel indirim, taksit ve kap\u0131da \u00f6deme avantajlar\u0131yla LCW&#8217;de! Hemen online al\u0131\u015fveri\u015f yap\u0131n, \u00fcr\u00fcn kap\u0131n\u0131za gelsin! \u2013 W5K205Z8-507 \u2014 Teknik Detaylar \u2014 Men\u015fei: T\u00fcrkiye Sat\u0131c\u0131: LC Waikiki Marka: LCW Vision \u00dcr\u00fcn Tipi: Jean Pantolon Cinsiyet: Kad\u0131n Kal\u0131p: Baggy Fit Kuma\u015f: Denim Bel Fiti: Normal Bel Desen: D\u00fcz [&hellip;]<\/p>\n","protected":false},"featured_media":86549,"comment_status":"open","ping_status":"closed","template":"","meta":[],"product_brand":[],"product_cat":[1882],"product_tag":[7848,7844,7849,7847,7845,7850],"class_list":{"0":"post-86595","1":"product","2":"type-product","3":"status-publish","4":"has-post-thumbnail","6":"product_cat-alt-giyim","7":"product_tag-baggy-fit","8":"product_tag-denim","9":"product_tag-indigo-2","10":"product_tag-jean-pantolon","11":"product_tag-kadin","12":"product_tag-lcw-vision","13":"pa_brand-lcw-vision","14":"pa_color-indigo","15":"pa_size-7851","16":"pa_size-7843","17":"pa_size-7841","18":"pa_size-7842","19":"pa_size-7846","20":"pa_size-4698","22":"first","23":"outofstock","24":"shipping-taxable","25":"product-type-variable"},"_links":{"self":[{"href":"https:\/\/mod.wisdar.net\/tr\/wp-json\/wp\/v2\/product\/86595","targetHints":{"allow":["GET"]}}],"collection":[{"href":"https:\/\/mod.wisdar.net\/tr\/wp-json\/wp\/v2\/product"}],"about":[{"href":"https:\/\/mod.wisdar.net\/tr\/wp-json\/wp\/v2\/types\/product"}],"replies":[{"embeddable":true,"href":"https:\/\/mod.wisdar.net\/tr\/wp-json\/wp\/v2\/comments?post=86595"}],"wp:featuredmedia":[{"embeddable":true,"href":"https:\/\/mod.wisdar.net\/tr\/wp-json\/wp\/v2\/media\/86549"}],"wp:attachment":[{"href":"https:\/\/mod.wisdar.net\/tr\/wp-json\/wp\/v2\/media?parent=86595"}],"wp:term":[{"taxonomy":"product_brand","embeddable":true,"href":"https:\/\/mod.wisdar.net\/tr\/wp-json\/wp\/v2\/product_brand?post=86595"},{"taxonomy":"product_cat","embeddable":true,"href":"https:\/\/mod.wisdar.net\/tr\/wp-json\/wp\/v2\/product_cat?post=86595"},{"taxonomy":"product_tag","embeddable":true,"href":"https:\/\/mod.wisdar.net\/tr\/wp-json\/wp\/v2\/product_tag?post=86595"}],"curies":[{"name":"wp","href":"https:\/\/api.w.org\/{rel}","templated":true}]}}