{"id":86687,"date":"2026-02-01T13:42:13","date_gmt":"2026-02-01T13:42:13","guid":{"rendered":"https:\/\/modesthanim.com\/product\/siyah-beli-lastikli-bol-paca-kadin-pantolon\/"},"modified":"2026-03-21T11:43:50","modified_gmt":"2026-03-21T11:43:50","slug":"siyah-beli-lastikli-bol-paca-kadin-pantolon","status":"publish","type":"product","link":"https:\/\/mod.wisdar.net\/tr\/urun\/siyah-beli-lastikli-bol-paca-kadin-pantolon\/","title":{"rendered":"Siyah Beli Lastikli Geni\u015f Pa\u00e7a Kad\u0131n Pantolon"},"content":{"rendered":"<p>LCW Modest Siyah Beli Lastikli Geni\u015f Pa\u00e7a Kad\u0131n Pantolon size \u00f6zel indirim, taksit ve kap\u0131da \u00f6deme avantajlar\u0131yla LCW&#8217;de! Hemen online al\u0131\u015fveri\u015f yap, \u00fcr\u00fcn kap\u0131na gelsin! \u2013 W5N639Z8-CVL<\/p>\n<p>\u2014 Technical Details \u2014<br \/>\nMen\u015fei: Turk\u0131ye<br \/>\nSat\u0131c\u0131: LC Waikiki<br \/>\nMarka: LCW Modest<br \/>\n\u00dcr\u00fcn Tipi: Pantolon<br \/>\nCinsiyet: Kad\u0131n<br \/>\nKal\u0131p: Standart &amp; Regular<br \/>\nBel Fiti: Beli Lastikli<br \/>\nDesen: D\u00fcz<br \/>\nPa\u00e7a Fiti: Geni\u015f Pa\u00e7a<br \/>\nKal\u0131nl\u0131k: Orta Kal\u0131nl\u0131k<br \/>\nKoleksiyon: Tesett\u00fcr Giyim<\/p>\n","protected":false},"excerpt":{"rendered":"<p>LCW Modest Siyah Beli Lastikli Geni\u015f Pa\u00e7a Kad\u0131n Pantolon size \u00f6zel indirim, taksit ve kap\u0131da \u00f6deme avantajlar\u0131yla LCW&#8217;de! Hemen online al\u0131\u015fveri\u015f yap, \u00fcr\u00fcn kap\u0131na gelsin! \u2013 W5N639Z8-CVL \u2014 Technical Details \u2014 Men\u015fei: Turk\u0131ye Sat\u0131c\u0131: LC Waikiki Marka: LCW Modest \u00dcr\u00fcn Tipi: Pantolon Cinsiyet: Kad\u0131n Kal\u0131p: Standart &amp; Regular Bel Fiti: Beli Lastikli Desen: D\u00fcz Pa\u00e7a [&hellip;]<\/p>\n","protected":false},"featured_media":86633,"comment_status":"open","ping_status":"closed","template":"","meta":[],"product_brand":[],"product_cat":[1882],"product_tag":[6761,7859,6765,7548,7860],"class_list":{"0":"post-86687","1":"product","2":"type-product","3":"status-publish","4":"has-post-thumbnail","6":"product_cat-alt-giyim","7":"product_tag-bol-paca","8":"product_tag-kadin-pantolon-2","9":"product_tag-lastikli-bel","10":"product_tag-mutevazi-moda","11":"product_tag-siyah-pantolon-2","12":"pa_brand-lcw-modest","13":"pa_color-siyah","14":"pa_size-4706","15":"pa_size-4711","16":"pa_size-4713","17":"pa_size-4751","18":"pa_size-4749","19":"pa_size-4747","21":"first","22":"outofstock","23":"shipping-taxable","24":"product-type-variable"},"_links":{"self":[{"href":"https:\/\/mod.wisdar.net\/tr\/wp-json\/wp\/v2\/product\/86687","targetHints":{"allow":["GET"]}}],"collection":[{"href":"https:\/\/mod.wisdar.net\/tr\/wp-json\/wp\/v2\/product"}],"about":[{"href":"https:\/\/mod.wisdar.net\/tr\/wp-json\/wp\/v2\/types\/product"}],"replies":[{"embeddable":true,"href":"https:\/\/mod.wisdar.net\/tr\/wp-json\/wp\/v2\/comments?post=86687"}],"wp:featuredmedia":[{"embeddable":true,"href":"https:\/\/mod.wisdar.net\/tr\/wp-json\/wp\/v2\/media\/86633"}],"wp:attachment":[{"href":"https:\/\/mod.wisdar.net\/tr\/wp-json\/wp\/v2\/media?parent=86687"}],"wp:term":[{"taxonomy":"product_brand","embeddable":true,"href":"https:\/\/mod.wisdar.net\/tr\/wp-json\/wp\/v2\/product_brand?post=86687"},{"taxonomy":"product_cat","embeddable":true,"href":"https:\/\/mod.wisdar.net\/tr\/wp-json\/wp\/v2\/product_cat?post=86687"},{"taxonomy":"product_tag","embeddable":true,"href":"https:\/\/mod.wisdar.net\/tr\/wp-json\/wp\/v2\/product_tag?post=86687"}],"curies":[{"name":"wp","href":"https:\/\/api.w.org\/{rel}","templated":true}]}}