{"id":86834,"date":"2026-02-01T13:42:55","date_gmt":"2026-02-01T13:42:55","guid":{"rendered":"https:\/\/modesthanim.com\/product\/siyah-beli-lastikli-dokulu-muslin-kadin-pantolon\/"},"modified":"2026-04-09T10:50:47","modified_gmt":"2026-04-09T10:50:47","slug":"siyah-beli-lastikli-dokulu-muslin-kadin-pantolon","status":"publish","type":"product","link":"https:\/\/mod.wisdar.net\/tr\/urun\/siyah-beli-lastikli-dokulu-muslin-kadin-pantolon\/","title":{"rendered":"Siyah Beli Lastikli Dokulu M\u00fcslin Kad\u0131n Pantolon"},"content":{"rendered":"<p>LCWAIKIKI Classic Siyah Beli Lastikli Dokulu M\u00fcslin Kad\u0131n Pantolon size \u00f6zel indirim, taksit ve kap\u0131da \u00f6deme avantajlar\u0131yla LCW&#8217;de! Hemen online al\u0131\u015fveri\u015f yap, \u00fcr\u00fcn kap\u0131na gelsin! \u2013 W5K927Z8-CVL<\/p>\n<p>\u2014 Technical Details \u2014<br \/>\nMen\u015fei: Turk\u0131ye<br \/>\nSat\u0131c\u0131: LC Waikiki<br \/>\nMarka: LCWAIKIKI Classic<br \/>\n\u00dcr\u00fcn Tipi: Pantolon<br \/>\nCinsiyet: Kad\u0131n<br \/>\nKal\u0131p: Loose &amp; Bol<br \/>\nKuma\u015f: M\u00fcslin<br \/>\nBel Fiti: Beli Lastikli<br \/>\nDesen: D\u00fcz<br \/>\nPa\u00e7a Fiti: Geni\u015f Pa\u00e7a<br \/>\nMalzeme: Y\u00fcksek Pamuk \u0130\u00e7erir<br \/>\nEk \u00d6zellik: Dokulu<br \/>\nV\u00fccut Tipi: B\u00fcy\u00fck Beden<\/p>\n","protected":false},"excerpt":{"rendered":"<p>LCWAIKIKI Classic Siyah Beli Lastikli Dokulu M\u00fcslin Kad\u0131n Pantolon size \u00f6zel indirim, taksit ve kap\u0131da \u00f6deme avantajlar\u0131yla LCW&#8217;de! Hemen online al\u0131\u015fveri\u015f yap, \u00fcr\u00fcn kap\u0131na gelsin! \u2013 W5K927Z8-CVL \u2014 Technical Details \u2014 Men\u015fei: Turk\u0131ye Sat\u0131c\u0131: LC Waikiki Marka: LCWAIKIKI Classic \u00dcr\u00fcn Tipi: Pantolon Cinsiyet: Kad\u0131n Kal\u0131p: Loose &amp; Bol Kuma\u015f: M\u00fcslin Bel Fiti: Beli Lastikli Desen: [&hellip;]<\/p>\n","protected":false},"featured_media":86808,"comment_status":"open","ping_status":"closed","template":"","meta":[],"product_brand":[],"product_cat":[1882],"product_tag":[7865,6765,7866,7576,6749,7074],"class_list":{"0":"post-86834","1":"product","2":"type-product","3":"status-publish","4":"has-post-thumbnail","6":"product_cat-alt-giyim","7":"product_tag-dokulu","8":"product_tag-lastikli-bel","9":"product_tag-lcwaikiki-classic","10":"product_tag-muslin","11":"product_tag-pantolon","12":"product_tag-siyah","13":"pa_brand-lcwaikiki-classic","14":"pa_color-siyah","15":"pa_size-4701","16":"pa_size-4706","17":"pa_size-4711","18":"pa_size-4713","19":"pa_size-4751","20":"pa_size-4749","21":"pa_size-4747","23":"first","24":"instock","25":"shipping-taxable","26":"purchasable","27":"product-type-variable"},"_links":{"self":[{"href":"https:\/\/mod.wisdar.net\/tr\/wp-json\/wp\/v2\/product\/86834","targetHints":{"allow":["GET"]}}],"collection":[{"href":"https:\/\/mod.wisdar.net\/tr\/wp-json\/wp\/v2\/product"}],"about":[{"href":"https:\/\/mod.wisdar.net\/tr\/wp-json\/wp\/v2\/types\/product"}],"replies":[{"embeddable":true,"href":"https:\/\/mod.wisdar.net\/tr\/wp-json\/wp\/v2\/comments?post=86834"}],"wp:featuredmedia":[{"embeddable":true,"href":"https:\/\/mod.wisdar.net\/tr\/wp-json\/wp\/v2\/media\/86808"}],"wp:attachment":[{"href":"https:\/\/mod.wisdar.net\/tr\/wp-json\/wp\/v2\/media?parent=86834"}],"wp:term":[{"taxonomy":"product_brand","embeddable":true,"href":"https:\/\/mod.wisdar.net\/tr\/wp-json\/wp\/v2\/product_brand?post=86834"},{"taxonomy":"product_cat","embeddable":true,"href":"https:\/\/mod.wisdar.net\/tr\/wp-json\/wp\/v2\/product_cat?post=86834"},{"taxonomy":"product_tag","embeddable":true,"href":"https:\/\/mod.wisdar.net\/tr\/wp-json\/wp\/v2\/product_tag?post=86834"}],"curies":[{"name":"wp","href":"https:\/\/api.w.org\/{rel}","templated":true}]}}