{"id":86910,"date":"2026-02-01T13:43:23","date_gmt":"2026-02-01T13:43:23","guid":{"rendered":"https:\/\/modesthanim.com\/product\/bej-kemerli-yuksek-bel-slim-fit-kadin-pileli-pantolon\/"},"modified":"2026-04-09T10:52:38","modified_gmt":"2026-04-09T10:52:38","slug":"bej-kemerli-yuksek-bel-slim-fit-kadin-pileli-pantolon","status":"publish","type":"product","link":"https:\/\/mod.wisdar.net\/tr\/urun\/bej-kemerli-yuksek-bel-slim-fit-kadin-pileli-pantolon\/","title":{"rendered":"Bej Beli Kemerli Dar Fit Kad\u0131n Pileli Pantolon"},"content":{"rendered":"<p>LCW Vision Bej Beli Kemerli Dar Fit Kad\u0131n Pileli Pantolon size \u00f6zel indirim, taksit ve kap\u0131da \u00f6deme avantajlar\u0131yla LCW&#8217;de! Hemen online al\u0131\u015fveri\u015f yap, \u00fcr\u00fcn kap\u0131na gelsin! \u2013 W5O718Z8-EZB<\/p>\n<p>\u2014 Technical Details \u2014<br \/>\nMen\u015fei: Turk\u0131ye<br \/>\nSat\u0131c\u0131: LC Waikiki<br \/>\nMarka: LCW Vision<br \/>\n\u00dcr\u00fcn Tipi: Pantolon<br \/>\nCinsiyet: Kad\u0131n<br \/>\nKal\u0131p: Dar &amp; Slim<br \/>\nKuma\u015f: Poliviskon<br \/>\nBel Fiti: Y\u00fcksek Bel<br \/>\nDesen: D\u00fcz<br \/>\nPa\u00e7a Fiti: Daralan Pa\u00e7a<br \/>\nPar\u00e7a Say\u0131s\u0131: 2 Par\u00e7a<br \/>\n\u00dcr\u00fcn Aksesuar\u0131: Kemer<\/p>\n","protected":false},"excerpt":{"rendered":"<p>LCW Vision Bej Beli Kemerli Dar Fit Kad\u0131n Pileli Pantolon size \u00f6zel indirim, taksit ve kap\u0131da \u00f6deme avantajlar\u0131yla LCW&#8217;de! Hemen online al\u0131\u015fveri\u015f yap, \u00fcr\u00fcn kap\u0131na gelsin! \u2013 W5O718Z8-EZB \u2014 Technical Details \u2014 Men\u015fei: Turk\u0131ye Sat\u0131c\u0131: LC Waikiki Marka: LCW Vision \u00dcr\u00fcn Tipi: Pantolon Cinsiyet: Kad\u0131n Kal\u0131p: Dar &amp; Slim Kuma\u015f: Poliviskon Bel Fiti: Y\u00fcksek Bel [&hellip;]<\/p>\n","protected":false},"featured_media":0,"comment_status":"open","ping_status":"closed","template":"","meta":[],"product_brand":[],"product_cat":[1882],"product_tag":[7875,7876,7856,7877,7850,7874,6829,7310,7466],"class_list":{"0":"post-86910","1":"product","2":"type-product","3":"status-publish","5":"product_cat-alt-giyim","6":"product_tag-bej-pantolon","7":"product_tag-daralan-paca","8":"product_tag-kadin-pantolon","9":"product_tag-kemerli-pantolon","10":"product_tag-lcw-vision","11":"product_tag-moda-pantolonu","12":"product_tag-pileli-pantolon","13":"product_tag-slim-fit","14":"product_tag-yuksek-bel","15":"pa_brand-lcw-vision","16":"pa_color-bej","17":"pa_size-4698","18":"pa_size-4701","19":"pa_size-4706","20":"pa_size-4711","21":"pa_size-4713","22":"pa_size-4751","23":"pa_size-4749","24":"pa_size-4747","26":"first","27":"instock","28":"shipping-taxable","29":"purchasable","30":"product-type-variable"},"_links":{"self":[{"href":"https:\/\/mod.wisdar.net\/tr\/wp-json\/wp\/v2\/product\/86910","targetHints":{"allow":["GET"]}}],"collection":[{"href":"https:\/\/mod.wisdar.net\/tr\/wp-json\/wp\/v2\/product"}],"about":[{"href":"https:\/\/mod.wisdar.net\/tr\/wp-json\/wp\/v2\/types\/product"}],"replies":[{"embeddable":true,"href":"https:\/\/mod.wisdar.net\/tr\/wp-json\/wp\/v2\/comments?post=86910"}],"wp:attachment":[{"href":"https:\/\/mod.wisdar.net\/tr\/wp-json\/wp\/v2\/media?parent=86910"}],"wp:term":[{"taxonomy":"product_brand","embeddable":true,"href":"https:\/\/mod.wisdar.net\/tr\/wp-json\/wp\/v2\/product_brand?post=86910"},{"taxonomy":"product_cat","embeddable":true,"href":"https:\/\/mod.wisdar.net\/tr\/wp-json\/wp\/v2\/product_cat?post=86910"},{"taxonomy":"product_tag","embeddable":true,"href":"https:\/\/mod.wisdar.net\/tr\/wp-json\/wp\/v2\/product_tag?post=86910"}],"curies":[{"name":"wp","href":"https:\/\/api.w.org\/{rel}","templated":true}]}}