{"id":8697,"date":"2025-11-01T20:17:54","date_gmt":"2025-11-01T20:17:54","guid":{"rendered":"https:\/\/modesthanim.com\/product\/yuksek-yaka-kemerli-kaban-indigo\/"},"modified":"2026-03-26T00:48:44","modified_gmt":"2026-03-26T00:48:44","slug":"yuksek-yaka-kemerli-kaban-indigo","status":"publish","type":"product","link":"https:\/\/mod.wisdar.net\/tr\/urun\/yuksek-yaka-kemerli-kaban-indigo\/","title":{"rendered":"Y\u00fcksek Yaka Kemerli Kaban \u2013 \u0130ndigo"},"content":{"rendered":"<p>\u015e\u0131k y\u00fcksek yaka detay\u0131 ve beldeki kemeri ile bu kaban, sofistike bir g\u00f6r\u00fcn\u00fcm\u00fc \u00f6n plana \u00e7\u0131kar\u0131r, modern ve \u015f\u0131k bir duru\u015f sunar. Kesimi v\u00fccut hatlar\u0131n\u0131 nazik\u00e7e vurgular, g\u00fcnl\u00fck ve \u00f6zel k\u0131yafetler i\u00e7in uygundur. \u015e\u0131k kad\u0131nlar i\u00e7in ideal bir tamamlay\u0131c\u0131d\u0131r.<\/p>\n<p>\u2014 Teknik Detaylar \u2014<br \/>\nDesen: D\u00fcz<br \/>\nYaka Tipi: Y\u00fcksek Yaka<br \/>\nKol Tipi: D\u00fc\u015f\u00fck Kol<br \/>\nCep: Yama Cebi<br \/>\nAstar: Astars\u0131z<br \/>\n\u00dcr\u00fcn Uzunlu\u011fu: 120 cm<br \/>\nKal\u0131p: Normal Kal\u0131p<br \/>\nModelin Giydi\u011fi Beden: 38<br \/>\nModel \u00d6l\u00e7\u00fcleri: {&#8216;Boy&#8217;: &#8216;175 cm&#8217;, &#8216;G\u00f6\u011f\u00fcs&#8217;: &#8217;80 cm&#8217;, &#8216;Bel&#8217;: &#8217;62 cm&#8217;, &#8216;Kal\u00e7a&#8217;: &#8217;90 cm&#8217;}<br \/>\nBeden Tablosu: {&#8217;36&#8217;: {&#8216;Omuz&#8217;: &#8216;55.5&#8217;, &#8216;G\u00f6\u011f\u00fcs&#8217;: &#8216;107&#8217;, &#8216;Bel&#8217;: &#8216;113&#8217;, &#8216;Kal\u00e7a&#8217;: &#8216;122&#8217;, &#8216;Uzunluk&#8217;: &#8216;119.5&#8217;, &#8216;Kol Uzunlu\u011fu&#8217;: &#8216;50.5&#8217;}, &#8217;38&#8217;: {&#8216;Omuz&#8217;: &#8217;56&#8217;, &#8216;G\u00f6\u011f\u00fcs&#8217;: &#8216;111&#8217;, &#8216;Bel&#8217;: &#8216;117&#8217;, &#8216;Kal\u00e7a&#8217;: &#8216;126&#8217;, &#8216;Uzunluk&#8217;: &#8216;120&#8217;, &#8216;Kol Uzunlu\u011fu&#8217;: &#8217;51&#8217;}, &#8217;40&#8217;: {&#8216;Omuz&#8217;: &#8216;56.5&#8217;, &#8216;G\u00f6\u011f\u00fcs&#8217;: &#8216;115&#8217;, &#8216;Bel&#8217;: &#8216;121&#8217;, &#8216;Kal\u00e7a&#8217;: &#8216;130&#8217;, &#8216;Uzunluk&#8217;: &#8216;120.5&#8217;, &#8216;Kol Uzunlu\u011fu&#8217;: &#8216;51.5&#8217;}, &#8217;42&#8217;: {&#8216;Omuz&#8217;: &#8217;57&#8217;, &#8216;G\u00f6\u011f\u00fcs&#8217;: &#8216;119&#8217;, &#8216;Bel&#8217;: &#8216;125&#8217;, &#8216;Kal\u00e7a&#8217;: &#8216;134&#8217;, &#8216;Uzunluk&#8217;: &#8216;121&#8217;, &#8216;Kol Uzunlu\u011fu&#8217;: &#8217;52&#8217;}, &#8217;44&#8217;: {&#8216;Omuz&#8217;: &#8216;57.5&#8217;, &#8216;G\u00f6\u011f\u00fcs&#8217;: &#8216;123&#8217;, &#8216;Bel&#8217;: &#8216;129&#8217;, &#8216;Kal\u00e7a&#8217;: &#8216;138&#8217;, &#8216;Uzunluk&#8217;: &#8216;121.5&#8217;, &#8216;Kol Uzunlu\u011fu&#8217;: &#8216;52.5&#8217;}, &#8217;46&#8217;: {&#8216;Omuz&#8217;: &#8217;58&#8217;, &#8216;G\u00f6\u011f\u00fcs&#8217;: &#8216;129&#8217;, &#8216;Bel&#8217;: &#8216;135&#8217;, &#8216;Kal\u00e7a&#8217;: &#8216;144&#8217;, &#8216;Uzunluk&#8217;: &#8216;122&#8217;, &#8216;Kol Uzunlu\u011fu&#8217;: &#8217;53&#8217;}}<\/p>\n","protected":false},"excerpt":{"rendered":"<p>\u015e\u0131k y\u00fcksek yaka detay\u0131 ve beldeki kemeri ile bu kaban, sofistike bir g\u00f6r\u00fcn\u00fcm\u00fc \u00f6n plana \u00e7\u0131kar\u0131r, modern ve \u015f\u0131k bir duru\u015f sunar. Kesimi v\u00fccut hatlar\u0131n\u0131 nazik\u00e7e vurgular, g\u00fcnl\u00fck ve \u00f6zel k\u0131yafetler i\u00e7in uygundur. \u015e\u0131k kad\u0131nlar i\u00e7in ideal bir tamamlay\u0131c\u0131d\u0131r. \u2014 Teknik Detaylar \u2014 Desen: D\u00fcz Yaka Tipi: Y\u00fcksek Yaka Kol Tipi: D\u00fc\u015f\u00fck Kol Cep: Yama [&hellip;]<\/p>\n","protected":false},"featured_media":51987,"comment_status":"open","ping_status":"closed","template":"","meta":[],"product_brand":[],"product_cat":[2047],"product_tag":[5012,7668,5013],"class_list":{"0":"post-8697","1":"product","2":"type-product","3":"status-publish","4":"has-post-thumbnail","6":"product_cat-paltolar","7":"product_tag-elegant","8":"product_tag-kemerli","9":"product_tag-modern","10":"pa_color-indigo","11":"pa_size-4701","12":"pa_size-4706","13":"pa_size-4711","14":"pa_size-4713","15":"pa_size-4751","16":"pa_size-4749","18":"first","19":"instock","20":"sale","21":"shipping-taxable","22":"purchasable","23":"product-type-variable"},"_links":{"self":[{"href":"https:\/\/mod.wisdar.net\/tr\/wp-json\/wp\/v2\/product\/8697","targetHints":{"allow":["GET"]}}],"collection":[{"href":"https:\/\/mod.wisdar.net\/tr\/wp-json\/wp\/v2\/product"}],"about":[{"href":"https:\/\/mod.wisdar.net\/tr\/wp-json\/wp\/v2\/types\/product"}],"replies":[{"embeddable":true,"href":"https:\/\/mod.wisdar.net\/tr\/wp-json\/wp\/v2\/comments?post=8697"}],"wp:featuredmedia":[{"embeddable":true,"href":"https:\/\/mod.wisdar.net\/tr\/wp-json\/wp\/v2\/media\/51987"}],"wp:attachment":[{"href":"https:\/\/mod.wisdar.net\/tr\/wp-json\/wp\/v2\/media?parent=8697"}],"wp:term":[{"taxonomy":"product_brand","embeddable":true,"href":"https:\/\/mod.wisdar.net\/tr\/wp-json\/wp\/v2\/product_brand?post=8697"},{"taxonomy":"product_cat","embeddable":true,"href":"https:\/\/mod.wisdar.net\/tr\/wp-json\/wp\/v2\/product_cat?post=8697"},{"taxonomy":"product_tag","embeddable":true,"href":"https:\/\/mod.wisdar.net\/tr\/wp-json\/wp\/v2\/product_tag?post=8697"}],"curies":[{"name":"wp","href":"https:\/\/api.w.org\/{rel}","templated":true}]}}