{"id":87057,"date":"2026-02-01T13:44:57","date_gmt":"2026-02-01T13:44:57","guid":{"rendered":"https:\/\/modesthanim.com\/product\/lacivert-baklava-desenli-oversize-kadin-triko-kazak-2\/"},"modified":"2026-03-21T11:53:00","modified_gmt":"2026-03-21T11:53:00","slug":"lacivert-baklava-desenli-oversize-kadin-triko-kazak-2","status":"publish","type":"product","link":"https:\/\/mod.wisdar.net\/tr\/urun\/lacivert-baklava-desenli-oversize-kadin-triko-kazak-2\/","title":{"rendered":"Lacivert Baklava Desenli Oversize Kad\u0131n Triko Kazak"},"content":{"rendered":"<p>XSIDE Lacivert Baklava Desenli Oversize Kad\u0131n Triko Kazak size \u00f6zel indirim, taksit ve kap\u0131da \u00f6deme avantajlar\u0131yla LCW&#8217;de! Hemen online al\u0131\u015fveri\u015f yap, \u00fcr\u00fcn kap\u0131na gelsin! \u2013 W5O903Z8-ZCL<\/p>\n<p>\u2014 Technical Details \u2014<br \/>\nMen\u015fei: Turk\u0131ye<br \/>\nSat\u0131c\u0131: LC Waikiki<br \/>\nMarka: XSIDE<br \/>\n\u00dcr\u00fcn Tipi: Kazak<br \/>\nCinsiyet: Kad\u0131n<br \/>\nKal\u0131p: Oversize<br \/>\nKuma\u015f: Triko<br \/>\nDesen: Baklava Desenli<br \/>\nYaka: Bisiklet Yaka<br \/>\nKal\u0131nl\u0131k: Orta Kal\u0131nl\u0131k<br \/>\nKol Boyu: Uzun Kollu<\/p>\n","protected":false},"excerpt":{"rendered":"<p>XSIDE Lacivert Baklava Desenli Oversize Kad\u0131n Triko Kazak size \u00f6zel indirim, taksit ve kap\u0131da \u00f6deme avantajlar\u0131yla LCW&#8217;de! Hemen online al\u0131\u015fveri\u015f yap, \u00fcr\u00fcn kap\u0131na gelsin! \u2013 W5O903Z8-ZCL \u2014 Technical Details \u2014 Men\u015fei: Turk\u0131ye Sat\u0131c\u0131: LC Waikiki Marka: XSIDE \u00dcr\u00fcn Tipi: Kazak Cinsiyet: Kad\u0131n Kal\u0131p: Oversize Kuma\u015f: Triko Desen: Baklava Desenli Yaka: Bisiklet Yaka Kal\u0131nl\u0131k: Orta Kal\u0131nl\u0131k [&hellip;]<\/p>\n","protected":false},"featured_media":0,"comment_status":"open","ping_status":"closed","template":"","meta":[],"product_brand":[],"product_cat":[1927],"product_tag":[7887,7894,7895,7906,7897,7907],"class_list":{"0":"post-87057","1":"product","2":"type-product","3":"status-publish","5":"product_cat-hoodies-sweatshirtler","6":"product_tag-baklava-deseni","7":"product_tag-kadin-triko-giyim","8":"product_tag-kis-modasi","9":"product_tag-lacivert-kazak","10":"product_tag-oversize-kazak","11":"product_tag-rahat-triko","12":"pa_brand-xside","13":"pa_color-lacivert","14":"pa_size-l","15":"pa_size-m","16":"pa_size-s","18":"first","19":"outofstock","20":"shipping-taxable","21":"product-type-variable"},"_links":{"self":[{"href":"https:\/\/mod.wisdar.net\/tr\/wp-json\/wp\/v2\/product\/87057","targetHints":{"allow":["GET"]}}],"collection":[{"href":"https:\/\/mod.wisdar.net\/tr\/wp-json\/wp\/v2\/product"}],"about":[{"href":"https:\/\/mod.wisdar.net\/tr\/wp-json\/wp\/v2\/types\/product"}],"replies":[{"embeddable":true,"href":"https:\/\/mod.wisdar.net\/tr\/wp-json\/wp\/v2\/comments?post=87057"}],"wp:attachment":[{"href":"https:\/\/mod.wisdar.net\/tr\/wp-json\/wp\/v2\/media?parent=87057"}],"wp:term":[{"taxonomy":"product_brand","embeddable":true,"href":"https:\/\/mod.wisdar.net\/tr\/wp-json\/wp\/v2\/product_brand?post=87057"},{"taxonomy":"product_cat","embeddable":true,"href":"https:\/\/mod.wisdar.net\/tr\/wp-json\/wp\/v2\/product_cat?post=87057"},{"taxonomy":"product_tag","embeddable":true,"href":"https:\/\/mod.wisdar.net\/tr\/wp-json\/wp\/v2\/product_tag?post=87057"}],"curies":[{"name":"wp","href":"https:\/\/api.w.org\/{rel}","templated":true}]}}