{"id":87270,"date":"2026-02-01T13:46:36","date_gmt":"2026-02-01T13:46:36","guid":{"rendered":"https:\/\/modesthanim.com\/product\/bordo-tuvit-kadin-v-yaka-ceket\/"},"modified":"2026-04-09T10:51:45","modified_gmt":"2026-04-09T10:51:45","slug":"bordo-tuvit-kadin-v-yaka-ceket","status":"publish","type":"product","link":"https:\/\/mod.wisdar.net\/tr\/urun\/bordo-tuvit-kadin-v-yaka-ceket\/","title":{"rendered":"Bordo Bisiklet Yaka Kad\u0131n T\u00fcvit Ceket"},"content":{"rendered":"<p>LCWAIKIKI Classic Bordo Bisiklet Yaka Kad\u0131n T\u00fcvit Ceket size \u00f6zel indirim, taksit ve kap\u0131da \u00f6deme avantajlar\u0131yla LCW&#8217;de! Hemen online al\u0131\u015fveri\u015f yap, \u00fcr\u00fcn kap\u0131na gelsin! \u2013 S6H516Z8-2D2<\/p>\n<p>\u2014 Technical Details \u2014<br \/>\nKal\u0131p: Standart &amp; Regular<br \/>\nKuma\u015f: T\u00fcvit<br \/>\nDesen: D\u00fcz<br \/>\nYaka: Bisiklet Yaka<br \/>\nKol Boyu: Uzun Kollu<br \/>\nAstar Detay: Polyester<br \/>\nUzunluk: K\u0131sa<br \/>\n\u00dcr\u00fcn Aksesuar\u0131: Kemer<br \/>\nPar\u00e7a Say\u0131s\u0131: 2 Par\u00e7a<br \/>\nEk \u00d6zellik: D\u00fc\u011fmeli<\/p>\n","protected":false},"excerpt":{"rendered":"<p>LCWAIKIKI Classic Bordo Bisiklet Yaka Kad\u0131n T\u00fcvit Ceket size \u00f6zel indirim, taksit ve kap\u0131da \u00f6deme avantajlar\u0131yla LCW&#8217;de! Hemen online al\u0131\u015fveri\u015f yap, \u00fcr\u00fcn kap\u0131na gelsin! \u2013 S6H516Z8-2D2 \u2014 Technical Details \u2014 Kal\u0131p: Standart &amp; Regular Kuma\u015f: T\u00fcvit Desen: D\u00fcz Yaka: Bisiklet Yaka Kol Boyu: Uzun Kollu Astar Detay: Polyester Uzunluk: K\u0131sa \u00dcr\u00fcn Aksesuar\u0131: Kemer Par\u00e7a Say\u0131s\u0131: [&hellip;]<\/p>\n","protected":false},"featured_media":0,"comment_status":"open","ping_status":"closed","template":"","meta":[],"product_brand":[],"product_cat":[2044],"product_tag":[7943,7944,7929,7942,4999,7945,7946,7947],"class_list":{"0":"post-87270","1":"product","2":"type-product","3":"status-publish","5":"product_cat-ceketler","6":"product_tag-blazer","7":"product_tag-bordo-ceket","8":"product_tag-kadin-ceket","9":"product_tag-klasik-ceket","10":"product_tag-outerwear","11":"product_tag-sonbahar-modasi","12":"product_tag-tuvit-ceket","13":"product_tag-v-yaka-ceket","14":"pa_brand-lcwaikiki-classic","15":"pa_color-bordo","16":"pa_size-4701","17":"pa_size-4706","18":"pa_size-4711","19":"pa_size-4713","20":"pa_size-4751","21":"pa_size-4749","23":"first","24":"instock","25":"shipping-taxable","26":"purchasable","27":"product-type-variable"},"_links":{"self":[{"href":"https:\/\/mod.wisdar.net\/tr\/wp-json\/wp\/v2\/product\/87270","targetHints":{"allow":["GET"]}}],"collection":[{"href":"https:\/\/mod.wisdar.net\/tr\/wp-json\/wp\/v2\/product"}],"about":[{"href":"https:\/\/mod.wisdar.net\/tr\/wp-json\/wp\/v2\/types\/product"}],"replies":[{"embeddable":true,"href":"https:\/\/mod.wisdar.net\/tr\/wp-json\/wp\/v2\/comments?post=87270"}],"wp:attachment":[{"href":"https:\/\/mod.wisdar.net\/tr\/wp-json\/wp\/v2\/media?parent=87270"}],"wp:term":[{"taxonomy":"product_brand","embeddable":true,"href":"https:\/\/mod.wisdar.net\/tr\/wp-json\/wp\/v2\/product_brand?post=87270"},{"taxonomy":"product_cat","embeddable":true,"href":"https:\/\/mod.wisdar.net\/tr\/wp-json\/wp\/v2\/product_cat?post=87270"},{"taxonomy":"product_tag","embeddable":true,"href":"https:\/\/mod.wisdar.net\/tr\/wp-json\/wp\/v2\/product_tag?post=87270"}],"curies":[{"name":"wp","href":"https:\/\/api.w.org\/{rel}","templated":true}]}}