{"id":87373,"date":"2026-02-01T13:47:26","date_gmt":"2026-02-01T13:47:26","guid":{"rendered":"https:\/\/modesthanim.com\/product\/kahverengi-krep-kadin-blazer-ceket-2\/"},"modified":"2026-04-02T20:45:21","modified_gmt":"2026-04-02T20:45:21","slug":"kahverengi-krep-kadin-blazer-ceket-2","status":"publish","type":"product","link":"https:\/\/mod.wisdar.net\/tr\/urun\/kahverengi-krep-kadin-blazer-ceket-2\/","title":{"rendered":"Kahverengi Krep Kad\u0131n Blazer Ceket"},"content":{"rendered":"<p>LCW Vision Kahverengi Krep Kad\u0131n Blazer Ceket size \u00f6zel indirim, taksit ve kap\u0131da \u00f6deme avantajlar\u0131yla LCW&#8217;de! Hemen online al\u0131\u015fveri\u015f yap, \u00fcr\u00fcn kap\u0131na gelsin! \u2013 W5NQ28Z8-DJ7<\/p>\n<p>\u2014 Technical Details \u2014<br \/>\nMen\u015fei: Turk\u0131ye<br \/>\nSat\u0131c\u0131: LC Waikiki<br \/>\nMarka: LCW Vision<br \/>\n\u00dcr\u00fcn Tipi: Blazer Ceket<br \/>\nCinsiyet: Kad\u0131n<br \/>\nKal\u0131p: Loose &amp; Bol<br \/>\nKuma\u015f: Krep<br \/>\nDesen: D\u00fcz<br \/>\nYaka: Ceket Yaka<br \/>\nKal\u0131nl\u0131k: Orta Kal\u0131nl\u0131k<br \/>\nKol Boyu: Uzun Kollu<\/p>\n","protected":false},"excerpt":{"rendered":"<p>LCW Vision Kahverengi Krep Kad\u0131n Blazer Ceket size \u00f6zel indirim, taksit ve kap\u0131da \u00f6deme avantajlar\u0131yla LCW&#8217;de! Hemen online al\u0131\u015fveri\u015f yap, \u00fcr\u00fcn kap\u0131na gelsin! \u2013 W5NQ28Z8-DJ7 \u2014 Technical Details \u2014 Men\u015fei: Turk\u0131ye Sat\u0131c\u0131: LC Waikiki Marka: LCW Vision \u00dcr\u00fcn Tipi: Blazer Ceket Cinsiyet: Kad\u0131n Kal\u0131p: Loose &amp; Bol Kuma\u015f: Krep Desen: D\u00fcz Yaka: Ceket Yaka Kal\u0131nl\u0131k: [&hellip;]<\/p>\n","protected":false},"featured_media":87358,"comment_status":"open","ping_status":"closed","template":"","meta":[],"product_brand":[],"product_cat":[2050],"product_tag":[7326,7922,7958,7923,7850,7603],"class_list":{"0":"post-87373","1":"product","2":"type-product","3":"status-publish","4":"has-post-thumbnail","6":"product_cat-blazer-ceketler","7":"product_tag-bol-kesim","8":"product_tag-kadin-blazer","9":"product_tag-kahverengi-blazer","10":"product_tag-krep-ceket","11":"product_tag-lcw-vision","12":"product_tag-online-alisveris","13":"pa_brand-lcw-vision","14":"pa_color-kahverengi","15":"pa_size-2xl","16":"pa_size-3xl","17":"pa_size-l","18":"pa_size-m","19":"pa_size-s","20":"pa_size-xl","21":"pa_size-xs","23":"first","24":"outofstock","25":"shipping-taxable","26":"product-type-variable"},"_links":{"self":[{"href":"https:\/\/mod.wisdar.net\/tr\/wp-json\/wp\/v2\/product\/87373","targetHints":{"allow":["GET"]}}],"collection":[{"href":"https:\/\/mod.wisdar.net\/tr\/wp-json\/wp\/v2\/product"}],"about":[{"href":"https:\/\/mod.wisdar.net\/tr\/wp-json\/wp\/v2\/types\/product"}],"replies":[{"embeddable":true,"href":"https:\/\/mod.wisdar.net\/tr\/wp-json\/wp\/v2\/comments?post=87373"}],"wp:featuredmedia":[{"embeddable":true,"href":"https:\/\/mod.wisdar.net\/tr\/wp-json\/wp\/v2\/media\/87358"}],"wp:attachment":[{"href":"https:\/\/mod.wisdar.net\/tr\/wp-json\/wp\/v2\/media?parent=87373"}],"wp:term":[{"taxonomy":"product_brand","embeddable":true,"href":"https:\/\/mod.wisdar.net\/tr\/wp-json\/wp\/v2\/product_brand?post=87373"},{"taxonomy":"product_cat","embeddable":true,"href":"https:\/\/mod.wisdar.net\/tr\/wp-json\/wp\/v2\/product_cat?post=87373"},{"taxonomy":"product_tag","embeddable":true,"href":"https:\/\/mod.wisdar.net\/tr\/wp-json\/wp\/v2\/product_tag?post=87373"}],"curies":[{"name":"wp","href":"https:\/\/api.w.org\/{rel}","templated":true}]}}