{"id":8742,"date":"2025-11-01T20:19:21","date_gmt":"2025-11-01T20:19:21","guid":{"rendered":"https:\/\/modesthanim.com\/product\/kapusonlu-bel-kesikli-kap-indigo\/"},"modified":"2026-04-15T21:45:59","modified_gmt":"2026-04-15T21:45:59","slug":"kapusonlu-bel-kesikli-kap-indigo","status":"publish","type":"product","link":"https:\/\/mod.wisdar.net\/tr\/urun\/kapusonlu-bel-kesikli-kap-indigo\/","title":{"rendered":"Kap\u00fc\u015fonlu Bel Kesikli Kap \u2013 \u0130ndigo"},"content":{"rendered":"<p>Spor \u015f\u0131kl\u0131\u011f\u0131 yans\u0131tan kap\u00fc\u015fonlu bel kesikli kap, modern ve dinamik bir g\u00f6r\u00fcn\u00fcm sunar. Bel k\u0131sm\u0131ndaki kesik detay\u0131 ile silueti dengelerken, fonksiyonel yap\u0131s\u0131yla da konfor sa\u011flar. G\u00fcnl\u00fck stilin vazge\u00e7ilmez tamamlay\u0131c\u0131s\u0131d\u0131r.<\/p>\n<p>\u2014 Technical Details \u2014<br \/>\nDesen: D\u00fcz<br \/>\nYaka Tipi: Kap\u00fc\u015fon Yaka<br \/>\nKol Tipi: Uzun Kol<br \/>\nCep: Fleto Cep<br \/>\nAstar: Astars\u0131z<br \/>\n\u00dcr\u00fcn Boyu: 115 cm<br \/>\nKal\u0131p Tipi: Normal Kal\u0131p<br \/>\nMankenin Giydi\u011fi Beden: 38<br \/>\nManken \u00d6l\u00e7\u00fcleri: {&#8216;Boy&#8217;: &#8216;179 cm&#8217;, &#8216;G\u00f6\u011f\u00fcs&#8217;: &#8217;84 cm&#8217;, &#8216;Bel&#8217;: &#8217;62 cm&#8217;, &#8216;Basen&#8217;: &#8217;90 cm&#8217;}<br \/>\nBeden \u00d6l\u00e7\u00fc Tablosu: {&#8217;38&#8217;: {&#8216;Omuz&#8217;: &#8217;39&#8217;, &#8216;G\u00f6\u011f\u00fcs&#8217;: &#8216;105&#8217;, &#8216;Bel&#8217;: &#8216;110&#8217;, &#8216;Basen&#8217;: &#8216;118&#8217;, &#8216;Boy&#8217;: &#8216;115&#8217;, &#8216;Kol Boyu&#8217;: &#8216;61.5&#8217;}, &#8217;40&#8217;: {&#8216;Omuz&#8217;: &#8216;39.5&#8217;, &#8216;G\u00f6\u011f\u00fcs&#8217;: &#8216;109&#8217;, &#8216;Bel&#8217;: &#8216;114&#8217;, &#8216;Basen&#8217;: &#8216;122&#8217;, &#8216;Boy&#8217;: &#8216;115.5&#8217;, &#8216;Kol Boyu&#8217;: &#8217;62&#8217;}, &#8217;42&#8217;: {&#8216;Omuz&#8217;: &#8217;40&#8217;, &#8216;G\u00f6\u011f\u00fcs&#8217;: &#8216;113&#8217;, &#8216;Bel&#8217;: &#8216;118&#8217;, &#8216;Basen&#8217;: &#8216;126&#8217;, &#8216;Boy&#8217;: &#8216;116&#8217;, &#8216;Kol Boyu&#8217;: &#8216;62.5&#8217;}, &#8217;44&#8217;: {&#8216;Omuz&#8217;: &#8216;40.5&#8217;, &#8216;G\u00f6\u011f\u00fcs&#8217;: &#8216;117&#8217;, &#8216;Bel&#8217;: &#8216;122&#8217;, &#8216;Basen&#8217;: &#8216;130&#8217;, &#8216;Boy&#8217;: &#8216;116.5&#8217;, &#8216;Kol Boyu&#8217;: &#8217;63&#8217;}, &#8217;46&#8217;: {&#8216;Omuz&#8217;: &#8217;41&#8217;, &#8216;G\u00f6\u011f\u00fcs&#8217;: &#8216;123&#8217;, &#8216;Bel&#8217;: &#8216;128&#8217;, &#8216;Basen&#8217;: &#8216;136&#8217;, &#8216;Boy&#8217;: &#8216;117&#8217;, &#8216;Kol Boyu&#8217;: &#8216;63.5&#8217;}, &#8217;48&#8217;: {&#8216;Omuz&#8217;: &#8216;41.5&#8217;, &#8216;G\u00f6\u011f\u00fcs&#8217;: &#8216;127&#8217;, &#8216;Bel&#8217;: &#8216;132&#8217;, &#8216;Basen&#8217;: &#8216;140&#8217;, &#8216;Boy&#8217;: &#8216;117.5&#8217;, &#8216;Kol Boyu&#8217;: &#8217;64&#8217;}, &#8217;50&#8217;: {&#8216;Omuz&#8217;: &#8217;42&#8217;, &#8216;G\u00f6\u011f\u00fcs&#8217;: &#8216;131&#8217;, &#8216;Bel&#8217;: &#8216;136&#8217;, &#8216;Basen&#8217;: &#8216;144&#8217;, &#8216;Boy&#8217;: &#8216;118&#8217;, &#8216;Kol Boyu&#8217;: &#8216;64.5&#8217;}}<\/p>\n","protected":false},"excerpt":{"rendered":"<p>Spor \u015f\u0131kl\u0131\u011f\u0131 yans\u0131tan kap\u00fc\u015fonlu bel kesikli kap, modern ve dinamik bir g\u00f6r\u00fcn\u00fcm sunar. Bel k\u0131sm\u0131ndaki kesik detay\u0131 ile silueti dengelerken, fonksiyonel yap\u0131s\u0131yla da konfor sa\u011flar. G\u00fcnl\u00fck stilin vazge\u00e7ilmez tamamlay\u0131c\u0131s\u0131d\u0131r. \u2014 Technical Details \u2014 Desen: D\u00fcz Yaka Tipi: Kap\u00fc\u015fon Yaka Kol Tipi: Uzun Kol Cep: Fleto Cep Astar: Astars\u0131z \u00dcr\u00fcn Boyu: 115 cm Kal\u0131p Tipi: Normal [&hellip;]<\/p>\n","protected":false},"featured_media":51986,"comment_status":"open","ping_status":"closed","template":"","meta":[],"product_brand":[],"product_cat":[2047],"product_tag":[5010,5012,7421,5013,7420],"class_list":{"0":"post-8742","1":"product","2":"type-product","3":"status-publish","4":"has-post-thumbnail","6":"product_cat-paltolar","7":"product_tag-coat","8":"product_tag-elegant","9":"product_tag-kapusonlu","10":"product_tag-modern","11":"product_tag-sportif","12":"pa_brand-tugba","13":"pa_color-indigo","14":"pa_size-4706","15":"pa_size-4711","16":"pa_size-4713","17":"pa_size-4751","18":"pa_size-4749","19":"pa_size-4747","20":"pa_size-4746","22":"first","23":"instock","24":"sale","25":"shipping-taxable","26":"purchasable","27":"product-type-variable"},"_links":{"self":[{"href":"https:\/\/mod.wisdar.net\/tr\/wp-json\/wp\/v2\/product\/8742","targetHints":{"allow":["GET"]}}],"collection":[{"href":"https:\/\/mod.wisdar.net\/tr\/wp-json\/wp\/v2\/product"}],"about":[{"href":"https:\/\/mod.wisdar.net\/tr\/wp-json\/wp\/v2\/types\/product"}],"replies":[{"embeddable":true,"href":"https:\/\/mod.wisdar.net\/tr\/wp-json\/wp\/v2\/comments?post=8742"}],"wp:featuredmedia":[{"embeddable":true,"href":"https:\/\/mod.wisdar.net\/tr\/wp-json\/wp\/v2\/media\/51986"}],"wp:attachment":[{"href":"https:\/\/mod.wisdar.net\/tr\/wp-json\/wp\/v2\/media?parent=8742"}],"wp:term":[{"taxonomy":"product_brand","embeddable":true,"href":"https:\/\/mod.wisdar.net\/tr\/wp-json\/wp\/v2\/product_brand?post=8742"},{"taxonomy":"product_cat","embeddable":true,"href":"https:\/\/mod.wisdar.net\/tr\/wp-json\/wp\/v2\/product_cat?post=8742"},{"taxonomy":"product_tag","embeddable":true,"href":"https:\/\/mod.wisdar.net\/tr\/wp-json\/wp\/v2\/product_tag?post=8742"}],"curies":[{"name":"wp","href":"https:\/\/api.w.org\/{rel}","templated":true}]}}