{"id":87475,"date":"2026-02-01T13:48:17","date_gmt":"2026-02-01T13:48:17","guid":{"rendered":"https:\/\/modesthanim.com\/product\/bordo-ceket-yakali-oversize-kadin-suni-kurk-palto\/"},"modified":"2026-03-21T12:11:17","modified_gmt":"2026-03-21T12:11:17","slug":"bordo-ceket-yakali-oversize-kadin-suni-kurk-palto","status":"publish","type":"product","link":"https:\/\/mod.wisdar.net\/tr\/urun\/bordo-ceket-yakali-oversize-kadin-suni-kurk-palto\/","title":{"rendered":"Bordo Ceket Yaka Oversize Kad\u0131n K\u00fcrk Mont"},"content":{"rendered":"<p>LCW Modest Bordo Ceket Yaka Oversize Kad\u0131n K\u00fcrk Mont size \u00f6zel indirim, taksit ve kap\u0131da \u00f6deme avantajlar\u0131yla LCW&#8217;de! Hemen online al\u0131\u015fveri\u015f yap, \u00fcr\u00fcn kap\u0131na gelsin! \u2013 W5AP77Z8-DCL<\/p>\n<p>\u2014 Technical Details \u2014<br \/>\nMen\u015fei: Myanmar<br \/>\nSat\u0131c\u0131: LC Waikiki<br \/>\nMarka: LCW Modest<br \/>\n\u00dcr\u00fcn Tipi: Mont<br \/>\nCinsiyet: Kad\u0131n<br \/>\nKal\u0131p: Oversize<br \/>\nKuma\u015f: Suni K\u00fcrk<br \/>\nDesen: D\u00fcz<br \/>\nYaka: Ceket Yaka<br \/>\nKap\u00fc\u015fon Detay: Kap\u00fc\u015fonsuz<br \/>\nKal\u0131nl\u0131k: Kal\u0131n<br \/>\nKol Boyu: Uzun Kollu<br \/>\nAstar Detay: Polyester<br \/>\nUzunluk: Midi<br \/>\nKoleksiyon: Tesett\u00fcr Giyim<\/p>\n","protected":false},"excerpt":{"rendered":"<p>LCW Modest Bordo Ceket Yaka Oversize Kad\u0131n K\u00fcrk Mont size \u00f6zel indirim, taksit ve kap\u0131da \u00f6deme avantajlar\u0131yla LCW&#8217;de! Hemen online al\u0131\u015fveri\u015f yap, \u00fcr\u00fcn kap\u0131na gelsin! \u2013 W5AP77Z8-DCL \u2014 Technical Details \u2014 Men\u015fei: Myanmar Sat\u0131c\u0131: LC Waikiki Marka: LCW Modest \u00dcr\u00fcn Tipi: Mont Cinsiyet: Kad\u0131n Kal\u0131p: Oversize Kuma\u015f: Suni K\u00fcrk Desen: D\u00fcz Yaka: Ceket Yaka Kap\u00fc\u015fon [&hellip;]<\/p>\n","protected":false},"featured_media":0,"comment_status":"open","ping_status":"closed","template":"","meta":[],"product_brand":[],"product_cat":[2047],"product_tag":[7150,7971,7566,7548,7423,7972,6768,6311,6313],"class_list":{"0":"post-87475","1":"product","2":"type-product","3":"status-publish","5":"product_cat-paltolar","6":"product_tag-bordo","7":"product_tag-ceket-yakasi","8":"product_tag-midi-boy","9":"product_tag-mutevazi-moda","10":"product_tag-oversize-2","11":"product_tag-suni-kurk","12":"product_tag-uzun-kol","13":"product_tag-winter-coat","14":"product_tag-womens-coat","15":"pa_brand-lcw-modest","16":"pa_color-bordo","17":"pa_size-4701","18":"pa_size-4706","19":"pa_size-4711","20":"pa_size-4713","22":"first","23":"outofstock","24":"shipping-taxable","25":"product-type-variable"},"_links":{"self":[{"href":"https:\/\/mod.wisdar.net\/tr\/wp-json\/wp\/v2\/product\/87475","targetHints":{"allow":["GET"]}}],"collection":[{"href":"https:\/\/mod.wisdar.net\/tr\/wp-json\/wp\/v2\/product"}],"about":[{"href":"https:\/\/mod.wisdar.net\/tr\/wp-json\/wp\/v2\/types\/product"}],"replies":[{"embeddable":true,"href":"https:\/\/mod.wisdar.net\/tr\/wp-json\/wp\/v2\/comments?post=87475"}],"wp:attachment":[{"href":"https:\/\/mod.wisdar.net\/tr\/wp-json\/wp\/v2\/media?parent=87475"}],"wp:term":[{"taxonomy":"product_brand","embeddable":true,"href":"https:\/\/mod.wisdar.net\/tr\/wp-json\/wp\/v2\/product_brand?post=87475"},{"taxonomy":"product_cat","embeddable":true,"href":"https:\/\/mod.wisdar.net\/tr\/wp-json\/wp\/v2\/product_cat?post=87475"},{"taxonomy":"product_tag","embeddable":true,"href":"https:\/\/mod.wisdar.net\/tr\/wp-json\/wp\/v2\/product_tag?post=87475"}],"curies":[{"name":"wp","href":"https:\/\/api.w.org\/{rel}","templated":true}]}}