{"id":87480,"date":"2026-02-01T13:48:18","date_gmt":"2026-02-01T13:48:18","guid":{"rendered":"https:\/\/modesthanim.com\/product\/siyah-kurk-yakali-deri-gorunumlu-kadin-ceket\/"},"modified":"2026-04-09T11:12:33","modified_gmt":"2026-04-09T11:12:33","slug":"siyah-kurk-yakali-deri-gorunumlu-kadin-ceket","status":"publish","type":"product","link":"https:\/\/mod.wisdar.net\/tr\/urun\/siyah-kurk-yakali-deri-gorunumlu-kadin-ceket\/","title":{"rendered":"Siyah K\u00fcrk Yaka Kad\u0131n Deri G\u00f6r\u00fcn\u00fcml\u00fc Mont"},"content":{"rendered":"<p>LCWAIKIKI Classic Siyah K\u00fcrk Yaka Kad\u0131n Deri G\u00f6r\u00fcn\u00fcml\u00fc Mont size \u00f6zel indirim, taksit ve kap\u0131da \u00f6deme avantajlar\u0131yla LCW&#8217;de! Hemen online al\u0131\u015fveri\u015f yap, \u00fcr\u00fcn kap\u0131na gelsin! \u2013 W5AF59Z8-CVL<\/p>\n<p>\u2014 Technical Details \u2014<br \/>\nMen\u015fei: \u00c7in<br \/>\nSat\u0131c\u0131: LC Waikiki<br \/>\nMarka: LCWAIKIKI Classic<br \/>\n\u00dcr\u00fcn Tipi: Deri G\u00f6r\u00fcn\u00fcml\u00fc Mont<br \/>\nCinsiyet: Kad\u0131n<br \/>\nKal\u0131p: Loose &amp; Bol<br \/>\nKuma\u015f: Suni Deri<br \/>\nDesen: D\u00fcz<br \/>\nYaka: Biker Yaka<br \/>\nKap\u00fc\u015fon Detay: Kap\u00fc\u015fonsuz<br \/>\nKal\u0131nl\u0131k: Kal\u0131n<br \/>\nKol Boyu: Uzun Kollu<br \/>\nAstar Detay: Pel\u00fc\u015f<br \/>\nUzunluk: Midi<\/p>\n","protected":false},"excerpt":{"rendered":"<p>LCWAIKIKI Classic Siyah K\u00fcrk Yaka Kad\u0131n Deri G\u00f6r\u00fcn\u00fcml\u00fc Mont size \u00f6zel indirim, taksit ve kap\u0131da \u00f6deme avantajlar\u0131yla LCW&#8217;de! Hemen online al\u0131\u015fveri\u015f yap, \u00fcr\u00fcn kap\u0131na gelsin! \u2013 W5AF59Z8-CVL \u2014 Technical Details \u2014 Men\u015fei: \u00c7in Sat\u0131c\u0131: LC Waikiki Marka: LCWAIKIKI Classic \u00dcr\u00fcn Tipi: Deri G\u00f6r\u00fcn\u00fcml\u00fc Mont Cinsiyet: Kad\u0131n Kal\u0131p: Loose &amp; Bol Kuma\u015f: Suni Deri Desen: D\u00fcz [&hellip;]<\/p>\n","protected":false},"featured_media":0,"comment_status":"open","ping_status":"closed","template":"","meta":[],"product_brand":[],"product_cat":[2044],"product_tag":[7973,7929,7975,7567,4999,7974,6998,6311],"class_list":{"0":"post-87480","1":"product","2":"type-product","3":"status-publish","5":"product_cat-ceketler","6":"product_tag-biker-ceket","7":"product_tag-kadin-ceket","8":"product_tag-kurk-yaka","9":"product_tag-lcwaikiki","10":"product_tag-outerwear","11":"product_tag-siyah-ceket","12":"product_tag-suni-deri","13":"product_tag-winter-coat","14":"pa_brand-lcwaikiki-classic","15":"pa_color-siyah","16":"pa_size-4701","17":"pa_size-4706","18":"pa_size-4711","19":"pa_size-4713","20":"pa_size-4751","22":"first","23":"instock","24":"shipping-taxable","25":"purchasable","26":"product-type-variable"},"_links":{"self":[{"href":"https:\/\/mod.wisdar.net\/tr\/wp-json\/wp\/v2\/product\/87480","targetHints":{"allow":["GET"]}}],"collection":[{"href":"https:\/\/mod.wisdar.net\/tr\/wp-json\/wp\/v2\/product"}],"about":[{"href":"https:\/\/mod.wisdar.net\/tr\/wp-json\/wp\/v2\/types\/product"}],"replies":[{"embeddable":true,"href":"https:\/\/mod.wisdar.net\/tr\/wp-json\/wp\/v2\/comments?post=87480"}],"wp:attachment":[{"href":"https:\/\/mod.wisdar.net\/tr\/wp-json\/wp\/v2\/media?parent=87480"}],"wp:term":[{"taxonomy":"product_brand","embeddable":true,"href":"https:\/\/mod.wisdar.net\/tr\/wp-json\/wp\/v2\/product_brand?post=87480"},{"taxonomy":"product_cat","embeddable":true,"href":"https:\/\/mod.wisdar.net\/tr\/wp-json\/wp\/v2\/product_cat?post=87480"},{"taxonomy":"product_tag","embeddable":true,"href":"https:\/\/mod.wisdar.net\/tr\/wp-json\/wp\/v2\/product_tag?post=87480"}],"curies":[{"name":"wp","href":"https:\/\/api.w.org\/{rel}","templated":true}]}}